{"id":19518,"date":"2026-02-17T17:47:26","date_gmt":"2026-02-17T16:47:26","guid":{"rendered":"https:\/\/shop.allure.al\/?post_type=product&#038;p=19518"},"modified":"2026-02-26T00:43:21","modified_gmt":"2026-02-25T23:43:21","slug":"ac-infusion-mask","status":"publish","type":"product","link":"https:\/\/shop.allure.al\/en\/product\/ac-infusion-mask\/","title":{"rendered":"AC Infusion Mask"},"content":{"rendered":"<p>AC Infusion Mask \u00ebsht\u00eb nj\u00eb mask\u00eb e leht\u00eb dhe e rafinuar q\u00eb ofron stabilizimin e pH-s\u00eb s\u00eb l\u00ebkur\u00ebs, duke e sjell\u00eb at\u00eb n\u00eb balanc\u00eb perfekte. E dedikuar p\u00ebr l\u00ebkur\u00eb t\u00eb ndjeshme, e cila shfaq shenja t\u00eb kuqe dhe irritime, kjo mask\u00eb vepron duke qet\u00ebsuar dhe harmonizuar struktur\u00ebn e saj n\u00eb m\u00ebnyr\u00eb t\u00eb but\u00eb por efektive. Pasi thahet, maska duhet t\u00eb lyhet me tonik dhe ta masazhoni me fur\u00e7\u00eb silikoni p\u00ebr nj\u00eb p\u00ebrfitim maksimale\u2014nd\u00ebrsa masazhi nxit qarkullimin e gjakut dhe forcon impaktin e p\u00ebrb\u00ebr\u00ebsve aktiv\u00eb. Tekstura e saj e but\u00eb, ushqyese dhe e hijshme sjell nj\u00eb ndjenj\u00eb relaksi t\u00eb v\u00ebrtet\u00eb, duke gjall\u00ebruar l\u00ebkur\u00ebn dhe duke i dh\u00ebn\u00eb atij nj\u00eb sh\u00ebndet t\u00eb ndritsh\u00ebm, t\u00eb fresht\u00eb dhe t\u00eb ekuilibruar.<\/p>\n","protected":false},"excerpt":{"rendered":"<p>AC Infusion Mask \u00ebsht\u00eb mask\u00eb e leht\u00eb q\u00eb stabilizon pH-n\u00eb, qet\u00ebson shenjat e kuqe dhe irritimet, duke dh\u00ebn\u00eb nj\u00eb l\u00ebkur\u00eb t\u00eb sh\u00ebndetshme dhe t\u00eb ekuilibruar.<\/p>\n","protected":false},"featured_media":19125,"comment_status":"open","ping_status":"closed","template":"","meta":{"_acf_changed":false},"product_cat":[256],"product_tag":[1033,79,85,87],"class_list":{"0":"post-19518","1":"product","2":"type-product","3":"status-publish","4":"has-post-thumbnail","6":"product_cat-maska","7":"product_tag-merikit","8":"product_tag-akneike","9":"product_tag-problematike","10":"product_tag-sensitive","11":"pa_brands-merikit","13":"first","14":"instock","15":"shipping-taxable","16":"purchasable","17":"product-type-simple","swatches":"rey-swatches","show_selected":""},"acf":[],"_links":{"self":[{"href":"https:\/\/shop.allure.al\/en\/wp-json\/wp\/v2\/product\/19518","targetHints":{"allow":["GET"]}}],"collection":[{"href":"https:\/\/shop.allure.al\/en\/wp-json\/wp\/v2\/product"}],"about":[{"href":"https:\/\/shop.allure.al\/en\/wp-json\/wp\/v2\/types\/product"}],"replies":[{"embeddable":true,"href":"https:\/\/shop.allure.al\/en\/wp-json\/wp\/v2\/comments?post=19518"}],"version-history":[{"count":3,"href":"https:\/\/shop.allure.al\/en\/wp-json\/wp\/v2\/product\/19518\/revisions"}],"predecessor-version":[{"id":19858,"href":"https:\/\/shop.allure.al\/en\/wp-json\/wp\/v2\/product\/19518\/revisions\/19858"}],"wp:featuredmedia":[{"embeddable":true,"href":"https:\/\/shop.allure.al\/en\/wp-json\/wp\/v2\/media\/19125"}],"wp:attachment":[{"href":"https:\/\/shop.allure.al\/en\/wp-json\/wp\/v2\/media?parent=19518"}],"wp:term":[{"taxonomy":"product_cat","embeddable":true,"href":"https:\/\/shop.allure.al\/en\/wp-json\/wp\/v2\/product_cat?post=19518"},{"taxonomy":"product_tag","embeddable":true,"href":"https:\/\/shop.allure.al\/en\/wp-json\/wp\/v2\/product_tag?post=19518"}],"curies":[{"name":"wp","href":"https:\/\/api.w.org\/{rel}","templated":true}]}}