{"id":19519,"date":"2026-02-17T17:47:26","date_gmt":"2026-02-17T16:47:26","guid":{"rendered":"https:\/\/shop.allure.al\/?post_type=product&#038;p=19519"},"modified":"2026-02-26T00:43:23","modified_gmt":"2026-02-25T23:43:23","slug":"ac-infusion-serum","status":"publish","type":"product","link":"https:\/\/shop.allure.al\/en\/product\/ac-infusion-serum\/","title":{"rendered":"AC Infusion Serum"},"content":{"rendered":"<p>Merikit AC Infusion Serum \u00ebsht\u00eb nj\u00eb formul\u00eb unike dhe e avancuar kujdesi p\u00ebr l\u00ebkur\u00ebn, krijuar p\u00ebr t\u00eb dh\u00ebn\u00eb rezultate t\u00eb dukshme dhe p\u00ebr nj\u00eb p\u00ebrvoj\u00eb t\u00eb luksit n\u00eb rutin\u00ebn tuaj t\u00eb p\u00ebrditshme. Ky serum \u00ebsht\u00eb nj\u00eb tret\u00ebsir\u00eb e leht\u00eb dhe likuide q\u00eb dep\u00ebrton menj\u00ebher\u00eb n\u00eb shtresat m\u00eb t\u00eb thella t\u00eb l\u00ebkur\u00ebs, duke mund\u00ebsuar p\u00ebrthithje t\u00eb shpejt\u00eb dhe efektivitet maksimal t\u00eb p\u00ebrb\u00ebr\u00ebsve aktiv\u00eb. Me nj\u00eb kombinim t\u00eb fuqish\u00ebm ekstraktesh natyrale, p\u00ebrb\u00ebr\u00ebs anti-inflamator\u00eb dhe hidratues, ai ndihmon n\u00eb qet\u00ebsimin e l\u00ebkur\u00ebs, reduktimin e inflamacionit dhe p\u00ebrmir\u00ebsimin e struktur\u00ebs s\u00eb saj. P\u00ebrdorimi i rregullt i k\u00ebtij serum-i jo vet\u00ebm q\u00eb stabilizon ekuilibrin e l\u00ebkur\u00ebs, por ndihmon gjithashtu n\u00eb uljen e skuqjeve dhe parandalimin e krijimit t\u00eb papast\u00ebrtive t\u00eb reja. P\u00ebrve\u00e7 k\u00ebsaj, formula e tij e leht\u00eb dhe e fresk\u00ebt siguron nj\u00eb ndjesi rehatie dhe frekie q\u00eb zgjat gjat\u00eb gjith\u00eb dit\u00ebs.<\/p>\n","protected":false},"excerpt":{"rendered":"<p>Merikit AC Infusion Serum \u00ebsht\u00eb nj\u00eb tret\u00ebsir\u00eb e leht\u00eb dhe likuide q\u00eb dep\u00ebrton shpejt n\u00eb l\u00ebkur\u00eb, duke ofruar hidratim intensiv, ulje t\u00eb inflamacionit dhe qet\u00ebsim t\u00eb menj\u00ebhersh\u00ebm. Nj\u00eb hap thelb\u00ebsor n\u00eb rutin\u00ebn tuaj t\u00eb kujdesit p\u00ebr nj\u00eb l\u00ebkur\u00eb m\u00eb t\u00eb sh\u00ebndetshme dhe me pamje t\u00eb ekuilibruar.<\/p>\n","protected":false},"featured_media":19092,"comment_status":"open","ping_status":"closed","template":"","meta":{"_acf_changed":false},"product_cat":[254],"product_tag":[79,85,1033],"class_list":{"0":"post-19519","1":"product","2":"type-product","3":"status-publish","4":"has-post-thumbnail","6":"product_cat-serum","7":"product_tag-akneike","8":"product_tag-problematike","9":"product_tag-merikit","10":"pa_brands-merikit","12":"first","13":"instock","14":"shipping-taxable","15":"purchasable","16":"product-type-simple","swatches":"rey-swatches","show_selected":""},"acf":[],"_links":{"self":[{"href":"https:\/\/shop.allure.al\/en\/wp-json\/wp\/v2\/product\/19519","targetHints":{"allow":["GET"]}}],"collection":[{"href":"https:\/\/shop.allure.al\/en\/wp-json\/wp\/v2\/product"}],"about":[{"href":"https:\/\/shop.allure.al\/en\/wp-json\/wp\/v2\/types\/product"}],"replies":[{"embeddable":true,"href":"https:\/\/shop.allure.al\/en\/wp-json\/wp\/v2\/comments?post=19519"}],"version-history":[{"count":3,"href":"https:\/\/shop.allure.al\/en\/wp-json\/wp\/v2\/product\/19519\/revisions"}],"predecessor-version":[{"id":19860,"href":"https:\/\/shop.allure.al\/en\/wp-json\/wp\/v2\/product\/19519\/revisions\/19860"}],"wp:featuredmedia":[{"embeddable":true,"href":"https:\/\/shop.allure.al\/en\/wp-json\/wp\/v2\/media\/19092"}],"wp:attachment":[{"href":"https:\/\/shop.allure.al\/en\/wp-json\/wp\/v2\/media?parent=19519"}],"wp:term":[{"taxonomy":"product_cat","embeddable":true,"href":"https:\/\/shop.allure.al\/en\/wp-json\/wp\/v2\/product_cat?post=19519"},{"taxonomy":"product_tag","embeddable":true,"href":"https:\/\/shop.allure.al\/en\/wp-json\/wp\/v2\/product_tag?post=19519"}],"curies":[{"name":"wp","href":"https:\/\/api.w.org\/{rel}","templated":true}]}}