{"id":19520,"date":"2026-02-17T17:47:26","date_gmt":"2026-02-17T16:47:26","guid":{"rendered":"https:\/\/shop.allure.al\/?post_type=product&#038;p=19520"},"modified":"2026-02-26T00:43:25","modified_gmt":"2026-02-25T23:43:25","slug":"ac-infusion-toner","status":"publish","type":"product","link":"https:\/\/shop.allure.al\/en\/product\/ac-infusion-toner\/","title":{"rendered":"AC Infusion Toner"},"content":{"rendered":"<p>Merikit AC Infusion Toner \u00ebsht\u00eb nj\u00eb tonik i avancuar dhe i leht\u00eb, i krijuar p\u00ebr t\u00eb ofruar kujdes t\u00eb thell\u00eb dhe t\u00eb but\u00eb p\u00ebr l\u00ebkur\u00ebn e ndjeshme, t\u00eb yndyrshme dhe t\u00eb prirur ndaj akneve. Ky tonik revitalizon dhe qet\u00ebson l\u00ebkur\u00ebn, duke e p\u00ebrgatitur at\u00eb p\u00ebr fazat e tjera t\u00eb rutin\u00ebs s\u00eb kujdesit t\u00eb l\u00ebkur\u00ebs. Me nj\u00eb formul\u00eb t\u00eb pasur me p\u00ebrb\u00ebr\u00ebs aktiv\u00eb si uji i kamomilit (i certifikuar Ecocert), ekstrakti i portulak\u00ebs dhe ekstrakti i viskumit, ai ofron hidratim t\u00eb menj\u00ebhersh\u00ebm dhe mbrojtje ndaj faktor\u00ebve t\u00eb jasht\u00ebm. P\u00ebrdorimi i rregullt i k\u00ebtij toniku ndihmon n\u00eb ruajtjen e ekuilibrit t\u00eb l\u00ebkur\u00ebs, duke reduktuar skuqjet dhe duke p\u00ebrmir\u00ebsuar pamjen e saj t\u00eb p\u00ebrgjithshme.<\/p>\n","protected":false},"excerpt":{"rendered":"<p>Merikit AC Infusion Toner \u00ebsht\u00eb nj\u00eb tonik i leht\u00eb dhe revitalizues q\u00eb qet\u00ebson dhe hidraton l\u00ebkur\u00ebn e ndjeshme, duke ofruar nj\u00eb pamje t\u00eb sh\u00ebndetshme dhe t\u00eb balancuar. P\u00ebrdorimi i rregullt ndihmon n\u00eb ruajtjen e ekuilibrit t\u00eb l\u00ebkur\u00ebs dhe p\u00ebrmir\u00ebson pamjen e saj t\u00eb p\u00ebrgjithshme.<\/p>\n","protected":false},"featured_media":19139,"comment_status":"open","ping_status":"closed","template":"","meta":{"_acf_changed":false},"product_cat":[252],"product_tag":[79,85,1033],"class_list":{"0":"post-19520","1":"product","2":"type-product","3":"status-publish","4":"has-post-thumbnail","6":"product_cat-toner","7":"product_tag-akneike","8":"product_tag-problematike","9":"product_tag-merikit","10":"pa_brands-merikit","12":"first","13":"instock","14":"shipping-taxable","15":"purchasable","16":"product-type-simple","swatches":"rey-swatches","show_selected":""},"acf":[],"_links":{"self":[{"href":"https:\/\/shop.allure.al\/en\/wp-json\/wp\/v2\/product\/19520","targetHints":{"allow":["GET"]}}],"collection":[{"href":"https:\/\/shop.allure.al\/en\/wp-json\/wp\/v2\/product"}],"about":[{"href":"https:\/\/shop.allure.al\/en\/wp-json\/wp\/v2\/types\/product"}],"replies":[{"embeddable":true,"href":"https:\/\/shop.allure.al\/en\/wp-json\/wp\/v2\/comments?post=19520"}],"version-history":[{"count":2,"href":"https:\/\/shop.allure.al\/en\/wp-json\/wp\/v2\/product\/19520\/revisions"}],"predecessor-version":[{"id":19865,"href":"https:\/\/shop.allure.al\/en\/wp-json\/wp\/v2\/product\/19520\/revisions\/19865"}],"wp:featuredmedia":[{"embeddable":true,"href":"https:\/\/shop.allure.al\/en\/wp-json\/wp\/v2\/media\/19139"}],"wp:attachment":[{"href":"https:\/\/shop.allure.al\/en\/wp-json\/wp\/v2\/media?parent=19520"}],"wp:term":[{"taxonomy":"product_cat","embeddable":true,"href":"https:\/\/shop.allure.al\/en\/wp-json\/wp\/v2\/product_cat?post=19520"},{"taxonomy":"product_tag","embeddable":true,"href":"https:\/\/shop.allure.al\/en\/wp-json\/wp\/v2\/product_tag?post=19520"}],"curies":[{"name":"wp","href":"https:\/\/api.w.org\/{rel}","templated":true}]}}