{"id":19521,"date":"2026-02-17T17:47:26","date_gmt":"2026-02-17T16:47:26","guid":{"rendered":"https:\/\/shop.allure.al\/?post_type=product&#038;p=19521"},"modified":"2026-02-26T00:42:46","modified_gmt":"2026-02-25T23:42:46","slug":"absolute-care-cream","status":"publish","type":"product","link":"https:\/\/shop.allure.al\/en\/product\/absolute-care-cream\/","title":{"rendered":"Absolute Care Cream"},"content":{"rendered":"<p>Orjade Absolute Care Cream \u00ebsht\u00eb nj\u00eb formul\u00eb e rafinuar rigjeneruese, e krijuar p\u00ebr t\u00eb rikthyer elasticitetin, hidratimin dhe jet\u00ebgjat\u00ebsin\u00eb natyrale t\u00eb l\u00ebkur\u00ebs. E frym\u00ebzuar nga shkenca dermatologjike dhe filozofia e kujdesit t\u00eb but\u00eb, kjo krem\u00eb vepron n\u00eb disa nivele p\u00ebr t\u00eb p\u00ebrforcuar barrier\u00ebn, p\u00ebr t\u00eb zbutur linjat e imta dhe p\u00ebr t\u2019i dh\u00ebn\u00eb l\u00ebkur\u00ebs nj\u00eb tekstur\u00eb m\u00eb t\u00eb l\u00ebmuar dhe t\u00eb ndritshme.<\/p>\n<p>Tekstura e saj e pasur por plot\u00ebsisht e leht\u00eb shtrihet si nj\u00eb velur hidratues, duke i dhuruar l\u00ebkur\u00ebs nj\u00eb ndjesi rehatie t\u00eb menj\u00ebhershme. Formula p\u00ebrmban kolagjen t\u00eb hidrolizuar, peptide rigjeneruese, ceramide mbrojt\u00ebse dhe nj\u00eb p\u00ebrzierje ekstraktesh botanike q\u00eb punojn\u00eb s\u00eb bashku p\u00ebr t\u00eb riparuar barrier\u00ebn dhe p\u00ebr t\u00eb rikthyer densitetin e humbur t\u00eb l\u00ebkur\u00ebs.<br \/>\nAjo ushqen, qet\u00ebson dhe mbron l\u00ebkur\u00ebn nga stresi oksidativ, nd\u00ebrsa stimulon rikuperimin natyral t\u00eb saj gjat\u00eb dit\u00ebs dhe nat\u00ebs.<\/p>\n<p>Absolute Care Cream \u00ebsht\u00eb projektuar p\u00ebr l\u00ebkur\u00eb q\u00eb k\u00ebrkon m\u00eb shum\u00eb: m\u00eb shum\u00eb elasticitet, m\u00eb shum\u00eb hidratim, m\u00eb shum\u00eb shk\u00eblqim. Nj\u00eb krem\u00eb me t\u00eb v\u00ebrtet\u00eb \u201cabsolute\u201d, q\u00eb rikthen but\u00ebsin\u00eb, vitalitetin dhe nj\u00eb ndri\u00e7im t\u00eb sh\u00ebndetsh\u00ebm, t\u00eb q\u00ebndruesh\u00ebm.<\/p>\n","protected":false},"excerpt":{"rendered":"<p>Nj\u00eb krem\u00eb rigjeneruese luksoze e pasuruar me kolagjen t\u00eb hidrolizuar, peptide dhe ceramide, q\u00eb forcon barrier\u00ebn e l\u00ebkur\u00ebs, hidraton thell\u00eb dhe zbut linjat. Rikthen elasticitetin, shk\u00eblqimin dhe qet\u00ebson l\u00ebkur\u00ebn e ndjeshme p\u00ebr nj\u00eb pamje m\u00eb t\u00eb l\u00ebmuar, m\u00eb t\u00eb fort\u00eb dhe m\u00eb t\u00eb sh\u00ebndetshme.<\/p>\n","protected":false},"featured_media":18158,"comment_status":"open","ping_status":"closed","template":"","meta":{"_acf_changed":false},"product_cat":[1418],"product_tag":[1027,1028,84],"class_list":{"0":"post-19521","1":"product","2":"type-product","3":"status-publish","4":"has-post-thumbnail","6":"product_cat-krem","7":"product_tag-orjade","8":"product_tag-cream","9":"product_tag-normale","10":"pa_brands-orjade","12":"first","13":"instock","14":"shipping-taxable","15":"purchasable","16":"product-type-simple","swatches":"rey-swatches","show_selected":""},"acf":[],"_links":{"self":[{"href":"https:\/\/shop.allure.al\/en\/wp-json\/wp\/v2\/product\/19521","targetHints":{"allow":["GET"]}}],"collection":[{"href":"https:\/\/shop.allure.al\/en\/wp-json\/wp\/v2\/product"}],"about":[{"href":"https:\/\/shop.allure.al\/en\/wp-json\/wp\/v2\/types\/product"}],"replies":[{"embeddable":true,"href":"https:\/\/shop.allure.al\/en\/wp-json\/wp\/v2\/comments?post=19521"}],"version-history":[{"count":1,"href":"https:\/\/shop.allure.al\/en\/wp-json\/wp\/v2\/product\/19521\/revisions"}],"predecessor-version":[{"id":19538,"href":"https:\/\/shop.allure.al\/en\/wp-json\/wp\/v2\/product\/19521\/revisions\/19538"}],"wp:featuredmedia":[{"embeddable":true,"href":"https:\/\/shop.allure.al\/en\/wp-json\/wp\/v2\/media\/18158"}],"wp:attachment":[{"href":"https:\/\/shop.allure.al\/en\/wp-json\/wp\/v2\/media?parent=19521"}],"wp:term":[{"taxonomy":"product_cat","embeddable":true,"href":"https:\/\/shop.allure.al\/en\/wp-json\/wp\/v2\/product_cat?post=19521"},{"taxonomy":"product_tag","embeddable":true,"href":"https:\/\/shop.allure.al\/en\/wp-json\/wp\/v2\/product_tag?post=19521"}],"curies":[{"name":"wp","href":"https:\/\/api.w.org\/{rel}","templated":true}]}}