{"id":19522,"date":"2026-02-17T17:47:26","date_gmt":"2026-02-17T16:47:26","guid":{"rendered":"https:\/\/shop.allure.al\/?post_type=product&#038;p=19522"},"modified":"2026-02-26T00:42:21","modified_gmt":"2026-02-25T23:42:21","slug":"ac-infusion-cleansing-gel","status":"publish","type":"product","link":"https:\/\/shop.allure.al\/en\/product\/ac-infusion-cleansing-gel\/","title":{"rendered":"AC Infusion Cleansing Gel"},"content":{"rendered":"<p>Merikit AC Infusion Gel Cleanser \u00ebsht\u00eb nj\u00eb lar\u00ebs ultra-delikat, i krijuar posa\u00e7\u00ebrisht p\u00ebr l\u00ebkurat e ndjeshme, t\u00eb prirura ndaj akneve dhe ato t\u00eb d\u00ebmtuara q\u00eb nuk tolerojn\u00eb pastrues t\u00eb ashp\u00ebr. Formula e tij e avancuar bazohet n\u00eb ujin e kamomilit t\u00eb certifikuar Ecocert, i njohur p\u00ebr efektet e tij antioksiduese dhe anti-inflamatore, duke ofruar nj\u00eb pastrim t\u00eb thell\u00eb pa e d\u00ebmtuar barrier\u00ebn natyrale t\u00eb l\u00ebkur\u00ebs.<\/p>\n<p>Ky xhel pastrues ofron nj\u00eb p\u00ebrvoj\u00eb pastrimi t\u00eb but\u00eb dhe efektiv, duke larguar papast\u00ebrtit\u00eb, yndyr\u00ebn e tep\u00ebrt, pusin e akneve dhe mbetjet e grimit, duke l\u00ebn\u00eb l\u00ebkur\u00ebn t\u00eb fresk\u00ebt dhe t\u00eb balancuar. P\u00ebrb\u00ebr\u00ebsit si ekstrakti i portulak\u00ebs dhe ekstrakti i viskumit ndihmojn\u00eb n\u00eb hidratimin dhe mbrojtjen e l\u00ebkur\u00ebs, duke e b\u00ebr\u00eb k\u00ebt\u00eb produkt t\u00eb p\u00ebrshtatsh\u00ebm p\u00ebr p\u00ebrdorim t\u00eb p\u00ebrditsh\u00ebm n\u00eb rutin\u00ebn e kujdesit t\u00eb l\u00ebkur\u00ebs.<\/p>\n","protected":false},"excerpt":{"rendered":"<p>Nj\u00eb lar\u00ebs xhel ultra-delikat me uj\u00eb kamomili t\u00eb certifikuar Ecocert, i krijuar p\u00ebr l\u00ebkurat e ndjeshme dhe t\u00eb prirura ndaj akneve. Pastron but\u00ebsisht, qet\u00ebson dhe ndihmon n\u00eb stabilizimin e pH-s\u00eb s\u00eb l\u00ebkur\u00ebs, duke l\u00ebn\u00eb nj\u00eb ndjesi frekie dhe balancimi.<\/p>\n","protected":false},"featured_media":19138,"comment_status":"open","ping_status":"closed","template":"","meta":{"_acf_changed":false},"product_cat":[250],"product_tag":[79,85,1033,1034],"class_list":{"0":"post-19522","1":"product","2":"type-product","3":"status-publish","4":"has-post-thumbnail","6":"product_cat-lares","7":"product_tag-akneike","8":"product_tag-problematike","9":"product_tag-merikit","10":"product_tag-lares","11":"pa_brands-merikit","13":"first","14":"instock","15":"shipping-taxable","16":"purchasable","17":"product-type-simple","swatches":"rey-swatches","show_selected":""},"acf":[],"_links":{"self":[{"href":"https:\/\/shop.allure.al\/en\/wp-json\/wp\/v2\/product\/19522","targetHints":{"allow":["GET"]}}],"collection":[{"href":"https:\/\/shop.allure.al\/en\/wp-json\/wp\/v2\/product"}],"about":[{"href":"https:\/\/shop.allure.al\/en\/wp-json\/wp\/v2\/types\/product"}],"replies":[{"embeddable":true,"href":"https:\/\/shop.allure.al\/en\/wp-json\/wp\/v2\/comments?post=19522"}],"version-history":[{"count":3,"href":"https:\/\/shop.allure.al\/en\/wp-json\/wp\/v2\/product\/19522\/revisions"}],"predecessor-version":[{"id":19862,"href":"https:\/\/shop.allure.al\/en\/wp-json\/wp\/v2\/product\/19522\/revisions\/19862"}],"wp:featuredmedia":[{"embeddable":true,"href":"https:\/\/shop.allure.al\/en\/wp-json\/wp\/v2\/media\/19138"}],"wp:attachment":[{"href":"https:\/\/shop.allure.al\/en\/wp-json\/wp\/v2\/media?parent=19522"}],"wp:term":[{"taxonomy":"product_cat","embeddable":true,"href":"https:\/\/shop.allure.al\/en\/wp-json\/wp\/v2\/product_cat?post=19522"},{"taxonomy":"product_tag","embeddable":true,"href":"https:\/\/shop.allure.al\/en\/wp-json\/wp\/v2\/product_tag?post=19522"}],"curies":[{"name":"wp","href":"https:\/\/api.w.org\/{rel}","templated":true}]}}