{"id":19523,"date":"2026-02-17T17:47:26","date_gmt":"2026-02-17T16:47:26","guid":{"rendered":"https:\/\/shop.allure.al\/?post_type=product&#038;p=19523"},"modified":"2026-02-26T00:43:26","modified_gmt":"2026-02-25T23:43:26","slug":"aqua-facial-foam","status":"publish","type":"product","link":"https:\/\/shop.allure.al\/en\/product\/aqua-facial-foam\/","title":{"rendered":"Aqua Facial Foam"},"content":{"rendered":"<p>Merikit Aqua Facial Foam \u00ebsht\u00eb nj\u00eb pastrues i avancuar q\u00eb kombinon fuqin\u00eb e acideve t\u00eb frutave (AHA) me delikates\u00ebn e p\u00ebrb\u00ebr\u00ebsve hidratues p\u00ebr t\u00eb krijuar nj\u00eb ekuilib\u00ebr perfekt midis pastrimit dhe mbrojtjes s\u00eb l\u00ebkur\u00ebs. I formuluar posa\u00e7\u00ebrisht p\u00ebr l\u00ebkurat e prirura ndaj akneve dhe ndjeshm\u00ebris\u00eb, ky foam heq but\u00ebsisht papast\u00ebrtit\u00eb, yndyr\u00ebn e tep\u00ebrt dhe gjurm\u00ebt e make-up-it, duke ndihmuar n\u00eb p\u00ebrtharjen graduale t\u00eb akneve pa shkaktuar tharje apo irritim.<br \/>\nAHA-t\u00eb e frutave nxisin rigjenerimin qelizor dhe p\u00ebrmir\u00ebsojn\u00eb struktur\u00ebn e l\u00ebkur\u00ebs, nd\u00ebrsa kompleksi i p\u00ebrb\u00ebr\u00ebsve hidratues ruan lag\u00ebshtin\u00eb natyrale dhe ndihmon n\u00eb balancimin e pH-s\u00eb. Formula e tij kremoze, q\u00eb shnd\u00ebrrohet n\u00eb shkum\u00eb t\u00eb leht\u00eb, ofron nj\u00eb ndjesi freskie dhe past\u00ebrtie t\u00eb thell\u00eb, duke e l\u00ebn\u00eb l\u00ebkur\u00ebn t\u00eb but\u00eb, t\u00eb qet\u00ebsuar dhe me nj\u00eb shk\u00eblqim t\u00eb sh\u00ebndetsh\u00ebm natyral.<br \/>\nPastrimi me Merikit Aqua Facial Foam nuk \u00ebsht\u00eb vet\u00ebm nj\u00eb hap rutinor \u00ebsht\u00eb nj\u00eb moment kujdesi q\u00eb rikthen ekuilibrin, p\u00ebrmir\u00ebson elasticitetin dhe p\u00ebrgatit l\u00ebkur\u00ebn p\u00ebr p\u00ebrthithjen optimale t\u00eb produkteve t\u00eb m\u00ebtejshme t\u00eb kujdesit.<\/p>\n","protected":false},"excerpt":{"rendered":"<p>Merikit Aqua Facial Foam \u00ebsht\u00eb nj\u00eb pastrues i but\u00eb me AHA natyral q\u00eb ndihmon n\u00eb p\u00ebrtharjen e akneve, heq yndyr\u00ebn e tep\u00ebrt dhe papast\u00ebrtit\u00eb, nd\u00ebrsa ruan hidratimin dhe ekuilibrin e l\u00ebkur\u00ebs. Ideal p\u00ebr l\u00ebkura t\u00eb ndjeshme, ai pastron n\u00eb thell\u00ebsi pa tharje, duke l\u00ebn\u00eb l\u00ebkur\u00ebn t\u00eb fresk\u00ebt, t\u00eb past\u00ebr dhe t\u00eb rigjall\u00ebruar.<\/p>\n","protected":false},"featured_media":19141,"comment_status":"open","ping_status":"closed","template":"","meta":{"_acf_changed":false},"product_cat":[250],"product_tag":[79,1034],"class_list":{"0":"post-19523","1":"product","2":"type-product","3":"status-publish","4":"has-post-thumbnail","6":"product_cat-lares","7":"product_tag-akneike","8":"product_tag-lares","9":"pa_brands-merikit","11":"first","12":"instock","13":"shipping-taxable","14":"purchasable","15":"product-type-simple","swatches":"rey-swatches","show_selected":""},"acf":[],"_links":{"self":[{"href":"https:\/\/shop.allure.al\/en\/wp-json\/wp\/v2\/product\/19523","targetHints":{"allow":["GET"]}}],"collection":[{"href":"https:\/\/shop.allure.al\/en\/wp-json\/wp\/v2\/product"}],"about":[{"href":"https:\/\/shop.allure.al\/en\/wp-json\/wp\/v2\/types\/product"}],"replies":[{"embeddable":true,"href":"https:\/\/shop.allure.al\/en\/wp-json\/wp\/v2\/comments?post=19523"}],"version-history":[{"count":2,"href":"https:\/\/shop.allure.al\/en\/wp-json\/wp\/v2\/product\/19523\/revisions"}],"predecessor-version":[{"id":19756,"href":"https:\/\/shop.allure.al\/en\/wp-json\/wp\/v2\/product\/19523\/revisions\/19756"}],"wp:featuredmedia":[{"embeddable":true,"href":"https:\/\/shop.allure.al\/en\/wp-json\/wp\/v2\/media\/19141"}],"wp:attachment":[{"href":"https:\/\/shop.allure.al\/en\/wp-json\/wp\/v2\/media?parent=19523"}],"wp:term":[{"taxonomy":"product_cat","embeddable":true,"href":"https:\/\/shop.allure.al\/en\/wp-json\/wp\/v2\/product_cat?post=19523"},{"taxonomy":"product_tag","embeddable":true,"href":"https:\/\/shop.allure.al\/en\/wp-json\/wp\/v2\/product_tag?post=19523"}],"curies":[{"name":"wp","href":"https:\/\/api.w.org\/{rel}","templated":true}]}}