{"id":19524,"date":"2026-02-17T17:47:26","date_gmt":"2026-02-17T16:47:26","guid":{"rendered":"https:\/\/shop.allure.al\/?post_type=product&#038;p=19524"},"modified":"2026-02-26T00:43:27","modified_gmt":"2026-02-25T23:43:27","slug":"aqua-memorize-mask","status":"publish","type":"product","link":"https:\/\/shop.allure.al\/en\/product\/aqua-memorize-mask\/","title":{"rendered":"Aqua Memorize Mask"},"content":{"rendered":"<p>Mask\u00eb hidratuese Aqua Memorize Merikit me formul\u00eb t\u00eb pasur natyrale, e formuluar si mask\u00eb nate ose trajtim intensiv javor p\u00ebr t\u00eb gjitha llojet e l\u00ebkur\u00ebs. Beta-glukan ofron hidratim edhe m\u00eb t\u00eb fuqish\u00ebm se acidi hialuronik, nd\u00ebrkoh\u00eb q\u00eb Biosaccharide me veti anti-inflamatore dhe anti-alergene qet\u00ebson l\u00ebkur\u00ebn e ndjeshme. MultiEx BSASM Plus me 7 ekstrakte bimore qet\u00ebson dhe rigjall\u00ebron, nd\u00ebrsa Sodium Hyaluronate ruan struktur\u00ebn qelizore dhe elasticitetin.<\/p>\n","protected":false},"excerpt":{"rendered":"<p>Mask\u00eb hidratuese Aqua Memorize me Beta-glukan dhe 7 ekstrakte bimore. Hidratim intensiv si mask\u00eb lar\u00ebse ose mask\u00eb fjete p\u00ebr t\u00eb gjitha llojet e l\u00ebkur\u00ebs.<\/p>\n","protected":false},"featured_media":19094,"comment_status":"open","ping_status":"closed","template":"","meta":{"_acf_changed":false},"product_cat":[256],"product_tag":[80,84,1033],"class_list":{"0":"post-19524","1":"product","2":"type-product","3":"status-publish","4":"has-post-thumbnail","6":"product_cat-maska","7":"product_tag-e-thate","8":"product_tag-normale","9":"product_tag-merikit","10":"pa_brands-merikit","12":"first","13":"instock","14":"shipping-taxable","15":"purchasable","16":"product-type-simple","swatches":"rey-swatches","show_selected":""},"acf":[],"_links":{"self":[{"href":"https:\/\/shop.allure.al\/en\/wp-json\/wp\/v2\/product\/19524","targetHints":{"allow":["GET"]}}],"collection":[{"href":"https:\/\/shop.allure.al\/en\/wp-json\/wp\/v2\/product"}],"about":[{"href":"https:\/\/shop.allure.al\/en\/wp-json\/wp\/v2\/types\/product"}],"replies":[{"embeddable":true,"href":"https:\/\/shop.allure.al\/en\/wp-json\/wp\/v2\/comments?post=19524"}],"version-history":[{"count":4,"href":"https:\/\/shop.allure.al\/en\/wp-json\/wp\/v2\/product\/19524\/revisions"}],"predecessor-version":[{"id":19820,"href":"https:\/\/shop.allure.al\/en\/wp-json\/wp\/v2\/product\/19524\/revisions\/19820"}],"wp:featuredmedia":[{"embeddable":true,"href":"https:\/\/shop.allure.al\/en\/wp-json\/wp\/v2\/media\/19094"}],"wp:attachment":[{"href":"https:\/\/shop.allure.al\/en\/wp-json\/wp\/v2\/media?parent=19524"}],"wp:term":[{"taxonomy":"product_cat","embeddable":true,"href":"https:\/\/shop.allure.al\/en\/wp-json\/wp\/v2\/product_cat?post=19524"},{"taxonomy":"product_tag","embeddable":true,"href":"https:\/\/shop.allure.al\/en\/wp-json\/wp\/v2\/product_tag?post=19524"}],"curies":[{"name":"wp","href":"https:\/\/api.w.org\/{rel}","templated":true}]}}