{"id":19525,"date":"2026-02-17T17:47:26","date_gmt":"2026-02-17T16:47:26","guid":{"rendered":"https:\/\/shop.allure.al\/?post_type=product&#038;p=19525"},"modified":"2026-02-26T00:43:28","modified_gmt":"2026-02-25T23:43:28","slug":"aqua-moisture-foot-mask","status":"publish","type":"product","link":"https:\/\/shop.allure.al\/en\/product\/aqua-moisture-foot-mask\/","title":{"rendered":"Aqua Moisture Foot Mask"},"content":{"rendered":"<p>Merikit Foot Mask \u00ebsht\u00eb krijuar si nj\u00eb ritual i mir\u00ebfillt\u00eb rikthyes p\u00ebr k\u00ebmb\u00ebt, i frym\u00ebzuar nga estetika premium koreane dhe filozofia e kujdesit t\u00eb kujdessh\u00ebm ndaj barrier\u00ebs s\u00eb l\u00ebkur\u00ebs. Kjo mask\u00eb vepron si nj\u00eb trajtim intensiv n\u00eb sht\u00ebpi, duke hidratuar, zbutur dhe rigjeneruar thell\u00ebsisht l\u00ebkur\u00ebn e ashp\u00ebr t\u00eb shputave, thembrave dhe zonave t\u00eb thata q\u00eb p\u00ebrballen me stres t\u00eb p\u00ebrditsh\u00ebm.<\/p>\n<p>E formuluar me nj\u00eb kompleks unik zbut\u00ebs, shea butter, panthenol, acid hialuronik dhe ceramide q\u00eb forcojn\u00eb barrier\u00ebn, maska i jep k\u00ebmb\u00ebve nj\u00eb ndjesi t\u00eb menj\u00ebhershme komoditeti, elasticiteti dhe but\u00ebsie.<br \/>\nAjo dep\u00ebrton n\u00eb disa shtresa t\u00eb l\u00ebkur\u00ebs p\u00ebr t\u00eb larguar that\u00ebsin\u00eb kronike, p\u00ebr t\u00eb riparuar mikro\u00e7arjet dhe p\u00ebr t\u00eb rikthyer gjall\u00ebrin\u00eb natyrale q\u00eb k\u00ebmb\u00ebt humbin nga presioni, ecja e vazhdueshme dhe k\u00ebpuc\u00ebt e ngushta.<\/p>\n<p>Tekstura e saj e but\u00eb dhe ushqyese e mb\u00ebshtjell k\u00ebmb\u00ebn n\u00eb nj\u00eb ndjesi kuruese, nd\u00ebrsa p\u00ebrb\u00ebr\u00ebsit aktiv\u00eb punojn\u00eb p\u00ebr t\u00eb qet\u00ebsuar irritimin, p\u00ebr t\u00eb reduktuar skuqjen dhe p\u00ebr t\u00eb stabilizuar barrier\u00ebn natyrale. Rezultati \u00ebsht\u00eb nj\u00eb l\u00ebkur\u00eb duksh\u00ebm m\u00eb e zbutur, m\u00eb e ushqyer dhe harmonikisht m\u00eb e sh\u00ebndetshme \u2014 nj\u00eb ndjesi si pas nj\u00eb pedikure profesionale.<\/p>\n","protected":false},"excerpt":{"rendered":"<p>Merikit Foot Mask \u00ebsht\u00eb nj\u00eb mask\u00eb restauruese p\u00ebr k\u00ebmb\u00ebt, e formuluar p\u00ebr t\u00eb zbutur, hidratuar dhe rigjeneruar zonat e thata dhe t\u00eb \u00e7ara. Me Shea Butter, Panthenol, Acid Hialuronik dhe Ceramide, ajo rikthen but\u00ebsin\u00eb, qet\u00ebson irritimet dhe riparon barrier\u00ebn e d\u00ebmtuar t\u00eb l\u00ebkur\u00ebs \u2014 duke l\u00ebn\u00eb shputat t\u00eb l\u00ebmuara, t\u00eb hidratuara dhe t\u00eb rifreskuara.<\/p>\n","protected":false},"featured_media":19031,"comment_status":"open","ping_status":"closed","template":"","meta":{"_acf_changed":false},"product_cat":[256],"product_tag":[80,1033],"class_list":{"0":"post-19525","1":"product","2":"type-product","3":"status-publish","4":"has-post-thumbnail","6":"product_cat-maska","7":"product_tag-e-thate","8":"product_tag-merikit","9":"pa_brands-merikit","11":"first","12":"instock","13":"shipping-taxable","14":"purchasable","15":"product-type-simple","swatches":"rey-swatches","show_selected":""},"acf":[],"_links":{"self":[{"href":"https:\/\/shop.allure.al\/en\/wp-json\/wp\/v2\/product\/19525","targetHints":{"allow":["GET"]}}],"collection":[{"href":"https:\/\/shop.allure.al\/en\/wp-json\/wp\/v2\/product"}],"about":[{"href":"https:\/\/shop.allure.al\/en\/wp-json\/wp\/v2\/types\/product"}],"replies":[{"embeddable":true,"href":"https:\/\/shop.allure.al\/en\/wp-json\/wp\/v2\/comments?post=19525"}],"version-history":[{"count":2,"href":"https:\/\/shop.allure.al\/en\/wp-json\/wp\/v2\/product\/19525\/revisions"}],"predecessor-version":[{"id":19839,"href":"https:\/\/shop.allure.al\/en\/wp-json\/wp\/v2\/product\/19525\/revisions\/19839"}],"wp:featuredmedia":[{"embeddable":true,"href":"https:\/\/shop.allure.al\/en\/wp-json\/wp\/v2\/media\/19031"}],"wp:attachment":[{"href":"https:\/\/shop.allure.al\/en\/wp-json\/wp\/v2\/media?parent=19525"}],"wp:term":[{"taxonomy":"product_cat","embeddable":true,"href":"https:\/\/shop.allure.al\/en\/wp-json\/wp\/v2\/product_cat?post=19525"},{"taxonomy":"product_tag","embeddable":true,"href":"https:\/\/shop.allure.al\/en\/wp-json\/wp\/v2\/product_tag?post=19525"}],"curies":[{"name":"wp","href":"https:\/\/api.w.org\/{rel}","templated":true}]}}