{"id":19526,"date":"2026-02-17T17:47:27","date_gmt":"2026-02-17T16:47:27","guid":{"rendered":"https:\/\/shop.allure.al\/?post_type=product&#038;p=19526"},"modified":"2026-02-26T00:43:17","modified_gmt":"2026-02-25T23:43:17","slug":"aqua-moisture-hand-mask","status":"publish","type":"product","link":"https:\/\/shop.allure.al\/en\/product\/aqua-moisture-hand-mask\/","title":{"rendered":"Aqua Moisture Hand Mask"},"content":{"rendered":"<p>Merikit Hand Mask \u00ebsht\u00eb nj\u00eb terapi rikthyese  p\u00ebr duart, e krijuar p\u00ebr t\u2019i trajtuar ato me t\u00eb nj\u00ebjtin nivel kujdesi si l\u00ebkur\u00ebn e fytyr\u00ebs. Si nj\u00eb rituel i but\u00eb, por jasht\u00ebzakonisht efektiv, maska punon n\u00eb m\u00ebnyr\u00eb inteligjente p\u00ebr t\u00eb ushqyer, rigjeneruar dhe rikthyer elasticitetin e l\u00ebkur\u00ebs \u2014 duke i dh\u00ebn\u00eb duarve nj\u00eb ndjesi m\u00eb t\u00eb but\u00eb, m\u00eb t\u00eb l\u00ebmuar dhe t\u00eb duksh\u00ebm m\u00eb t\u00eb re.<\/p>\n<p>Me nj\u00eb tekstur\u00eb kremoze, t\u00eb m\u00ebndafsht\u00eb, kjo mask\u00eb mb\u00ebshtetet te p\u00ebrb\u00ebr\u00ebsit e avancuar hidratues dhe qet\u00ebsues p\u00ebr t\u00eb rikthyer ekuilibrin lipidik dhe p\u00ebr t\u00eb riparuar barrier\u00ebn e d\u00ebmtuar t\u00eb l\u00ebkur\u00ebs. Kompleksi i saj ushqyes dep\u00ebrton n\u00eb thell\u00ebsi, duke rikthyer lag\u00ebshtin\u00eb e humbur, duke zbutur vijat e im\u00ebta dhe duke reduktuar ashp\u00ebrsin\u00eb e shkaktuar nga larjet e shpeshta, detergjent\u00ebt apo mjedisi i ashp\u00ebr.<\/p>\n<p>E pasuruar me ceramide, panthenol, acid hialuronik, ekstrakte bimore qet\u00ebsuese, dhe vajra rigjenerues, Merikit Hand Mask punon si nj\u00eb \u201cterapi nat\u00ebn von\u00eb\u201d p\u00ebr duart \u2014 duke krijuar nj\u00eb shtres\u00eb mbrojt\u00ebse q\u00eb mbyll hidratimin p\u00ebr or\u00eb t\u00eb t\u00ebra. Duart zgjohen m\u00eb t\u00eb ushqyera, m\u00eb t\u00eb forta dhe me nj\u00eb but\u00ebsi q\u00eb t\u00eb kujton l\u00ebkur\u00ebn e foshnj\u00ebs.<\/p>\n<p> Duar t\u00eb cilat jo vet\u00ebm duken t\u00eb bukura, por q\u00eb ndihen t\u00eb rivitalizuara, te buta.<\/p>\n","protected":false},"excerpt":{"rendered":"<p>Merikit Hand Mask \u00ebsht\u00eb nj\u00eb terapi rikthyese p\u00ebr duart, e formuluar p\u00ebr t\u00eb hidratuar n\u00eb thell\u00ebsi, zbutur vijat e im\u00ebta dhe riparuar barrier\u00ebn e d\u00ebmtuar. Fal\u00eb p\u00ebrb\u00ebr\u00ebsve ushqyes si ceramidet, panthenoli, acid hialuronik dhe ekstraktet bimore, maska rikthen but\u00ebsin\u00eb, elasticitetin dhe ndri\u00e7imin natyral t\u00eb duarve \u2014 p\u00ebr nj\u00eb ndjesi te fresket  dhe m\u00eb t\u00eb l\u00ebmuar.<\/p>\n","protected":false},"featured_media":19032,"comment_status":"open","ping_status":"closed","template":"","meta":{"_acf_changed":false},"product_cat":[256],"product_tag":[80,1033],"class_list":{"0":"post-19526","1":"product","2":"type-product","3":"status-publish","4":"has-post-thumbnail","6":"product_cat-maska","7":"product_tag-e-thate","8":"product_tag-merikit","9":"pa_brands-merikit","11":"first","12":"instock","13":"shipping-taxable","14":"purchasable","15":"product-type-simple","swatches":"rey-swatches","show_selected":""},"acf":[],"_links":{"self":[{"href":"https:\/\/shop.allure.al\/en\/wp-json\/wp\/v2\/product\/19526","targetHints":{"allow":["GET"]}}],"collection":[{"href":"https:\/\/shop.allure.al\/en\/wp-json\/wp\/v2\/product"}],"about":[{"href":"https:\/\/shop.allure.al\/en\/wp-json\/wp\/v2\/types\/product"}],"replies":[{"embeddable":true,"href":"https:\/\/shop.allure.al\/en\/wp-json\/wp\/v2\/comments?post=19526"}],"version-history":[{"count":2,"href":"https:\/\/shop.allure.al\/en\/wp-json\/wp\/v2\/product\/19526\/revisions"}],"predecessor-version":[{"id":19838,"href":"https:\/\/shop.allure.al\/en\/wp-json\/wp\/v2\/product\/19526\/revisions\/19838"}],"wp:featuredmedia":[{"embeddable":true,"href":"https:\/\/shop.allure.al\/en\/wp-json\/wp\/v2\/media\/19032"}],"wp:attachment":[{"href":"https:\/\/shop.allure.al\/en\/wp-json\/wp\/v2\/media?parent=19526"}],"wp:term":[{"taxonomy":"product_cat","embeddable":true,"href":"https:\/\/shop.allure.al\/en\/wp-json\/wp\/v2\/product_cat?post=19526"},{"taxonomy":"product_tag","embeddable":true,"href":"https:\/\/shop.allure.al\/en\/wp-json\/wp\/v2\/product_tag?post=19526"}],"curies":[{"name":"wp","href":"https:\/\/api.w.org\/{rel}","templated":true}]}}