{"id":19527,"date":"2026-02-17T17:47:27","date_gmt":"2026-02-17T16:47:27","guid":{"rendered":"https:\/\/shop.allure.al\/?post_type=product&#038;p=19527"},"modified":"2026-02-26T00:43:18","modified_gmt":"2026-02-25T23:43:18","slug":"aqua-shining-sun-block","status":"publish","type":"product","link":"https:\/\/shop.allure.al\/en\/product\/aqua-shining-sun-block\/","title":{"rendered":"Aqua Shining Sun Block"},"content":{"rendered":"<p>Merikit Aqua Shining SPF \u00ebsht\u00eb nj\u00eb krem inovativ q\u00eb kombinon mbrojtjen efektive nga dielli me nj\u00eb efekt shk\u00eblqimi natyral, duke krijuar nj\u00eb kujdes unik p\u00ebr l\u00ebkur\u00ebn tuaj. Ky produkt \u00ebsht\u00eb krijuar p\u00ebr t\u00eb ofruar mbrojtje ndaj rrezeve UVA dhe UVB, duke ruajtur ekuilibrin dhe hidratimin e l\u00ebkur\u00ebs, nd\u00ebrkoh\u00eb q\u00eb i jep asaj nj\u00eb ndri\u00e7im delikat dhe t\u00eb sh\u00ebndetsh\u00ebm.<\/p>\n<p>Formulimi i tij i avancuar p\u00ebrmban p\u00ebrb\u00ebr\u00ebs q\u00eb ndihmojn\u00eb n\u00eb p\u00ebrmir\u00ebsimin e elasticitetit dhe tonit t\u00eb l\u00ebkur\u00ebs, duke e b\u00ebr\u00eb at\u00eb m\u00eb t\u00eb but\u00eb dhe me pamje rinore. Tekstura e tij e leht\u00eb p\u00ebrthithet shpejt, duke l\u00ebn\u00eb nj\u00eb ndjesi freskie dhe nj\u00eb shk\u00eblqim natyral q\u00eb zgjon bukurin\u00eb e l\u00ebkur\u00ebs. Aqua Shining SPF \u00ebsht\u00eb zgjedhja perfekte p\u00ebr ata q\u00eb k\u00ebrkojn\u00eb nj\u00eb produkt q\u00eb kombinon mbrojtjen, hidratimin dhe ndri\u00e7imin n\u00eb nj\u00eb hap t\u00eb vet\u00ebm.<\/p>\n","protected":false},"excerpt":{"rendered":"<p>Merikit Aqua Shining SPF ofron mbrojtje efektive nga dielli, nd\u00ebrkoh\u00eb q\u00eb l\u00eb l\u00ebkur\u00ebn t\u00eb hidratuar dhe t\u00eb shk\u00eblqyeshme n\u00eb m\u00ebnyr\u00eb natyrale. Me nj\u00eb formul\u00eb t\u00eb leht\u00eb dhe t\u00eb fresk\u00ebt, ky krem kombinon mbrojtjen, hidratimin dhe ndri\u00e7imin p\u00ebr nj\u00eb l\u00ebkur\u00eb t\u00eb sh\u00ebndetshme dhe me shk\u00eblqim.<\/p>\n","protected":false},"featured_media":18117,"comment_status":"open","ping_status":"closed","template":"","meta":{"_acf_changed":false},"product_cat":[258],"product_tag":[84,1033,1061],"class_list":{"0":"post-19527","1":"product","2":"type-product","3":"status-publish","4":"has-post-thumbnail","6":"product_cat-spf","7":"product_tag-normale","8":"product_tag-merikit","9":"product_tag-spf","10":"pa_brands-merikit","12":"first","13":"instock","14":"shipping-taxable","15":"purchasable","16":"product-type-simple","swatches":"rey-swatches","show_selected":""},"acf":[],"_links":{"self":[{"href":"https:\/\/shop.allure.al\/en\/wp-json\/wp\/v2\/product\/19527","targetHints":{"allow":["GET"]}}],"collection":[{"href":"https:\/\/shop.allure.al\/en\/wp-json\/wp\/v2\/product"}],"about":[{"href":"https:\/\/shop.allure.al\/en\/wp-json\/wp\/v2\/types\/product"}],"replies":[{"embeddable":true,"href":"https:\/\/shop.allure.al\/en\/wp-json\/wp\/v2\/comments?post=19527"}],"version-history":[{"count":2,"href":"https:\/\/shop.allure.al\/en\/wp-json\/wp\/v2\/product\/19527\/revisions"}],"predecessor-version":[{"id":19831,"href":"https:\/\/shop.allure.al\/en\/wp-json\/wp\/v2\/product\/19527\/revisions\/19831"}],"wp:featuredmedia":[{"embeddable":true,"href":"https:\/\/shop.allure.al\/en\/wp-json\/wp\/v2\/media\/18117"}],"wp:attachment":[{"href":"https:\/\/shop.allure.al\/en\/wp-json\/wp\/v2\/media?parent=19527"}],"wp:term":[{"taxonomy":"product_cat","embeddable":true,"href":"https:\/\/shop.allure.al\/en\/wp-json\/wp\/v2\/product_cat?post=19527"},{"taxonomy":"product_tag","embeddable":true,"href":"https:\/\/shop.allure.al\/en\/wp-json\/wp\/v2\/product_tag?post=19527"}],"curies":[{"name":"wp","href":"https:\/\/api.w.org\/{rel}","templated":true}]}}