{"id":19529,"date":"2026-02-17T17:47:27","date_gmt":"2026-02-17T16:47:27","guid":{"rendered":"https:\/\/shop.allure.al\/?post_type=product&#038;p=19529"},"modified":"2026-02-26T00:43:19","modified_gmt":"2026-02-25T23:43:19","slug":"bio-cell-essence","status":"publish","type":"product","link":"https:\/\/shop.allure.al\/en\/product\/bio-cell-essence\/","title":{"rendered":"Bio Cell Essence"},"content":{"rendered":"<p>Bio Cell Essence nga Bellmona \u00ebsht\u00eb nj\u00eb formul\u00eb rigjall\u00ebruese e krijuar p\u00ebr t\u00eb mb\u00ebshtetur procesin e rip\u00ebrt\u00ebritjes natyrale t\u00eb l\u00ebkur\u00ebs. Me nj\u00eb tekstur\u00eb t\u00eb leht\u00eb xheli dhe nj\u00eb p\u00ebrzierje t\u00eb fuqishme kolagjeni t\u00eb hidrolizuar dhe ekstraktesh bimore, kjo esenc\u00eb ndihmon n\u00eb reduktimin e shenjave post-akne, zbutjen e skuqjes dhe balancimin e tonit t\u00eb l\u00ebkur\u00ebs. Ekstrakti i rr\u00ebnj\u00ebs s\u00eb licorices ndihmon n\u00eb zbehjen e njollave t\u00eb err\u00ebta, nd\u00ebrsa kalendula dhe tr\u00ebndafili Damask ofrojn\u00eb veprim qet\u00ebsues dhe anti-inflamator. P\u00ebrdorimi i rregullt forcon barrier\u00ebn mbrojt\u00ebse t\u00eb l\u00ebkur\u00ebs, rrit elasticitetin dhe p\u00ebrmir\u00ebson shk\u00eblqimin natyral, duke l\u00ebn\u00eb pas nj\u00eb l\u00ebkur\u00eb m\u00eb t\u00eb past\u00ebr, t\u00eb qet\u00eb dhe vizualisht m\u00eb t\u00eb sh\u00ebndetshme.<\/p>\n","protected":false},"excerpt":{"rendered":"<p>Bio Cell Essence aplikohet fytyre dhe trup redukton shenjat post-akne, zbut skuqjen dhe p\u00ebrmir\u00ebson tonin e l\u00ebkur\u00ebs me nj\u00eb p\u00ebrzierje kolagjeni dhe ekstraktesh bimore rigjall\u00ebruese.<\/p>\n","protected":false},"featured_media":19130,"comment_status":"open","ping_status":"closed","template":"","meta":{"_acf_changed":false},"product_cat":[255],"product_tag":[79,1026],"class_list":{"0":"post-19529","1":"product","2":"type-product","3":"status-publish","4":"has-post-thumbnail","6":"product_cat-esence","7":"product_tag-akneike","8":"product_tag-bellmona","9":"pa_brands-bellmona","11":"first","12":"instock","13":"shipping-taxable","14":"purchasable","15":"product-type-simple","swatches":"rey-swatches","show_selected":""},"acf":[],"_links":{"self":[{"href":"https:\/\/shop.allure.al\/en\/wp-json\/wp\/v2\/product\/19529","targetHints":{"allow":["GET"]}}],"collection":[{"href":"https:\/\/shop.allure.al\/en\/wp-json\/wp\/v2\/product"}],"about":[{"href":"https:\/\/shop.allure.al\/en\/wp-json\/wp\/v2\/types\/product"}],"replies":[{"embeddable":true,"href":"https:\/\/shop.allure.al\/en\/wp-json\/wp\/v2\/comments?post=19529"}],"version-history":[{"count":1,"href":"https:\/\/shop.allure.al\/en\/wp-json\/wp\/v2\/product\/19529\/revisions"}],"predecessor-version":[{"id":19570,"href":"https:\/\/shop.allure.al\/en\/wp-json\/wp\/v2\/product\/19529\/revisions\/19570"}],"wp:featuredmedia":[{"embeddable":true,"href":"https:\/\/shop.allure.al\/en\/wp-json\/wp\/v2\/media\/19130"}],"wp:attachment":[{"href":"https:\/\/shop.allure.al\/en\/wp-json\/wp\/v2\/media?parent=19529"}],"wp:term":[{"taxonomy":"product_cat","embeddable":true,"href":"https:\/\/shop.allure.al\/en\/wp-json\/wp\/v2\/product_cat?post=19529"},{"taxonomy":"product_tag","embeddable":true,"href":"https:\/\/shop.allure.al\/en\/wp-json\/wp\/v2\/product_tag?post=19529"}],"curies":[{"name":"wp","href":"https:\/\/api.w.org\/{rel}","templated":true}]}}