{"id":19530,"date":"2026-02-17T17:47:27","date_gmt":"2026-02-17T16:47:27","guid":{"rendered":"https:\/\/shop.allure.al\/?post_type=product&#038;p=19530"},"modified":"2026-02-26T00:43:20","modified_gmt":"2026-02-25T23:43:20","slug":"bio-signal-essence","status":"publish","type":"product","link":"https:\/\/shop.allure.al\/en\/product\/bio-signal-essence\/","title":{"rendered":"Bio Signal Essence"},"content":{"rendered":"<p>Bellmona Bio Signal Essence \u00ebsht\u00eb nj\u00eb esenc\u00eb luksoze dhe e avancuar, e krijuar p\u00ebr t\u00eb ofruar hidratim t\u00eb thell\u00eb dhe rigjenerim intensiv t\u00eb l\u00ebkur\u00ebs. Formula e saj e pasur p\u00ebrmban p\u00ebrb\u00ebr\u00ebs aktiv\u00eb dhe peptide q\u00eb stimulojn\u00eb rigjenerimin e qelizave, forcojn\u00eb struktur\u00ebn e l\u00ebkur\u00ebs dhe p\u00ebrmir\u00ebsojn\u00eb elasticitetin. Esenca ndihmon n\u00eb rivendosjen e balanc\u00ebs natyrale t\u00eb l\u00ebkur\u00ebs, duke stabilizuar pH-n\u00eb dhe duke ofruar nj\u00eb efekt qet\u00ebsues q\u00eb redukton irritimet. Me p\u00ebrdorim t\u00eb rregullt, ajo p\u00ebrmir\u00ebson tekstur\u00ebn e l\u00ebkur\u00ebs, e b\u00ebn at\u00eb m\u00eb t\u00eb but\u00eb, m\u00eb t\u00eb sh\u00ebndetshme dhe me nj\u00eb shk\u00eblqim rinor. Ky produkt \u00ebsht\u00eb ideal p\u00ebr t\u2019u p\u00ebrdorur si pjes\u00eb e rutin\u00ebs profesionale t\u00eb trajtimeve spa, por edhe p\u00ebr kujdes t\u00eb p\u00ebrditsh\u00ebm n\u00eb sht\u00ebpi.<\/p>\n","protected":false},"excerpt":{"rendered":"<p>Bellmona Bio Signal Essence ofron hidratim t\u00eb thell\u00eb dhe rigjenerim intensiv, p\u00ebrmir\u00ebson elasticitetin dhe struktur\u00ebn e l\u00ebkur\u00ebs, duke e l\u00ebn\u00eb at\u00eb m\u00eb t\u00eb but\u00eb, t\u00eb fresk\u00ebt dhe me shk\u00eblqim natyral.<\/p>\n","protected":false},"featured_media":18052,"comment_status":"open","ping_status":"closed","template":"","meta":{"_acf_changed":false},"product_cat":[255],"product_tag":[1026,82],"class_list":{"0":"post-19530","1":"product","2":"type-product","3":"status-publish","4":"has-post-thumbnail","6":"product_cat-esence","7":"product_tag-bellmona","8":"product_tag-me-rrudha","9":"pa_brands-bellmona","11":"first","12":"instock","13":"shipping-taxable","14":"purchasable","15":"product-type-simple","swatches":"rey-swatches","show_selected":""},"acf":[],"_links":{"self":[{"href":"https:\/\/shop.allure.al\/en\/wp-json\/wp\/v2\/product\/19530","targetHints":{"allow":["GET"]}}],"collection":[{"href":"https:\/\/shop.allure.al\/en\/wp-json\/wp\/v2\/product"}],"about":[{"href":"https:\/\/shop.allure.al\/en\/wp-json\/wp\/v2\/types\/product"}],"replies":[{"embeddable":true,"href":"https:\/\/shop.allure.al\/en\/wp-json\/wp\/v2\/comments?post=19530"}],"version-history":[{"count":1,"href":"https:\/\/shop.allure.al\/en\/wp-json\/wp\/v2\/product\/19530\/revisions"}],"predecessor-version":[{"id":19572,"href":"https:\/\/shop.allure.al\/en\/wp-json\/wp\/v2\/product\/19530\/revisions\/19572"}],"wp:featuredmedia":[{"embeddable":true,"href":"https:\/\/shop.allure.al\/en\/wp-json\/wp\/v2\/media\/18052"}],"wp:attachment":[{"href":"https:\/\/shop.allure.al\/en\/wp-json\/wp\/v2\/media?parent=19530"}],"wp:term":[{"taxonomy":"product_cat","embeddable":true,"href":"https:\/\/shop.allure.al\/en\/wp-json\/wp\/v2\/product_cat?post=19530"},{"taxonomy":"product_tag","embeddable":true,"href":"https:\/\/shop.allure.al\/en\/wp-json\/wp\/v2\/product_tag?post=19530"}],"curies":[{"name":"wp","href":"https:\/\/api.w.org\/{rel}","templated":true}]}}