{"id":19531,"date":"2026-02-17T17:47:27","date_gmt":"2026-02-17T16:47:27","guid":{"rendered":"https:\/\/shop.allure.al\/?post_type=product&#038;p=19531"},"modified":"2026-02-26T00:42:45","modified_gmt":"2026-02-25T23:42:45","slug":"bio-signal-eye-cream","status":"publish","type":"product","link":"https:\/\/shop.allure.al\/en\/product\/bio-signal-eye-cream\/","title":{"rendered":"Bio Signal Eye Cream"},"content":{"rendered":"<p>Bellmona Bio Signal Eye Cream \u00ebsht\u00eb nj\u00eb krem i avancuar p\u00ebr zon\u00ebn e syve, i krijuar p\u00ebr t\u00eb adresuar shenjat e para t\u00eb plakjes dhe lodhjes. Me nj\u00eb formul\u00eb t\u00eb pasur n\u00eb p\u00ebrb\u00ebr\u00ebs aktiv\u00eb, ky krem ndihmon n\u00eb reduktimin e rrudhave dhe linjave t\u00eb holla, duke p\u00ebrmir\u00ebsuar elasticitetin dhe struktur\u00ebn e l\u00ebkur\u00ebs. Ai ofron hidratim t\u00eb thell\u00eb dhe qet\u00ebsim p\u00ebr l\u00ebkur\u00ebn delikate p\u00ebrreth syve, nd\u00ebrsa stabilizon pH-n\u00eb natyral dhe zvog\u00eblon irritimet. P\u00ebrb\u00ebr\u00ebsit e tij ndihmojn\u00eb gjithashtu n\u00eb uljen e tendenc\u00ebs akneike dhe reduktimin e qeskave apo rrath\u00ebve t\u00eb err\u00ebt, duke stimuluar rigjenerimin e qelizave dhe p\u00ebrmir\u00ebsuar qarkullimin. Rezultati \u00ebsht\u00eb nj\u00eb zon\u00eb p\u00ebrreth syve m\u00eb e fresk\u00ebt, e rigjeneruar, me shk\u00eblqim natyral dhe nj\u00eb pamje t\u00eb re dhe t\u00eb sh\u00ebndetshme. Kremi \u00ebsht\u00eb i p\u00ebrshtatsh\u00ebm p\u00ebr p\u00ebrdorim profesional dhe p\u00ebr kujdes t\u00eb p\u00ebrditsh\u00ebm n\u00eb sht\u00ebpi.<\/p>\n","protected":false},"excerpt":{"rendered":"<p>Bellmona Bio Signal Eye Cream hidraton dhe rigjall\u00ebron zon\u00ebn delikate rreth syve, duke reduktuar rrudhat, irritimin dhe qeskat, duke stabilizuar pH-n\u00eb dhe ulur tendenc\u00ebn akneike. L\u00ebkura duket m\u00eb e fresk\u00ebt, elastike dhe me shk\u00eblqim natyral.<\/p>\n","protected":false},"featured_media":18054,"comment_status":"open","ping_status":"closed","template":"","meta":{"_acf_changed":false},"product_cat":[1418],"product_tag":[1026,82],"class_list":{"0":"post-19531","1":"product","2":"type-product","3":"status-publish","4":"has-post-thumbnail","6":"product_cat-krem","7":"product_tag-bellmona","8":"product_tag-me-rrudha","9":"pa_brands-bellmona","11":"first","12":"instock","13":"shipping-taxable","14":"purchasable","15":"product-type-simple","swatches":"rey-swatches","show_selected":""},"acf":[],"_links":{"self":[{"href":"https:\/\/shop.allure.al\/en\/wp-json\/wp\/v2\/product\/19531","targetHints":{"allow":["GET"]}}],"collection":[{"href":"https:\/\/shop.allure.al\/en\/wp-json\/wp\/v2\/product"}],"about":[{"href":"https:\/\/shop.allure.al\/en\/wp-json\/wp\/v2\/types\/product"}],"replies":[{"embeddable":true,"href":"https:\/\/shop.allure.al\/en\/wp-json\/wp\/v2\/comments?post=19531"}],"version-history":[{"count":1,"href":"https:\/\/shop.allure.al\/en\/wp-json\/wp\/v2\/product\/19531\/revisions"}],"predecessor-version":[{"id":19573,"href":"https:\/\/shop.allure.al\/en\/wp-json\/wp\/v2\/product\/19531\/revisions\/19573"}],"wp:featuredmedia":[{"embeddable":true,"href":"https:\/\/shop.allure.al\/en\/wp-json\/wp\/v2\/media\/18054"}],"wp:attachment":[{"href":"https:\/\/shop.allure.al\/en\/wp-json\/wp\/v2\/media?parent=19531"}],"wp:term":[{"taxonomy":"product_cat","embeddable":true,"href":"https:\/\/shop.allure.al\/en\/wp-json\/wp\/v2\/product_cat?post=19531"},{"taxonomy":"product_tag","embeddable":true,"href":"https:\/\/shop.allure.al\/en\/wp-json\/wp\/v2\/product_tag?post=19531"}],"curies":[{"name":"wp","href":"https:\/\/api.w.org\/{rel}","templated":true}]}}