{"id":19534,"date":"2026-02-17T17:47:28","date_gmt":"2026-02-17T16:47:28","guid":{"rendered":"https:\/\/shop.allure.al\/?post_type=product&#038;p=19534"},"modified":"2026-02-26T00:43:16","modified_gmt":"2026-02-25T23:43:16","slug":"bio-signal-fluid-serum","status":"publish","type":"product","link":"https:\/\/shop.allure.al\/en\/product\/bio-signal-fluid-serum\/","title":{"rendered":"Bio Signal Fluid Serum"},"content":{"rendered":"<p>Bio Signal Fluid Serum nga Bellmona \u00ebsht\u00eb nj\u00eb eliksir i avancuar i kujdesit t\u00eb l\u00ebkur\u00ebs, i formuluar me teknologji koreane p\u00ebr t\u00eb rikthyer vitalitetin dhe ekuilibrin natyral t\u00eb epiderm\u00ebs. Ky serum i leht\u00eb, me tekstur\u00eb fluide, p\u00ebrthithet menj\u00ebher\u00eb nga l\u00ebkura, duke e mbushur at\u00eb me hidratim intensiv dhe duke ndihmuar n\u00eb rigjenerimin qelizor. P\u00ebrb\u00ebr\u00ebsit aktiv\u00eb si Polyglutamic Acid, Ekstrakti i Mjaltit, Allantoin dhe Vitamina E punojn\u00eb n\u00eb harmoni p\u00ebr t\u00eb forcuar barrier\u00ebn mbrojt\u00ebse t\u00eb l\u00ebkur\u00ebs, p\u00ebr t\u00eb zbutur irritimet dhe p\u00ebr t\u00eb ulur ndjesin\u00eb e that\u00ebsis\u00eb. Efekti i tij \u00ebsht\u00eb nj\u00eb l\u00ebkur\u00eb duksh\u00ebm m\u00eb e but\u00eb, e fresk\u00ebt dhe me elasticitet t\u00eb p\u00ebrmir\u00ebsuar. Me p\u00ebrdorim t\u00eb rregullt, Bio Signal Fluid Serum ndihmon n\u00eb reduktimin e shenjave t\u00eb lodhjes dhe mosh\u00ebs, duke i dh\u00ebn\u00eb l\u00ebkur\u00ebs nj\u00eb shk\u00eblqim natyral e t\u00eb sh\u00ebndetsh\u00ebm. Ideal si baz\u00eb n\u00ebn kremin ushqyes ose si trajtim i vet\u00ebm p\u00ebr ata q\u00eb k\u00ebrkojn\u00eb nj\u00eb serum t\u00eb fuqish\u00ebm por t\u00eb leht\u00eb n\u00eb ndjesi.<\/p>\n","protected":false},"excerpt":{"rendered":"<p>Bio Signal Fluid Serum \u00ebsht\u00eb nj\u00eb serum i leht\u00eb dhe i avancuar, q\u00eb ofron hidratim t\u00eb thell\u00eb, rigjenerim qelizor dhe p\u00ebrmir\u00ebsim t\u00eb elasticitetit. Me p\u00ebrb\u00ebr\u00ebs si Polyglutamic Acid dhe Ekstrakt Mjalt\u00eb, ai l\u00eb l\u00ebkur\u00ebn t\u00eb but\u00eb, t\u00eb fresk\u00ebt dhe me shk\u00eblqim natyral.<\/p>\n","protected":false},"featured_media":18056,"comment_status":"open","ping_status":"closed","template":"","meta":{"_acf_changed":false},"product_cat":[254],"product_tag":[82,1026],"class_list":{"0":"post-19534","1":"product","2":"type-product","3":"status-publish","4":"has-post-thumbnail","6":"product_cat-serum","7":"product_tag-me-rrudha","8":"product_tag-bellmona","9":"pa_brands-bellmona","11":"first","12":"instock","13":"shipping-taxable","14":"purchasable","15":"product-type-simple","swatches":"rey-swatches","show_selected":""},"acf":[],"_links":{"self":[{"href":"https:\/\/shop.allure.al\/en\/wp-json\/wp\/v2\/product\/19534","targetHints":{"allow":["GET"]}}],"collection":[{"href":"https:\/\/shop.allure.al\/en\/wp-json\/wp\/v2\/product"}],"about":[{"href":"https:\/\/shop.allure.al\/en\/wp-json\/wp\/v2\/types\/product"}],"replies":[{"embeddable":true,"href":"https:\/\/shop.allure.al\/en\/wp-json\/wp\/v2\/comments?post=19534"}],"version-history":[{"count":1,"href":"https:\/\/shop.allure.al\/en\/wp-json\/wp\/v2\/product\/19534\/revisions"}],"predecessor-version":[{"id":19574,"href":"https:\/\/shop.allure.al\/en\/wp-json\/wp\/v2\/product\/19534\/revisions\/19574"}],"wp:featuredmedia":[{"embeddable":true,"href":"https:\/\/shop.allure.al\/en\/wp-json\/wp\/v2\/media\/18056"}],"wp:attachment":[{"href":"https:\/\/shop.allure.al\/en\/wp-json\/wp\/v2\/media?parent=19534"}],"wp:term":[{"taxonomy":"product_cat","embeddable":true,"href":"https:\/\/shop.allure.al\/en\/wp-json\/wp\/v2\/product_cat?post=19534"},{"taxonomy":"product_tag","embeddable":true,"href":"https:\/\/shop.allure.al\/en\/wp-json\/wp\/v2\/product_tag?post=19534"}],"curies":[{"name":"wp","href":"https:\/\/api.w.org\/{rel}","templated":true}]}}