{"id":19535,"date":"2026-02-17T17:47:28","date_gmt":"2026-02-17T16:47:28","guid":{"rendered":"https:\/\/shop.allure.al\/?post_type=product&#038;p=19535"},"modified":"2026-02-26T00:43:15","modified_gmt":"2026-02-25T23:43:15","slug":"bio-signal-mask","status":"publish","type":"product","link":"https:\/\/shop.allure.al\/en\/product\/bio-signal-mask\/","title":{"rendered":"Bio Signal Mask"},"content":{"rendered":"<p>Bellmona Bio Signal Mask \u00ebsht\u00eb nj\u00eb mask\u00eb fytyre me formul\u00eb t\u00eb avancuar, krijuar p\u00ebr t\u00eb rigjall\u00ebruar, hidratuar dhe ushqyer l\u00ebkur\u00ebn n\u00eb thell\u00ebsi. P\u00ebrve\u00e7 hidratimit intensiv dhe rikthimit t\u00eb shk\u00eblqimit natyral, kjo mask\u00eb ndihmon n\u00eb eleminimin e irritimeve dhe qet\u00ebsimin e l\u00ebkur\u00ebs s\u00eb ndjeshme, duke stabilizuar pH-n\u00eb natyral t\u00eb saj. Me p\u00ebrb\u00ebr\u00ebs aktiv\u00eb q\u00eb stimulojn\u00eb rigjenerimin dhe forcojn\u00eb barrier\u00ebn mbrojt\u00ebse, ajo kontribuon n\u00eb uljen e tendenc\u00ebs akneike, duke parandaluar formimin e imperfeksioneve dhe duke p\u00ebrmir\u00ebsuar struktur\u00ebn e l\u00ebkur\u00ebs. Rezultati \u00ebsht\u00eb nj\u00eb fytyr\u00eb m\u00eb e past\u00ebr, m\u00eb e but\u00eb, elastike dhe me nj\u00eb pamje rinore dhe t\u00eb sh\u00ebndetshme. E p\u00ebrshtatshme p\u00ebr p\u00ebrdorim profesional dhe p\u00ebr kujdesin e p\u00ebrditsh\u00ebm n\u00eb sht\u00ebpi.<\/p>\n","protected":false},"excerpt":{"rendered":"<p>Bellmona Bio Signal Mask ofron nj\u00eb trajtim intensiv q\u00eb hidratuar, rigjall\u00ebron dhe qet\u00ebson l\u00ebkur\u00ebn, duke eleminuar irritimet, stabilizuar pH-n\u00eb dhe ulur tendenc\u00ebn akneike. L\u00ebkura mbetet e past\u00ebr, e but\u00eb dhe me shk\u00eblqim natyral.<\/p>\n","protected":false},"featured_media":12800,"comment_status":"open","ping_status":"closed","template":"","meta":{"_acf_changed":false},"product_cat":[256],"product_tag":[82,1026],"class_list":{"0":"post-19535","1":"product","2":"type-product","3":"status-publish","4":"has-post-thumbnail","6":"product_cat-maska","7":"product_tag-me-rrudha","8":"product_tag-bellmona","9":"pa_brands-bellmona","11":"first","12":"instock","13":"shipping-taxable","14":"purchasable","15":"product-type-simple","swatches":"rey-swatches","show_selected":""},"acf":[],"_links":{"self":[{"href":"https:\/\/shop.allure.al\/en\/wp-json\/wp\/v2\/product\/19535","targetHints":{"allow":["GET"]}}],"collection":[{"href":"https:\/\/shop.allure.al\/en\/wp-json\/wp\/v2\/product"}],"about":[{"href":"https:\/\/shop.allure.al\/en\/wp-json\/wp\/v2\/types\/product"}],"replies":[{"embeddable":true,"href":"https:\/\/shop.allure.al\/en\/wp-json\/wp\/v2\/comments?post=19535"}],"version-history":[{"count":1,"href":"https:\/\/shop.allure.al\/en\/wp-json\/wp\/v2\/product\/19535\/revisions"}],"predecessor-version":[{"id":19575,"href":"https:\/\/shop.allure.al\/en\/wp-json\/wp\/v2\/product\/19535\/revisions\/19575"}],"wp:featuredmedia":[{"embeddable":true,"href":"https:\/\/shop.allure.al\/en\/wp-json\/wp\/v2\/media\/12800"}],"wp:attachment":[{"href":"https:\/\/shop.allure.al\/en\/wp-json\/wp\/v2\/media?parent=19535"}],"wp:term":[{"taxonomy":"product_cat","embeddable":true,"href":"https:\/\/shop.allure.al\/en\/wp-json\/wp\/v2\/product_cat?post=19535"},{"taxonomy":"product_tag","embeddable":true,"href":"https:\/\/shop.allure.al\/en\/wp-json\/wp\/v2\/product_tag?post=19535"}],"curies":[{"name":"wp","href":"https:\/\/api.w.org\/{rel}","templated":true}]}}