{"id":19536,"date":"2026-02-17T17:47:28","date_gmt":"2026-02-17T16:47:28","guid":{"rendered":"https:\/\/shop.allure.al\/?post_type=product&#038;p=19536"},"modified":"2026-02-26T00:42:42","modified_gmt":"2026-02-25T23:42:42","slug":"bio-signal-nutrition-cream","status":"publish","type":"product","link":"https:\/\/shop.allure.al\/en\/product\/bio-signal-nutrition-cream\/","title":{"rendered":"Bio Signal Nutrition Cream"},"content":{"rendered":"<p>Bio Signal Nutrition Cream nga Bellmona \u00ebsht\u00eb nj\u00eb krem ushqyes i formuluar posa\u00e7\u00ebrisht p\u00ebr t\u00eb ofruar kujdes intensiv dhe t\u00eb avancuar p\u00ebr l\u00ebkur\u00ebn e that\u00eb, t\u00eb lodhur dhe t\u00eb d\u00ebmtuar. Me nj\u00eb p\u00ebrb\u00ebrje t\u00eb pasur me vajra natyral\u00eb, ceramide dhe peptide, ky krem ndihmon n\u00eb rigjenerimin e l\u00ebkur\u00ebs, forcon barrier\u00ebn mbrojt\u00ebse natyrale dhe siguron hidratim t\u00eb thell\u00eb e afatgjat\u00eb. Formula e tij e avancuar p\u00ebrmir\u00ebson elasticitetin, zbut linjat e holla dhe i jep l\u00ebkur\u00ebs nj\u00eb ndjesi m\u00eb t\u00eb but\u00eb dhe pamje m\u00eb rinore. Duke ofruar ushqim t\u00eb thell\u00eb dhe mbrojtje nga faktor\u00ebt mjedisor\u00eb, Nutrition Cream \u00ebsht\u00eb ideal si p\u00ebr p\u00ebrdorim profesional, ashtu edhe p\u00ebr kujdesin e p\u00ebrditsh\u00ebm n\u00eb sht\u00ebpi, duke rikthyer gjall\u00ebrin\u00eb dhe sh\u00ebndetin natyral t\u00eb l\u00ebkur\u00ebs.<\/p>\n","protected":false},"excerpt":{"rendered":"<p>Bellmona Bio Signal Nutrition Cream ushqen dhe rigjeneron l\u00ebkur\u00ebn e that\u00eb e t\u00eb d\u00ebmtuar, ofron hidratim t\u00eb thell\u00eb dhe p\u00ebrmir\u00ebson elasticitetin, duke e l\u00ebn\u00eb m\u00eb t\u00eb but\u00eb, t\u00eb sh\u00ebndetshme dhe me shk\u00eblqim natyral.<\/p>\n","protected":false},"featured_media":18060,"comment_status":"open","ping_status":"closed","template":"","meta":{"_acf_changed":false},"product_cat":[1418],"product_tag":[82,106,1026],"class_list":{"0":"post-19536","1":"product","2":"type-product","3":"status-publish","4":"has-post-thumbnail","6":"product_cat-krem","7":"product_tag-me-rrudha","8":"product_tag-pa-shkelqim","9":"product_tag-bellmona","10":"pa_brands-bellmona","12":"first","13":"instock","14":"shipping-taxable","15":"purchasable","16":"product-type-simple","swatches":"rey-swatches","show_selected":""},"acf":[],"_links":{"self":[{"href":"https:\/\/shop.allure.al\/en\/wp-json\/wp\/v2\/product\/19536","targetHints":{"allow":["GET"]}}],"collection":[{"href":"https:\/\/shop.allure.al\/en\/wp-json\/wp\/v2\/product"}],"about":[{"href":"https:\/\/shop.allure.al\/en\/wp-json\/wp\/v2\/types\/product"}],"replies":[{"embeddable":true,"href":"https:\/\/shop.allure.al\/en\/wp-json\/wp\/v2\/comments?post=19536"}],"version-history":[{"count":1,"href":"https:\/\/shop.allure.al\/en\/wp-json\/wp\/v2\/product\/19536\/revisions"}],"predecessor-version":[{"id":19578,"href":"https:\/\/shop.allure.al\/en\/wp-json\/wp\/v2\/product\/19536\/revisions\/19578"}],"wp:featuredmedia":[{"embeddable":true,"href":"https:\/\/shop.allure.al\/en\/wp-json\/wp\/v2\/media\/18060"}],"wp:attachment":[{"href":"https:\/\/shop.allure.al\/en\/wp-json\/wp\/v2\/media?parent=19536"}],"wp:term":[{"taxonomy":"product_cat","embeddable":true,"href":"https:\/\/shop.allure.al\/en\/wp-json\/wp\/v2\/product_cat?post=19536"},{"taxonomy":"product_tag","embeddable":true,"href":"https:\/\/shop.allure.al\/en\/wp-json\/wp\/v2\/product_tag?post=19536"}],"curies":[{"name":"wp","href":"https:\/\/api.w.org\/{rel}","templated":true}]}}