{"id":19537,"date":"2026-02-17T17:47:28","date_gmt":"2026-02-17T16:47:28","guid":{"rendered":"https:\/\/shop.allure.al\/product\/7days-miracle-vita20ampoule\/"},"modified":"2026-02-26T00:43:13","modified_gmt":"2026-02-25T23:43:13","slug":"7days-miracle-vita20ampoule","status":"publish","type":"product","link":"https:\/\/shop.allure.al\/en\/product\/7days-miracle-vita20ampoule\/","title":{"rendered":"7Days Miracle Vita20Ampoule"},"content":{"rendered":"<p>Bellmona 7Days Miracle Vita20 Ampoule \u00ebsht\u00eb nj\u00eb kur intensiv 7-ditor me Vitamin\u00eb C 20% dhe ekstrakte aktive. \u00c7do ampul\u00eb ofron nj\u00eb doz\u00eb t\u00eb koncentruar trajtimi p\u00ebr rigjall\u00ebrim maksimal, zbehje njollash dhe forcim t\u00eb elasticitetit. Rezultate t\u00eb dukshme brenda 7 dit\u00ebve t\u00eb para t\u00eb p\u00ebrdorimit.<\/p>\n","protected":false},"excerpt":{"rendered":"<p>Kur intensiv 7-ditor me Vitamin\u00eb C 20% p\u00ebr revitalizim maksimal.<\/p>\n","protected":false},"featured_media":19030,"comment_status":"open","ping_status":"closed","template":"","meta":{"_acf_changed":false},"product_cat":[253],"product_tag":[103,1026,84],"class_list":{"0":"post-19537","1":"product","2":"type-product","3":"status-publish","4":"has-post-thumbnail","6":"product_cat-ampule","7":"product_tag-mikse","8":"product_tag-bellmona","9":"product_tag-normale","10":"pa_brands-merikit","12":"first","13":"instock","14":"shipping-taxable","15":"purchasable","16":"product-type-simple","swatches":"rey-swatches","show_selected":""},"acf":[],"_links":{"self":[{"href":"https:\/\/shop.allure.al\/en\/wp-json\/wp\/v2\/product\/19537","targetHints":{"allow":["GET"]}}],"collection":[{"href":"https:\/\/shop.allure.al\/en\/wp-json\/wp\/v2\/product"}],"about":[{"href":"https:\/\/shop.allure.al\/en\/wp-json\/wp\/v2\/types\/product"}],"replies":[{"embeddable":true,"href":"https:\/\/shop.allure.al\/en\/wp-json\/wp\/v2\/comments?post=19537"}],"version-history":[{"count":2,"href":"https:\/\/shop.allure.al\/en\/wp-json\/wp\/v2\/product\/19537\/revisions"}],"predecessor-version":[{"id":19872,"href":"https:\/\/shop.allure.al\/en\/wp-json\/wp\/v2\/product\/19537\/revisions\/19872"}],"wp:featuredmedia":[{"embeddable":true,"href":"https:\/\/shop.allure.al\/en\/wp-json\/wp\/v2\/media\/19030"}],"wp:attachment":[{"href":"https:\/\/shop.allure.al\/en\/wp-json\/wp\/v2\/media?parent=19537"}],"wp:term":[{"taxonomy":"product_cat","embeddable":true,"href":"https:\/\/shop.allure.al\/en\/wp-json\/wp\/v2\/product_cat?post=19537"},{"taxonomy":"product_tag","embeddable":true,"href":"https:\/\/shop.allure.al\/en\/wp-json\/wp\/v2\/product_tag?post=19537"}],"curies":[{"name":"wp","href":"https:\/\/api.w.org\/{rel}","templated":true}]}}