{"id":19544,"date":"2026-02-17T17:47:35","date_gmt":"2026-02-17T16:47:35","guid":{"rendered":"https:\/\/shop.allure.al\/product\/amante-body-milk\/"},"modified":"2026-02-26T00:42:41","modified_gmt":"2026-02-25T23:42:41","slug":"amante-body-milk","status":"publish","type":"product","link":"https:\/\/shop.allure.al\/en\/product\/amante-body-milk\/","title":{"rendered":"Amante Body Milk"},"content":{"rendered":"<p>Merikit Amante Body Milk \u00ebsht\u00eb nj\u00eb lotion i but\u00eb dhe luksoz p\u00ebr trupin, i krijuar p\u00ebr t\u00eb ofruar hidracion t\u00eb thell\u00eb dhe ushqim t\u00eb q\u00ebndruesh\u00ebm p\u00ebr l\u00ebkur\u00ebn. Me nj\u00eb tekstur\u00eb t\u00eb leht\u00eb dhe t\u00eb ajrosur, ky produkt absorbohet shpejt, duke l\u00ebn\u00eb nj\u00eb ndjesi komforti dhe freskie q\u00eb zgjasin gjat\u00eb gjith\u00eb dit\u00ebs. Formulimi i tij unik p\u00ebrmban p\u00ebrb\u00ebr\u00ebs ushqyes dhe hidratues q\u00eb rivendosin elasticitetin dhe shk\u00eblqimin natyral t\u00eb l\u00ebkur\u00ebs, duke e b\u00ebr\u00eb at\u00eb m\u00eb t\u00eb but\u00eb dhe m\u00eb t\u00eb l\u00ebmuar.<\/p>\n<p>Ky body milk \u00ebsht\u00eb i p\u00ebrshtatsh\u00ebm p\u00ebr t\u00eb gjitha llojet e l\u00ebkur\u00ebs, duke qen\u00eb ve\u00e7an\u00ebrisht i dobish\u00ebm p\u00ebr l\u00ebkur\u00ebn e that\u00eb dhe t\u00eb d\u00ebmtuar. Ai ndihmon n\u00eb rigjenerimin e barrier\u00ebs mbrojt\u00ebse t\u00eb l\u00ebkur\u00ebs, duke e mbajtur at\u00eb t\u00eb hidratuar dhe t\u00eb mbrojtur ndaj ndikimeve t\u00eb mjedisit. Aroma e saj e leht\u00eb dhe e k\u00ebndshme ofron nj\u00eb p\u00ebrvoj\u00eb t\u00eb k\u00ebndshme kujdesi p\u00ebr trupin, duke kthyer \u00e7do aplikim n\u00eb nj\u00eb moment relaksimi dhe mir\u00ebqenieje.<\/p>\n<p>Merikit Amante Body Milk \u00ebsht\u00eb zgjedhja ideale p\u00ebr nj\u00eb l\u00ebkur\u00eb t\u00eb l\u00ebmuar, t\u00eb ushqyer dhe t\u00eb ndri\u00e7uar, duke i dh\u00ebn\u00eb trupit tuaj kujdesin q\u00eb ai meriton \u00e7do dit\u00eb.<\/p>\n","protected":false},"excerpt":{"rendered":"<p>Merikit Amante Body Milk \u00ebsht\u00eb nj\u00eb lotion i leht\u00eb por jasht\u00ebzakonisht ushqyes p\u00ebr trupin, q\u00eb ofron hidratim t\u00eb thell\u00eb, elasticitet dhe nj\u00eb ndjesi but\u00ebsie. Ai rigjall\u00ebron l\u00ebkur\u00ebn, duke i dh\u00ebn\u00eb asaj nj\u00eb shk\u00eblqim natyral dhe nj\u00eb arom\u00eb t\u00eb k\u00ebndshme q\u00eb zgjon shqisat.Poashtu ky krem eshte perfekt per carjen e lekures psh: Duar, kemb.<\/p>\n","protected":false},"featured_media":19140,"comment_status":"open","ping_status":"closed","template":"","meta":{"_acf_changed":false},"product_cat":[1418],"product_tag":[1033,84],"class_list":{"0":"post-19544","1":"product","2":"type-product","3":"status-publish","4":"has-post-thumbnail","6":"product_cat-krem","7":"product_tag-merikit","8":"product_tag-normale","9":"pa_brands-merikit","11":"first","12":"instock","13":"shipping-taxable","14":"purchasable","15":"product-type-simple","swatches":"rey-swatches","show_selected":""},"acf":[],"_links":{"self":[{"href":"https:\/\/shop.allure.al\/en\/wp-json\/wp\/v2\/product\/19544","targetHints":{"allow":["GET"]}}],"collection":[{"href":"https:\/\/shop.allure.al\/en\/wp-json\/wp\/v2\/product"}],"about":[{"href":"https:\/\/shop.allure.al\/en\/wp-json\/wp\/v2\/types\/product"}],"replies":[{"embeddable":true,"href":"https:\/\/shop.allure.al\/en\/wp-json\/wp\/v2\/comments?post=19544"}],"version-history":[{"count":1,"href":"https:\/\/shop.allure.al\/en\/wp-json\/wp\/v2\/product\/19544\/revisions"}],"predecessor-version":[{"id":19836,"href":"https:\/\/shop.allure.al\/en\/wp-json\/wp\/v2\/product\/19544\/revisions\/19836"}],"wp:featuredmedia":[{"embeddable":true,"href":"https:\/\/shop.allure.al\/en\/wp-json\/wp\/v2\/media\/19140"}],"wp:attachment":[{"href":"https:\/\/shop.allure.al\/en\/wp-json\/wp\/v2\/media?parent=19544"}],"wp:term":[{"taxonomy":"product_cat","embeddable":true,"href":"https:\/\/shop.allure.al\/en\/wp-json\/wp\/v2\/product_cat?post=19544"},{"taxonomy":"product_tag","embeddable":true,"href":"https:\/\/shop.allure.al\/en\/wp-json\/wp\/v2\/product_tag?post=19544"}],"curies":[{"name":"wp","href":"https:\/\/api.w.org\/{rel}","templated":true}]}}