{"id":19545,"date":"2026-02-17T17:47:36","date_gmt":"2026-02-17T16:47:36","guid":{"rendered":"https:\/\/shop.allure.al\/product\/aqua-daily-sun-capsule\/"},"modified":"2026-02-26T00:43:12","modified_gmt":"2026-02-25T23:43:12","slug":"aqua-daily-sun-capsule","status":"publish","type":"product","link":"https:\/\/shop.allure.al\/en\/product\/aqua-daily-sun-capsule\/","title":{"rendered":"Aqua Daily Sun Capsule"},"content":{"rendered":"<p>Kapsul\u00eb mbrojt\u00ebse diellore me formul\u00eb ujore Merikit p\u00ebr mbrojtje efektive nga rrezet UVA dhe UVB n\u00eb format inovativ. \u00c7do kapsul\u00eb individuale p\u00ebrmban sasi t\u00eb sakt\u00eb produkti t\u00eb fresk\u00ebt dhe pa konservues t\u00eb shtuar, duke garantuar efektivitetin maksimal t\u00eb mbrojtjes. Formula e leht\u00eb thithet shpejt pa l\u00ebn\u00eb mbetje t\u00eb bardha ose yndyrore, duke siguruar mbrojtje t\u00eb plot\u00eb dhe hidratim t\u00eb vazhduesh\u00ebm. E p\u00ebrshtatshme p\u00ebr t\u00eb gjitha llojet e l\u00ebkur\u00ebs dhe ideal p\u00ebr mbajtje gjat\u00eb udh\u00ebtimit.<\/p>\n","protected":false},"excerpt":{"rendered":"<p>Kapsul\u00eb mbrojt\u00ebse diellore Merikit me formul\u00eb ujore t\u00eb leht\u00eb. Mbrojtje e plot\u00eb UVA\/UVB n\u00eb format praktik nj\u00ebp\u00ebrdorimsh pa konservues.<\/p>\n","protected":false},"featured_media":19067,"comment_status":"open","ping_status":"closed","template":"","meta":{"_acf_changed":false},"product_cat":[258],"product_tag":[84,1033],"class_list":{"0":"post-19545","1":"product","2":"type-product","3":"status-publish","4":"has-post-thumbnail","6":"product_cat-spf","7":"product_tag-normale","8":"product_tag-merikit","9":"pa_brands-merikit","11":"first","12":"instock","13":"shipping-taxable","14":"purchasable","15":"product-type-simple","swatches":"rey-swatches","show_selected":""},"acf":[],"_links":{"self":[{"href":"https:\/\/shop.allure.al\/en\/wp-json\/wp\/v2\/product\/19545","targetHints":{"allow":["GET"]}}],"collection":[{"href":"https:\/\/shop.allure.al\/en\/wp-json\/wp\/v2\/product"}],"about":[{"href":"https:\/\/shop.allure.al\/en\/wp-json\/wp\/v2\/types\/product"}],"replies":[{"embeddable":true,"href":"https:\/\/shop.allure.al\/en\/wp-json\/wp\/v2\/comments?post=19545"}],"version-history":[{"count":2,"href":"https:\/\/shop.allure.al\/en\/wp-json\/wp\/v2\/product\/19545\/revisions"}],"predecessor-version":[{"id":19832,"href":"https:\/\/shop.allure.al\/en\/wp-json\/wp\/v2\/product\/19545\/revisions\/19832"}],"wp:featuredmedia":[{"embeddable":true,"href":"https:\/\/shop.allure.al\/en\/wp-json\/wp\/v2\/media\/19067"}],"wp:attachment":[{"href":"https:\/\/shop.allure.al\/en\/wp-json\/wp\/v2\/media?parent=19545"}],"wp:term":[{"taxonomy":"product_cat","embeddable":true,"href":"https:\/\/shop.allure.al\/en\/wp-json\/wp\/v2\/product_cat?post=19545"},{"taxonomy":"product_tag","embeddable":true,"href":"https:\/\/shop.allure.al\/en\/wp-json\/wp\/v2\/product_tag?post=19545"}],"curies":[{"name":"wp","href":"https:\/\/api.w.org\/{rel}","templated":true}]}}