{"id":19547,"date":"2026-02-17T17:47:38","date_gmt":"2026-02-17T16:47:38","guid":{"rendered":"https:\/\/shop.allure.al\/product\/aqua-memorize-cream\/"},"modified":"2026-02-26T00:42:40","modified_gmt":"2026-02-25T23:42:40","slug":"aqua-memorize-cream","status":"publish","type":"product","link":"https:\/\/shop.allure.al\/en\/product\/aqua-memorize-cream\/","title":{"rendered":"Aqua Memorize Cream"},"content":{"rendered":"<p>Krem hidratues Aqua Memorize Merikit me formul\u00eb t\u00eb leht\u00eb dhe pa mbetje yndyrore, i formuluar p\u00ebr t\u00eb gjitha llojet e l\u00ebkur\u00ebs. Kombinimi i Beta-glukan, Sodium Hyaluronate dhe Biosaccharide ofron hidratim intensiv dhe afatgjat\u00eb, duke mbrojtur struktur\u00ebn e qelizave dhe forcuar barrier\u00ebn e l\u00ebkur\u00ebs. MultiEx BSASM Plus me 7 ekstrakte bimore qet\u00ebson dhe rigjall\u00ebron l\u00ebkur\u00ebn e lodhur, nd\u00ebrkoh\u00eb q\u00eb ekstrakti Deodeok ushqen dhe tonifikon. L\u00ebkura mbetet e but\u00eb, e hidratuar dhe me pamje t\u00eb sh\u00ebndetshme gjat\u00eb gjith\u00eb dit\u00ebs.<\/p>\n","protected":false},"excerpt":{"rendered":"<p>Krem hidratues i leht\u00eb me Beta-glukan, Sodium Hyaluronate dhe 7 ekstrakte bimore. Hidratim intensiv afatgjat\u00eb pa mbetje yndyrore p\u00ebr t\u00eb gjitha llojet e l\u00ebkur\u00ebs.<\/p>\n","protected":false},"featured_media":19093,"comment_status":"open","ping_status":"closed","template":"","meta":{"_acf_changed":false},"product_cat":[1418],"product_tag":[80,84,1033],"class_list":{"0":"post-19547","1":"product","2":"type-product","3":"status-publish","4":"has-post-thumbnail","6":"product_cat-krem","7":"product_tag-e-thate","8":"product_tag-normale","9":"product_tag-merikit","10":"pa_brands-merikit","12":"first","13":"instock","14":"shipping-taxable","15":"purchasable","16":"product-type-simple","swatches":"rey-swatches","show_selected":""},"acf":[],"_links":{"self":[{"href":"https:\/\/shop.allure.al\/en\/wp-json\/wp\/v2\/product\/19547","targetHints":{"allow":["GET"]}}],"collection":[{"href":"https:\/\/shop.allure.al\/en\/wp-json\/wp\/v2\/product"}],"about":[{"href":"https:\/\/shop.allure.al\/en\/wp-json\/wp\/v2\/types\/product"}],"replies":[{"embeddable":true,"href":"https:\/\/shop.allure.al\/en\/wp-json\/wp\/v2\/comments?post=19547"}],"version-history":[{"count":2,"href":"https:\/\/shop.allure.al\/en\/wp-json\/wp\/v2\/product\/19547\/revisions"}],"predecessor-version":[{"id":19819,"href":"https:\/\/shop.allure.al\/en\/wp-json\/wp\/v2\/product\/19547\/revisions\/19819"}],"wp:featuredmedia":[{"embeddable":true,"href":"https:\/\/shop.allure.al\/en\/wp-json\/wp\/v2\/media\/19093"}],"wp:attachment":[{"href":"https:\/\/shop.allure.al\/en\/wp-json\/wp\/v2\/media?parent=19547"}],"wp:term":[{"taxonomy":"product_cat","embeddable":true,"href":"https:\/\/shop.allure.al\/en\/wp-json\/wp\/v2\/product_cat?post=19547"},{"taxonomy":"product_tag","embeddable":true,"href":"https:\/\/shop.allure.al\/en\/wp-json\/wp\/v2\/product_tag?post=19547"}],"curies":[{"name":"wp","href":"https:\/\/api.w.org\/{rel}","templated":true}]}}