{"id":19549,"date":"2026-02-17T17:47:40","date_gmt":"2026-02-17T16:47:40","guid":{"rendered":"https:\/\/shop.allure.al\/product\/aqua-memorize-toner\/"},"modified":"2026-02-26T00:43:35","modified_gmt":"2026-02-25T23:43:35","slug":"aqua-memorize-toner","status":"publish","type":"product","link":"https:\/\/shop.allure.al\/en\/product\/aqua-memorize-toner\/","title":{"rendered":"Aqua Memorize Toner"},"content":{"rendered":"<p>Tonik hidratues Aqua Memorize Merikit me kompleks 7 ekstraktesh bimore (MultiEx BSASM Plus) p\u00ebr hidratim afatgjat\u00eb pa mbetje yndyrore. Beta-glukani ofron hidratim edhe m\u00eb t\u00eb fuqish\u00ebm se acidi hialuronik, nd\u00ebrsa Biosaccharide dhe Sodium Hyaluronate mbajn\u00eb lag\u00ebshtin\u00eb dhe mbrojn\u00eb struktur\u00ebn qelizore. Ekstrakti Deodeok qet\u00ebson dhe rigjall\u00ebron l\u00ebkur\u00ebn e lodhur. Pas aplikimit l\u00ebkura ndjehet e fresk\u00ebt, e hidratuar dhe e gatshme p\u00ebr hapat e m\u00ebtejshme t\u00eb rutin\u00ebs.<\/p>\n","protected":false},"excerpt":{"rendered":"<p>Tonik hidratues me Beta-glukan dhe 7 ekstrakte bimore (MultiEx BSASM Plus). Ofron hidratim intensiv pa mbetje yndyrore p\u00ebr t\u00eb gjitha llojet e l\u00ebkur\u00ebs.<\/p>\n","protected":false},"featured_media":19145,"comment_status":"open","ping_status":"closed","template":"","meta":{"_acf_changed":false},"product_cat":[252],"product_tag":[80,84,103,1033],"class_list":{"0":"post-19549","1":"product","2":"type-product","3":"status-publish","4":"has-post-thumbnail","6":"product_cat-toner","7":"product_tag-e-thate","8":"product_tag-normale","9":"product_tag-mikse","10":"product_tag-merikit","11":"pa_brands-merikit","13":"first","14":"instock","15":"shipping-taxable","16":"purchasable","17":"product-type-simple","swatches":"rey-swatches","show_selected":""},"acf":[],"_links":{"self":[{"href":"https:\/\/shop.allure.al\/en\/wp-json\/wp\/v2\/product\/19549","targetHints":{"allow":["GET"]}}],"collection":[{"href":"https:\/\/shop.allure.al\/en\/wp-json\/wp\/v2\/product"}],"about":[{"href":"https:\/\/shop.allure.al\/en\/wp-json\/wp\/v2\/types\/product"}],"replies":[{"embeddable":true,"href":"https:\/\/shop.allure.al\/en\/wp-json\/wp\/v2\/comments?post=19549"}],"version-history":[{"count":2,"href":"https:\/\/shop.allure.al\/en\/wp-json\/wp\/v2\/product\/19549\/revisions"}],"predecessor-version":[{"id":19818,"href":"https:\/\/shop.allure.al\/en\/wp-json\/wp\/v2\/product\/19549\/revisions\/19818"}],"wp:featuredmedia":[{"embeddable":true,"href":"https:\/\/shop.allure.al\/en\/wp-json\/wp\/v2\/media\/19145"}],"wp:attachment":[{"href":"https:\/\/shop.allure.al\/en\/wp-json\/wp\/v2\/media?parent=19549"}],"wp:term":[{"taxonomy":"product_cat","embeddable":true,"href":"https:\/\/shop.allure.al\/en\/wp-json\/wp\/v2\/product_cat?post=19549"},{"taxonomy":"product_tag","embeddable":true,"href":"https:\/\/shop.allure.al\/en\/wp-json\/wp\/v2\/product_tag?post=19549"}],"curies":[{"name":"wp","href":"https:\/\/api.w.org\/{rel}","templated":true}]}}