{"id":19553,"date":"2026-02-17T17:47:44","date_gmt":"2026-02-17T16:47:44","guid":{"rendered":"https:\/\/shop.allure.al\/product\/aroma-foot-massage-cream\/"},"modified":"2026-02-26T00:42:39","modified_gmt":"2026-02-25T23:42:39","slug":"aroma-foot-massage-cream","status":"publish","type":"product","link":"https:\/\/shop.allure.al\/en\/product\/aroma-foot-massage-cream\/","title":{"rendered":"Aroma Foot Massage Cream"},"content":{"rendered":"<p>Krem masazhi aromatik p\u00ebr k\u00ebmb\u00eb Merikit me formul\u00eb hidratuese dhe qet\u00ebsuese, i ideuar p\u00ebr kujdesin profesional t\u00eb k\u00ebmb\u00ebve t\u00eb lodhura dhe t\u00eb thara. Arom\u00eb e k\u00ebndshme natyrale shoq\u00ebron trajtimin duke ofruar relaksim t\u00eb thell\u00eb, nd\u00ebrsa ingredient\u00ebt aktiv\u00eb hidratuese l\u00ebmojn\u00eb dhe ushqejn\u00eb l\u00ebkur\u00ebn e ashp\u00ebr t\u00eb thembrave dhe shputave. Tekstura e pasur kremoze p\u00ebrhapet leht\u00eb dhe p\u00ebrthithet gradualisht, duke l\u00ebn\u00eb l\u00ebkur\u00ebn t\u00eb but\u00eb, t\u00eb ngjeshur dhe me arom\u00eb t\u00eb fresk\u00ebt. Ideal p\u00ebr sallone, spa dhe refleksologji. Format 500ml p\u00ebr p\u00ebrdorim profesional intensiv.<\/p>\n","protected":false},"excerpt":{"rendered":"<p>Krem masazhi aromatik profesional p\u00ebr k\u00ebmb\u00eb me formul\u00eb hidratuese t\u00eb pasur. L\u00ebmon, ushqen dhe relakson l\u00ebkur\u00ebn e lodhur t\u00eb thembrave dhe shputave.<\/p>\n","protected":false},"featured_media":19142,"comment_status":"open","ping_status":"closed","template":"","meta":{"_acf_changed":false},"product_cat":[1418],"product_tag":[84,1033],"class_list":{"0":"post-19553","1":"product","2":"type-product","3":"status-publish","4":"has-post-thumbnail","6":"product_cat-krem","7":"product_tag-normale","8":"product_tag-merikit","9":"pa_brands-merikit","11":"first","12":"instock","13":"shipping-taxable","14":"purchasable","15":"product-type-simple","swatches":"rey-swatches","show_selected":""},"acf":[],"_links":{"self":[{"href":"https:\/\/shop.allure.al\/en\/wp-json\/wp\/v2\/product\/19553","targetHints":{"allow":["GET"]}}],"collection":[{"href":"https:\/\/shop.allure.al\/en\/wp-json\/wp\/v2\/product"}],"about":[{"href":"https:\/\/shop.allure.al\/en\/wp-json\/wp\/v2\/types\/product"}],"replies":[{"embeddable":true,"href":"https:\/\/shop.allure.al\/en\/wp-json\/wp\/v2\/comments?post=19553"}],"version-history":[{"count":2,"href":"https:\/\/shop.allure.al\/en\/wp-json\/wp\/v2\/product\/19553\/revisions"}],"predecessor-version":[{"id":19821,"href":"https:\/\/shop.allure.al\/en\/wp-json\/wp\/v2\/product\/19553\/revisions\/19821"}],"wp:featuredmedia":[{"embeddable":true,"href":"https:\/\/shop.allure.al\/en\/wp-json\/wp\/v2\/media\/19142"}],"wp:attachment":[{"href":"https:\/\/shop.allure.al\/en\/wp-json\/wp\/v2\/media?parent=19553"}],"wp:term":[{"taxonomy":"product_cat","embeddable":true,"href":"https:\/\/shop.allure.al\/en\/wp-json\/wp\/v2\/product_cat?post=19553"},{"taxonomy":"product_tag","embeddable":true,"href":"https:\/\/shop.allure.al\/en\/wp-json\/wp\/v2\/product_tag?post=19553"}],"curies":[{"name":"wp","href":"https:\/\/api.w.org\/{rel}","templated":true}]}}