{"id":19554,"date":"2026-02-17T17:47:45","date_gmt":"2026-02-17T16:47:45","guid":{"rendered":"https:\/\/shop.allure.al\/product\/azzulene-blue-1000-ampoule\/"},"modified":"2026-02-26T00:43:34","modified_gmt":"2026-02-25T23:43:34","slug":"azzulene-blue-1000-ampoule","status":"publish","type":"product","link":"https:\/\/shop.allure.al\/en\/product\/azzulene-blue-1000-ampoule\/","title":{"rendered":"Azulene Blue 1000 Ampoule"},"content":{"rendered":"<p>Nj\u00eb ampul\u00eb intensive n\u00eb format serum, e krijuar p\u00ebr t\u00eb rikthyer ekuilibrin, hidratimin dhe qet\u00ebsin\u00eb e l\u00ebkur\u00ebs, pavar\u00ebsisht nga tipi i saj. Merikit Azulene Ampoule \u00ebsht\u00eb hapi ideal p\u00ebr t\u00eb trajtuar l\u00ebkurat e dehidratuara, t\u00eb irrituara ose me tendenca dermatitike, duke ofruar nj\u00eb p\u00ebrvoj\u00eb t\u00eb thell\u00eb rigjeneruese dhe qet\u00ebsuese.<\/p>\n","protected":false},"excerpt":{"rendered":"<p>Nj\u00eb ampul\u00eb intensive e formuluar p\u00ebr t\u00eb qet\u00ebsuar, hidratuar dhe stabilizuar l\u00ebkur\u00ebn. Azulene dhe ekstraktet e bimoreve qet\u00ebsojn\u00eb irritimin dhe dehidratimin, nd\u00ebrsa Hyaluronic Acid dhe Panthenol rikthejn\u00eb elasticitetin dhe lag\u00ebshtin\u00eb e thell\u00eb.<\/p>\n","protected":false},"featured_media":19095,"comment_status":"open","ping_status":"closed","template":"","meta":{"_acf_changed":false},"product_cat":[253],"product_tag":[1033,1064,84],"class_list":{"0":"post-19554","1":"product","2":"type-product","3":"status-publish","4":"has-post-thumbnail","6":"product_cat-ampule","7":"product_tag-merikit","8":"product_tag-ampule","9":"product_tag-normale","10":"pa_brands-merikit","12":"first","13":"instock","14":"shipping-taxable","15":"purchasable","16":"product-type-simple","swatches":"rey-swatches","show_selected":""},"acf":[],"_links":{"self":[{"href":"https:\/\/shop.allure.al\/en\/wp-json\/wp\/v2\/product\/19554","targetHints":{"allow":["GET"]}}],"collection":[{"href":"https:\/\/shop.allure.al\/en\/wp-json\/wp\/v2\/product"}],"about":[{"href":"https:\/\/shop.allure.al\/en\/wp-json\/wp\/v2\/types\/product"}],"replies":[{"embeddable":true,"href":"https:\/\/shop.allure.al\/en\/wp-json\/wp\/v2\/comments?post=19554"}],"version-history":[{"count":2,"href":"https:\/\/shop.allure.al\/en\/wp-json\/wp\/v2\/product\/19554\/revisions"}],"predecessor-version":[{"id":19867,"href":"https:\/\/shop.allure.al\/en\/wp-json\/wp\/v2\/product\/19554\/revisions\/19867"}],"wp:featuredmedia":[{"embeddable":true,"href":"https:\/\/shop.allure.al\/en\/wp-json\/wp\/v2\/media\/19095"}],"wp:attachment":[{"href":"https:\/\/shop.allure.al\/en\/wp-json\/wp\/v2\/media?parent=19554"}],"wp:term":[{"taxonomy":"product_cat","embeddable":true,"href":"https:\/\/shop.allure.al\/en\/wp-json\/wp\/v2\/product_cat?post=19554"},{"taxonomy":"product_tag","embeddable":true,"href":"https:\/\/shop.allure.al\/en\/wp-json\/wp\/v2\/product_tag?post=19554"}],"curies":[{"name":"wp","href":"https:\/\/api.w.org\/{rel}","templated":true}]}}