{"id":19556,"date":"2026-02-17T17:47:47","date_gmt":"2026-02-17T16:47:47","guid":{"rendered":"https:\/\/shop.allure.al\/product\/azzulene-blue-1000-toner\/"},"modified":"2026-02-26T00:43:32","modified_gmt":"2026-02-25T23:43:32","slug":"azzulene-blue-1000-toner","status":"publish","type":"product","link":"https:\/\/shop.allure.al\/en\/product\/azzulene-blue-1000-toner\/","title":{"rendered":"Azulene Blue 1000 Toner"},"content":{"rendered":"<p>Nj\u00eb formul\u00eb e krijuar p\u00ebr t\u00eb rikthyer qet\u00ebsin\u00eb, ekuilibrin dhe lag\u00ebshtin\u00eb natyrale t\u00eb l\u00ebkur\u00ebs. Merikit Azulene Toner \u00ebsht\u00eb hapi i par\u00eb esencial n\u00eb \u00e7do rutin\u00eb t\u00eb kujdesit t\u00eb l\u00ebkur\u00ebs \u2014 i formuluar p\u00ebr t\u00eb p\u00ebrgatitur n\u00eb m\u00ebnyr\u00eb t\u00eb p\u00ebrsosur l\u00ebkur\u00ebn p\u00ebr produktet pasardh\u00ebse, duke e b\u00ebr\u00eb m\u00eb t\u00eb receptueshme ndaj serumit dhe kremit.<\/p>\n<p>N\u00eb zem\u00ebr t\u00eb formul\u00ebs q\u00ebndron Azulene, nj\u00eb p\u00ebrb\u00ebr\u00ebs aktiv i nxjerr\u00eb nga vaji i kamomilit, i njohur p\u00ebr vetit\u00eb e tij t\u00eb fuqishme qet\u00ebsuese dhe anti-inflamatore.<\/p>\n","protected":false},"excerpt":{"rendered":"<p>Nj\u00eb toner me efekt qet\u00ebsues dhe hidratuese, i dizenjuar p\u00ebr t\u00eb balancuar dhe p\u00ebrgatitur l\u00ebkur\u00ebn pas pastrimit. Formula p\u00ebrmban Azulene dhe p\u00ebrb\u00ebr\u00ebs t\u00eb tjer\u00eb q\u00eb ndihmojn\u00eb n\u00eb uljen e skuqjes dhe ndjesis\u00eb s\u00eb acarimit.<\/p>\n","protected":false},"featured_media":19126,"comment_status":"open","ping_status":"closed","template":"","meta":{"_acf_changed":false},"product_cat":[252],"product_tag":[84,1033,1071],"class_list":{"0":"post-19556","1":"product","2":"type-product","3":"status-publish","4":"has-post-thumbnail","6":"product_cat-toner","7":"product_tag-normale","8":"product_tag-merikit","9":"product_tag-toner","10":"pa_brands-merikit","12":"first","13":"instock","14":"shipping-taxable","15":"purchasable","16":"product-type-simple","swatches":"rey-swatches","show_selected":""},"acf":[],"_links":{"self":[{"href":"https:\/\/shop.allure.al\/en\/wp-json\/wp\/v2\/product\/19556","targetHints":{"allow":["GET"]}}],"collection":[{"href":"https:\/\/shop.allure.al\/en\/wp-json\/wp\/v2\/product"}],"about":[{"href":"https:\/\/shop.allure.al\/en\/wp-json\/wp\/v2\/types\/product"}],"replies":[{"embeddable":true,"href":"https:\/\/shop.allure.al\/en\/wp-json\/wp\/v2\/comments?post=19556"}],"version-history":[{"count":2,"href":"https:\/\/shop.allure.al\/en\/wp-json\/wp\/v2\/product\/19556\/revisions"}],"predecessor-version":[{"id":19864,"href":"https:\/\/shop.allure.al\/en\/wp-json\/wp\/v2\/product\/19556\/revisions\/19864"}],"wp:featuredmedia":[{"embeddable":true,"href":"https:\/\/shop.allure.al\/en\/wp-json\/wp\/v2\/media\/19126"}],"wp:attachment":[{"href":"https:\/\/shop.allure.al\/en\/wp-json\/wp\/v2\/media?parent=19556"}],"wp:term":[{"taxonomy":"product_cat","embeddable":true,"href":"https:\/\/shop.allure.al\/en\/wp-json\/wp\/v2\/product_cat?post=19556"},{"taxonomy":"product_tag","embeddable":true,"href":"https:\/\/shop.allure.al\/en\/wp-json\/wp\/v2\/product_tag?post=19556"}],"curies":[{"name":"wp","href":"https:\/\/api.w.org\/{rel}","templated":true}]}}