{"id":19557,"date":"2026-02-17T17:47:50","date_gmt":"2026-02-17T16:47:50","guid":{"rendered":"https:\/\/shop.allure.al\/?post_type=product&#038;p=19557"},"modified":"2026-02-26T00:42:34","modified_gmt":"2026-02-25T23:42:34","slug":"c-c-cream","status":"publish","type":"product","link":"https:\/\/shop.allure.al\/en\/product\/c-c-cream\/","title":{"rendered":"C.C Cream"},"content":{"rendered":"<p>Bellmona CC Cream SPF \u00ebsht\u00eb nj\u00eb krem i avancuar ngjyrues q\u00eb kombinon p\u00ebrfitimet e nj\u00eb kujdesi t\u00eb l\u00ebkur\u00ebs me mbrojtjen e lart\u00eb ndaj diellit dhe mbulimin e p\u00ebrsosur t\u00eb tonit t\u00eb fytyr\u00ebs. Me formul\u00ebn e tij t\u00eb ve\u00e7ant\u00eb,  CC Cream jo vet\u00ebm q\u00eb harmonizon pamjen e l\u00ebkur\u00ebs, por gjithashtu siguron mbrojtje t\u00eb fuqishme ndaj rrezeve UVA dhe UVB. Aplikimi i saj rekomandohet mbi plag\u00eb t\u00eb hapura, pas trajtimeve si peeling ose n\u00eb zona me djegie t\u00eb ndryshme, p\u00ebr t\u00eb qet\u00ebsuar dhe mbrojtur l\u00ebkur\u00ebn gjat\u00eb procesit t\u00eb rigjenerimit. Tekstura e saj e leht\u00eb dhe p\u00ebrthith\u00ebse e b\u00ebn t\u00eb p\u00ebrshtatshme p\u00ebr p\u00ebrdorim t\u00eb p\u00ebrditsh\u00ebm, duke ofruar nj\u00eb mbulim natyral dhe nj\u00eb ndjesi rehatie p\u00ebr gjith\u00eb dit\u00ebn. Ky produkt \u00ebsht\u00eb ideal p\u00ebr ata q\u00eb k\u00ebrkojn\u00eb nj\u00eb kombinim t\u00eb efektit terapeutik dhe estetik n\u00eb nj\u00eb hap t\u00eb vet\u00ebm.<\/p>\n","protected":false},"excerpt":{"rendered":"<p>Bellmona CC Cream SPF mbulon n\u00eb m\u00ebnyr\u00eb perfekte tonin e fytyr\u00ebs, ofron mbrojtje nga dielli dhe kujdes intensiv p\u00ebr l\u00ebkur\u00ebn, duke qet\u00ebsuar plag\u00ebt e hapura, pas peeling-ut dhe djegieve t\u00eb ndryshme.<\/p>\n","protected":false},"featured_media":18078,"comment_status":"open","ping_status":"closed","template":"","meta":{"_acf_changed":false},"product_cat":[1418],"product_tag":[84,1026,1061],"class_list":{"0":"post-19557","1":"product","2":"type-product","3":"status-publish","4":"has-post-thumbnail","6":"product_cat-krem","7":"product_tag-normale","8":"product_tag-bellmona","9":"product_tag-spf","10":"pa_brands-bellmona","12":"first","13":"instock","14":"shipping-taxable","15":"purchasable","16":"product-type-simple","swatches":"rey-swatches","show_selected":""},"acf":[],"_links":{"self":[{"href":"https:\/\/shop.allure.al\/en\/wp-json\/wp\/v2\/product\/19557","targetHints":{"allow":["GET"]}}],"collection":[{"href":"https:\/\/shop.allure.al\/en\/wp-json\/wp\/v2\/product"}],"about":[{"href":"https:\/\/shop.allure.al\/en\/wp-json\/wp\/v2\/types\/product"}],"replies":[{"embeddable":true,"href":"https:\/\/shop.allure.al\/en\/wp-json\/wp\/v2\/comments?post=19557"}],"version-history":[{"count":1,"href":"https:\/\/shop.allure.al\/en\/wp-json\/wp\/v2\/product\/19557\/revisions"}],"predecessor-version":[{"id":19582,"href":"https:\/\/shop.allure.al\/en\/wp-json\/wp\/v2\/product\/19557\/revisions\/19582"}],"wp:featuredmedia":[{"embeddable":true,"href":"https:\/\/shop.allure.al\/en\/wp-json\/wp\/v2\/media\/18078"}],"wp:attachment":[{"href":"https:\/\/shop.allure.al\/en\/wp-json\/wp\/v2\/media?parent=19557"}],"wp:term":[{"taxonomy":"product_cat","embeddable":true,"href":"https:\/\/shop.allure.al\/en\/wp-json\/wp\/v2\/product_cat?post=19557"},{"taxonomy":"product_tag","embeddable":true,"href":"https:\/\/shop.allure.al\/en\/wp-json\/wp\/v2\/product_tag?post=19557"}],"curies":[{"name":"wp","href":"https:\/\/api.w.org\/{rel}","templated":true}]}}