{"id":19558,"date":"2026-02-17T17:47:50","date_gmt":"2026-02-17T16:47:50","guid":{"rendered":"https:\/\/shop.allure.al\/?post_type=product&#038;p=19558"},"modified":"2026-02-26T00:42:35","modified_gmt":"2026-02-25T23:42:35","slug":"centella-k-cream","status":"publish","type":"product","link":"https:\/\/shop.allure.al\/en\/product\/centella-k-cream\/","title":{"rendered":"Centella K Cream"},"content":{"rendered":"<p>Ky krem \u2013 Centella K Cream  \u2013 aplikohet ne l\u00ebkur\u00eb t\u00eb ndjeshme, t\u00eb irrituar, t\u00eb d\u00ebmtuar (si pas procedurave estetike) lekura me dermatit(exema etj) ose q\u00eb ka nevoj\u00eb p\u00ebr rigjenerim t\u00eb thell\u00eb. N\u00eb thelb, ai kombinon p\u00ebrb\u00ebr\u00ebs aktiv\u00eb t\u00eb zgjedhur p\u00ebr t\u00eb forcuar barrier\u00ebn e l\u00ebkur\u00ebs, p\u00ebr t\u00eb qet\u00ebsuar inflamacionin dhe p\u00ebr t\u00eb ndihmuar n\u00eb rigjenerimin e zones s\u00eb d\u00ebmtuar. P\u00ebrb\u00ebr\u00ebsit ky\u00e7 p\u00ebrmenden si: ekstrakti i Centella Asiatica (\u2248 3 %) dhe vitamina K3 (menadione).<br \/>\nFormula p\u00ebrshkruhet si \u201call-purpose\u201d p\u00ebr l\u00ebkur\u00eb shum\u00eb t\u00eb that\u00eb, e \u201cl\u00ebmuar\u201d.<\/p>\n","protected":false},"excerpt":{"rendered":"<p>Centella K Cream \u00ebsht\u00eb nj\u00eb krem rigjenerues dhe qet\u00ebsues, krijuar p\u00ebr l\u00ebkur\u00eb t\u00eb ndjeshme, t\u00eb irrituar ose pas trajtimesh estetike (si peele, lazer, microneedling). Ai forcon barrier\u00ebn e l\u00ebkur\u00ebs, qet\u00ebson skuqjet dhe ndihmon n\u00eb rivendosjen e komfortit dhe elasticitetit t\u00eb l\u00ebkur\u00ebs.<\/p>\n","protected":false},"featured_media":19034,"comment_status":"open","ping_status":"closed","template":"","meta":{"_acf_changed":false},"product_cat":[1418],"product_tag":[80,87,1028,1108],"class_list":{"0":"post-19558","1":"product","2":"type-product","3":"status-publish","4":"has-post-thumbnail","6":"product_cat-krem","7":"product_tag-e-thate","8":"product_tag-sensitive","9":"product_tag-cream","10":"product_tag-ronas","11":"pa_brands-ronas","13":"first","14":"instock","15":"shipping-taxable","16":"purchasable","17":"product-type-simple","swatches":"rey-swatches","show_selected":""},"acf":[],"_links":{"self":[{"href":"https:\/\/shop.allure.al\/en\/wp-json\/wp\/v2\/product\/19558","targetHints":{"allow":["GET"]}}],"collection":[{"href":"https:\/\/shop.allure.al\/en\/wp-json\/wp\/v2\/product"}],"about":[{"href":"https:\/\/shop.allure.al\/en\/wp-json\/wp\/v2\/types\/product"}],"replies":[{"embeddable":true,"href":"https:\/\/shop.allure.al\/en\/wp-json\/wp\/v2\/comments?post=19558"}],"version-history":[{"count":1,"href":"https:\/\/shop.allure.al\/en\/wp-json\/wp\/v2\/product\/19558\/revisions"}],"predecessor-version":[{"id":19583,"href":"https:\/\/shop.allure.al\/en\/wp-json\/wp\/v2\/product\/19558\/revisions\/19583"}],"wp:featuredmedia":[{"embeddable":true,"href":"https:\/\/shop.allure.al\/en\/wp-json\/wp\/v2\/media\/19034"}],"wp:attachment":[{"href":"https:\/\/shop.allure.al\/en\/wp-json\/wp\/v2\/media?parent=19558"}],"wp:term":[{"taxonomy":"product_cat","embeddable":true,"href":"https:\/\/shop.allure.al\/en\/wp-json\/wp\/v2\/product_cat?post=19558"},{"taxonomy":"product_tag","embeddable":true,"href":"https:\/\/shop.allure.al\/en\/wp-json\/wp\/v2\/product_tag?post=19558"}],"curies":[{"name":"wp","href":"https:\/\/api.w.org\/{rel}","templated":true}]}}