{"id":19559,"date":"2026-02-17T17:47:50","date_gmt":"2026-02-17T16:47:50","guid":{"rendered":"https:\/\/shop.allure.al\/?post_type=product&#038;p=19559"},"modified":"2026-02-26T00:45:43","modified_gmt":"2026-02-25T23:45:43","slug":"cicapeel-cream-set","status":"publish","type":"product","link":"https:\/\/shop.allure.al\/en\/product\/cicapeel-cream-set\/","title":{"rendered":"CicaPeel Cream Set"},"content":{"rendered":"<p>Merikit Cicapeel Set \u00ebsht\u00eb nj\u00eb terapi eksfoliuese gjith\u00ebp\u00ebrfshir\u00ebse, krijuar p\u00ebr t\u00eb rigjall\u00ebruar dhe transformuar l\u00ebkur\u00ebn n\u00eb m\u00ebnyr\u00eb t\u00eb thell\u00eb. Ky set inovativ kombinon fuqin\u00eb e AHA (Alpha Hydroxy Acids) dhe BHA (Beta Hydroxy Acids) me p\u00ebrb\u00ebr\u00ebs t\u00eb tjer\u00eb qet\u00ebsues dhe rigjenerues, duke ofruar nj\u00eb trajtim gjith\u00ebp\u00ebrfshir\u00ebs p\u00ebr nj\u00eb l\u00ebkur\u00eb t\u00eb sh\u00ebndetshme, t\u00eb past\u00ebr dhe t\u00eb rinovuar.<\/p>\n<p>Formula e tij \u00ebsht\u00eb krijuar p\u00ebr t\u00eb trajtuar nj\u00eb gam\u00eb t\u00eb gjer\u00eb problematikash t\u00eb l\u00ebkur\u00ebs: nga njollat dhe shenjat pas akneve, deri tek aknet aktive, poret e zgjeruara, pikat e zeza dhe rrudhat e sip\u00ebrfaq\u00ebsore. Eksfolimi i kujdessh\u00ebm q\u00eb ofron seti ndihmon n\u00eb largimin e qelizave t\u00eb vdekura, stimulon rigjenerimin e qelizave dhe p\u00ebrmir\u00ebson struktur\u00ebn dhe tonin e l\u00ebkur\u00ebs.<\/p>\n<p>P\u00ebrb\u00ebr\u00ebsit qet\u00ebsues dhe antiinflamator\u00eb n\u00eb formul\u00eb ndihmojn\u00eb n\u00eb stabilizimin e pH-s\u00eb s\u00eb l\u00ebkur\u00ebs dhe reduktojn\u00eb ndjeshm\u00ebrin\u00eb pas trajtimeve eksfoliuese, duke e b\u00ebr\u00eb k\u00ebt\u00eb terapi t\u00eb p\u00ebrshtatshme edhe p\u00ebr l\u00ebkur\u00eb t\u00eb ndjeshme. Rezultati \u00ebsht\u00eb nj\u00eb fytyr\u00eb m\u00eb e past\u00ebr, m\u00eb e l\u00ebmuar, me ton uniform dhe me nj\u00eb shk\u00eblqim t\u00eb sh\u00ebndetsh\u00ebm, si pas nj\u00eb trajtimi profesional n\u00eb klinik\u00eb.<\/p>\n<p>Merikit Cicapeel Set \u00ebsht\u00eb nj\u00eb zgjidhje e fuqishme dhe e sofistikuar p\u00ebr kujdesin profesional dhe personal, q\u00eb transformon pastrimin n\u00eb nj\u00eb p\u00ebrvoj\u00eb luks dhe efektive p\u00ebr t\u00eb gjitha tipet e l\u00ebkur\u00ebs.<\/p>\n","protected":false},"excerpt":{"rendered":"<p>Merikit Cicapeel Set \u00ebsht\u00eb nj\u00eb terapi eksfoliuese me AHA dhe BHA, q\u00eb lufton njollat, aknet aktive, poret e zgjeruara, pikat e zeza dhe rrudhat sip\u00ebrfaq\u00ebsore. Nj\u00eb trajtim i plot\u00eb p\u00ebr nj\u00eb l\u00ebkur\u00eb t\u00eb past\u00ebr, t\u00eb l\u00ebmuar dhe t\u00eb rigjall\u00ebruar.<\/p>\n","protected":false},"featured_media":19050,"comment_status":"open","ping_status":"closed","template":"","meta":{"_acf_changed":false},"product_cat":[1420],"product_tag":[79,87,1033],"class_list":{"0":"post-19559","1":"product","2":"type-product","3":"status-publish","4":"has-post-thumbnail","6":"product_cat-sete","7":"product_tag-akneike","8":"product_tag-sensitive","9":"product_tag-merikit","10":"pa_brands-merikit","12":"first","13":"instock","14":"shipping-taxable","15":"purchasable","16":"product-type-simple","swatches":"rey-swatches","show_selected":""},"acf":[],"_links":{"self":[{"href":"https:\/\/shop.allure.al\/en\/wp-json\/wp\/v2\/product\/19559","targetHints":{"allow":["GET"]}}],"collection":[{"href":"https:\/\/shop.allure.al\/en\/wp-json\/wp\/v2\/product"}],"about":[{"href":"https:\/\/shop.allure.al\/en\/wp-json\/wp\/v2\/types\/product"}],"replies":[{"embeddable":true,"href":"https:\/\/shop.allure.al\/en\/wp-json\/wp\/v2\/comments?post=19559"}],"version-history":[{"count":2,"href":"https:\/\/shop.allure.al\/en\/wp-json\/wp\/v2\/product\/19559\/revisions"}],"predecessor-version":[{"id":19827,"href":"https:\/\/shop.allure.al\/en\/wp-json\/wp\/v2\/product\/19559\/revisions\/19827"}],"wp:featuredmedia":[{"embeddable":true,"href":"https:\/\/shop.allure.al\/en\/wp-json\/wp\/v2\/media\/19050"}],"wp:attachment":[{"href":"https:\/\/shop.allure.al\/en\/wp-json\/wp\/v2\/media?parent=19559"}],"wp:term":[{"taxonomy":"product_cat","embeddable":true,"href":"https:\/\/shop.allure.al\/en\/wp-json\/wp\/v2\/product_cat?post=19559"},{"taxonomy":"product_tag","embeddable":true,"href":"https:\/\/shop.allure.al\/en\/wp-json\/wp\/v2\/product_tag?post=19559"}],"curies":[{"name":"wp","href":"https:\/\/api.w.org\/{rel}","templated":true}]}}