{"id":19560,"date":"2026-02-17T17:47:50","date_gmt":"2026-02-17T16:47:50","guid":{"rendered":"https:\/\/shop.allure.al\/?post_type=product&#038;p=19560"},"modified":"2026-02-26T00:42:38","modified_gmt":"2026-02-25T23:42:38","slug":"cicaperfect-suncream","status":"publish","type":"product","link":"https:\/\/shop.allure.al\/en\/product\/cicaperfect-suncream\/","title":{"rendered":"CicaPerfect SunCream"},"content":{"rendered":"<p>Cica Perfect SPF \u00ebsht\u00eb nj\u00eb krem mbrojt\u00ebs dhe qet\u00ebsues i l\u00ebkur\u00ebs q\u00eb kombinon fuqin\u00eb e nj\u00eb mbrojtjeje t\u00eb avancuar kund\u00ebr rrezeve UVA dhe UVB me p\u00ebrfitimet rigjeneruese t\u00eb ekstraktit t\u00eb Centella Asiatica. I krijuar p\u00ebr t\u2019u kujdesur p\u00ebr l\u00ebkur\u00ebn delikate dhe t\u00eb ndjeshme, ky produkt ofron nj\u00eb mbulim perfekt dhe nj\u00eb kujdes gjith\u00ebp\u00ebrfshir\u00ebs q\u00eb e b\u00ebn ideal p\u00ebr p\u00ebrdorim \u00e7do dit\u00eb.<\/p>\n<p>Formula e tij unike \u00ebsht\u00eb e pasur me p\u00ebrb\u00ebr\u00ebs qet\u00ebsues dhe anti-inflamator\u00eb q\u00eb ndihmojn\u00eb n\u00eb reduktimin e skuqjeve dhe irritimeve, duke stabilizuar pH-n\u00eb natyrale t\u00eb l\u00ebkur\u00ebs. N\u00eb t\u00eb nj\u00ebjt\u00ebn koh\u00eb, Cica Perfect SPF ofron nj\u00eb mbrojtje t\u00eb fuqishme nga efektet d\u00ebmtuese t\u00eb diellit, duke parandaluar plakjen e parakohshme, njollat pigmentare dhe d\u00ebmtimin nga radikalet e lira.<\/p>\n<p>Tekstura e leht\u00eb dhe e but\u00eb absorbohet menj\u00ebher\u00eb, duke ofruar nj\u00eb ndjesi freskie dhe nj\u00eb baz\u00eb t\u00eb p\u00ebrsosur p\u00ebr makijazh. Ky krem \u00ebsht\u00eb m\u00eb shum\u00eb se nj\u00eb mbrojt\u00ebs dielli \u2014 \u00ebsht\u00eb nj\u00eb trajtim i p\u00ebrditsh\u00ebm i l\u00ebkur\u00ebs q\u00eb ushqen, qet\u00ebson dhe mbron n\u00eb t\u00eb nj\u00ebjt\u00ebn koh\u00eb.<\/p>\n<p>Cica Perfect SPF \u00ebsht\u00eb zgjedhja ideale p\u00ebr ata q\u00eb k\u00ebrkojn\u00eb nj\u00eb kombinim t\u00eb luksit, mbrojtjes dhe kujdesit t\u00eb l\u00ebkur\u00ebs n\u00eb nj\u00eb produkt t\u00eb vet\u00ebm.<\/p>\n","protected":false},"excerpt":{"rendered":"<p>Cica Perfect SPF \u00ebsht\u00eb nj\u00eb krem i avancuar mbrojt\u00ebs me Centella Asiatica dhe filtra UVA\/UVB, q\u00eb mbron l\u00ebkur\u00ebn nga d\u00ebmtimet e diellit, qet\u00ebson irritimet dhe rigjall\u00ebron struktur\u00ebn e saj. Nj\u00eb kombinim i p\u00ebrkryer p\u00ebr mbrojtje, kujdes dhe bukuri n\u00eb nj\u00eb hap.<\/p>\n","protected":false},"featured_media":19051,"comment_status":"open","ping_status":"closed","template":"","meta":{"_acf_changed":false},"product_cat":[1418,258],"product_tag":[84,87,1033,1061],"class_list":{"0":"post-19560","1":"product","2":"type-product","3":"status-publish","4":"has-post-thumbnail","6":"product_cat-krem","7":"product_cat-spf","8":"product_tag-normale","9":"product_tag-sensitive","10":"product_tag-merikit","11":"product_tag-spf","12":"pa_brands-merikit","14":"first","15":"instock","16":"shipping-taxable","17":"purchasable","18":"product-type-simple","swatches":"rey-swatches","show_selected":""},"acf":[],"_links":{"self":[{"href":"https:\/\/shop.allure.al\/en\/wp-json\/wp\/v2\/product\/19560","targetHints":{"allow":["GET"]}}],"collection":[{"href":"https:\/\/shop.allure.al\/en\/wp-json\/wp\/v2\/product"}],"about":[{"href":"https:\/\/shop.allure.al\/en\/wp-json\/wp\/v2\/types\/product"}],"replies":[{"embeddable":true,"href":"https:\/\/shop.allure.al\/en\/wp-json\/wp\/v2\/comments?post=19560"}],"version-history":[{"count":2,"href":"https:\/\/shop.allure.al\/en\/wp-json\/wp\/v2\/product\/19560\/revisions"}],"predecessor-version":[{"id":19828,"href":"https:\/\/shop.allure.al\/en\/wp-json\/wp\/v2\/product\/19560\/revisions\/19828"}],"wp:featuredmedia":[{"embeddable":true,"href":"https:\/\/shop.allure.al\/en\/wp-json\/wp\/v2\/media\/19051"}],"wp:attachment":[{"href":"https:\/\/shop.allure.al\/en\/wp-json\/wp\/v2\/media?parent=19560"}],"wp:term":[{"taxonomy":"product_cat","embeddable":true,"href":"https:\/\/shop.allure.al\/en\/wp-json\/wp\/v2\/product_cat?post=19560"},{"taxonomy":"product_tag","embeddable":true,"href":"https:\/\/shop.allure.al\/en\/wp-json\/wp\/v2\/product_tag?post=19560"}],"curies":[{"name":"wp","href":"https:\/\/api.w.org\/{rel}","templated":true}]}}