{"id":19561,"date":"2026-02-17T17:47:51","date_gmt":"2026-02-17T16:47:51","guid":{"rendered":"https:\/\/shop.allure.al\/?post_type=product&#038;p=19561"},"modified":"2026-02-26T00:43:27","modified_gmt":"2026-02-25T23:43:27","slug":"clair-marine-source","status":"publish","type":"product","link":"https:\/\/shop.allure.al\/en\/product\/clair-marine-source\/","title":{"rendered":"Clair Marine Source"},"content":{"rendered":"<p>Clair Marine Source \u00ebsht\u00eb nj\u00eb serum i avancuar, i frym\u00ebzuar nga fuqia rigjeneruese e detit. Me nj\u00eb p\u00ebrqendrim unik t\u00eb ekstrakteve t\u00eb algave detare dhe komplekseve minerale,  ndihmon n\u00eb rigjenerimin qelizor, p\u00ebrmir\u00ebsimin e elasticitetit dhe rikthimin e vitalitetit t\u00eb l\u00ebkur\u00ebs s\u00eb lodhur.<\/p>\n<p>Formula \u00ebsht\u00eb e pasuruar me acid hialuronik p\u00ebr hidratim t\u00eb thell\u00eb, nd\u00ebrsa niacinamide dhe algae extract punojn\u00eb s\u00eb bashku p\u00ebr t\u00eb qet\u00ebsuar irritimet, p\u00ebr t\u00eb barazuar tonin e l\u00ebkur\u00ebs dhe p\u00ebr t\u00eb reduktuar shenjat e stresit oksidativ. Antioksidant\u00ebt detar\u00eb krijojn\u00eb nj\u00eb mburoj\u00eb natyrale kund\u00ebr agresor\u00ebve t\u00eb mjedisit, duke ndihmuar n\u00eb parandalimin e plakjes s\u00eb parakohshme.<\/p>\n<p>Ky serum ka nj\u00eb tekstur\u00eb t\u00eb leht\u00eb dhe p\u00ebrthithet menj\u00ebher\u00eb, duke e l\u00ebn\u00eb l\u00ebkur\u00ebn t\u00eb ndri\u00e7uar, t\u00eb fresk\u00ebt dhe me nj\u00eb ndjesi t\u00eb gjall\u00ebruar. Clair Marine Source \u00ebsht\u00eb ideal p\u00ebr ata q\u00eb k\u00ebrkojn\u00eb rigjall\u00ebrim, ndri\u00e7im dhe ekuilib\u00ebr t\u00eb l\u00ebkur\u00ebs s\u00eb ndjeshme dhe t\u00eb stresuar.<\/p>\n","protected":false},"excerpt":{"rendered":"<p>Nj\u00eb serum detar i pasur me ekstrakte algash dhe niacinamide, q\u00eb rigjeneron, ndri\u00e7on dhe forcon l\u00ebkur\u00ebn. Clair Marine Source ofron hidratim t\u00eb thell\u00eb dhe mbrojtje antioksidante, duke l\u00ebn\u00eb l\u00ebkur\u00ebn t\u00eb fresk\u00ebt dhe t\u00eb gjall\u00ebruar.<\/p>\n","protected":false},"featured_media":19089,"comment_status":"open","ping_status":"closed","template":"","meta":{"_acf_changed":false},"product_cat":[254],"product_tag":[82,1026,1064],"class_list":{"0":"post-19561","1":"product","2":"type-product","3":"status-publish","4":"has-post-thumbnail","6":"product_cat-serum","7":"product_tag-me-rrudha","8":"product_tag-bellmona","9":"product_tag-ampule","10":"pa_brands-bellmona","12":"first","13":"instock","14":"shipping-taxable","15":"purchasable","16":"product-type-simple","swatches":"rey-swatches","show_selected":""},"acf":[],"_links":{"self":[{"href":"https:\/\/shop.allure.al\/en\/wp-json\/wp\/v2\/product\/19561","targetHints":{"allow":["GET"]}}],"collection":[{"href":"https:\/\/shop.allure.al\/en\/wp-json\/wp\/v2\/product"}],"about":[{"href":"https:\/\/shop.allure.al\/en\/wp-json\/wp\/v2\/types\/product"}],"replies":[{"embeddable":true,"href":"https:\/\/shop.allure.al\/en\/wp-json\/wp\/v2\/comments?post=19561"}],"version-history":[{"count":1,"href":"https:\/\/shop.allure.al\/en\/wp-json\/wp\/v2\/product\/19561\/revisions"}],"predecessor-version":[{"id":19587,"href":"https:\/\/shop.allure.al\/en\/wp-json\/wp\/v2\/product\/19561\/revisions\/19587"}],"wp:featuredmedia":[{"embeddable":true,"href":"https:\/\/shop.allure.al\/en\/wp-json\/wp\/v2\/media\/19089"}],"wp:attachment":[{"href":"https:\/\/shop.allure.al\/en\/wp-json\/wp\/v2\/media?parent=19561"}],"wp:term":[{"taxonomy":"product_cat","embeddable":true,"href":"https:\/\/shop.allure.al\/en\/wp-json\/wp\/v2\/product_cat?post=19561"},{"taxonomy":"product_tag","embeddable":true,"href":"https:\/\/shop.allure.al\/en\/wp-json\/wp\/v2\/product_tag?post=19561"}],"curies":[{"name":"wp","href":"https:\/\/api.w.org\/{rel}","templated":true}]}}