{"id":19562,"date":"2026-02-17T17:47:51","date_gmt":"2026-02-17T16:47:51","guid":{"rendered":"https:\/\/shop.allure.al\/?post_type=product&#038;p=19562"},"modified":"2026-02-26T00:43:28","modified_gmt":"2026-02-25T23:43:28","slug":"clair-whitening-source","status":"publish","type":"product","link":"https:\/\/shop.allure.al\/en\/product\/clair-whitening-source\/","title":{"rendered":"Clair Whitening Source"},"content":{"rendered":"<p>Clair Deep Whitening Source nga Bellmona \u00ebsht\u00eb nj\u00eb serum ekskluziv zbardhues q\u00eb sjell eleganc\u00eb dhe shk\u00eblqim n\u00eb rutin\u00ebn tuaj t\u00eb kujdesit p\u00ebr l\u00ebkur\u00ebn. Me formul\u00ebn e pasuruar me niacinamide dhe alpha-bisabolol, ky produkt punon p\u00ebr t\u00eb reduktuar pigmentimin, zbehur njollat e err\u00ebta dhe p\u00ebr t\u00eb unifikuar tonin e l\u00ebkur\u00ebs. Ekstrakti i kultur\u00ebs s\u00eb kallusit t\u00eb \u00e7ajit jeshil kontribuon n\u00eb rigjenerimin celular dhe forcon elasticitetin, duke ju dh\u00ebn\u00eb fytyr\u00ebs nj\u00eb pamje m\u00eb t\u00eb ndritshme dhe t\u00eb sh\u00ebndetshme. Tekstura e tij leht\u00eb absorbohet dhe l\u00eb l\u00ebkur\u00ebn t\u00eb ndjehet e hidratuar dhe e qet\u00eb, pa pesh\u00eb ose ndjesi t\u00eb that\u00ebsis\u00eb. P\u00ebrdoreni n\u00eb m\u00ebngjes dhe n\u00eb mbr\u00ebmje, si serum ose trajtim profesional, p\u00ebr nj\u00eb efekt q\u00eb duket dhe ndjehet \u2014 Clair Deep Whitening Source \u00ebsht\u00eb zgjedhja perfekte p\u00ebr ata q\u00eb duan nj\u00eb fytyr\u00eb me pamje t\u00eb zhveshur, t\u00eb ndritshme dhe pa shenja pigmentimi.<\/p>\n","protected":false},"excerpt":{"rendered":"<p>Nj\u00eb serum i avancuar zbardhues dhe rigjenerues me niacinamide, alpha-bisabolol dhe ekstrakte bimore, q\u00eb zbeh njollat pigmentare, ndri\u00e7on dhe qet\u00ebson l\u00ebkur\u00ebn. Clair Deep Whitening Source forcon barrier\u00ebn mbrojt\u00ebse, jep elasticitet dhe mund t\u00eb aplikohet edhe me dermapen apo teknologji estetike p\u00ebr rezultate maksimale.<\/p>\n","protected":false},"featured_media":19090,"comment_status":"open","ping_status":"closed","template":"","meta":{"_acf_changed":false},"product_cat":[254],"product_tag":[84,1026,1064],"class_list":{"0":"post-19562","1":"product","2":"type-product","3":"status-publish","4":"has-post-thumbnail","6":"product_cat-serum","7":"product_tag-normale","8":"product_tag-bellmona","9":"product_tag-ampule","10":"pa_brands-bellmona","12":"first","13":"instock","14":"shipping-taxable","15":"purchasable","16":"product-type-simple","swatches":"rey-swatches","show_selected":""},"acf":[],"_links":{"self":[{"href":"https:\/\/shop.allure.al\/en\/wp-json\/wp\/v2\/product\/19562","targetHints":{"allow":["GET"]}}],"collection":[{"href":"https:\/\/shop.allure.al\/en\/wp-json\/wp\/v2\/product"}],"about":[{"href":"https:\/\/shop.allure.al\/en\/wp-json\/wp\/v2\/types\/product"}],"replies":[{"embeddable":true,"href":"https:\/\/shop.allure.al\/en\/wp-json\/wp\/v2\/comments?post=19562"}],"version-history":[{"count":1,"href":"https:\/\/shop.allure.al\/en\/wp-json\/wp\/v2\/product\/19562\/revisions"}],"predecessor-version":[{"id":19588,"href":"https:\/\/shop.allure.al\/en\/wp-json\/wp\/v2\/product\/19562\/revisions\/19588"}],"wp:featuredmedia":[{"embeddable":true,"href":"https:\/\/shop.allure.al\/en\/wp-json\/wp\/v2\/media\/19090"}],"wp:attachment":[{"href":"https:\/\/shop.allure.al\/en\/wp-json\/wp\/v2\/media?parent=19562"}],"wp:term":[{"taxonomy":"product_cat","embeddable":true,"href":"https:\/\/shop.allure.al\/en\/wp-json\/wp\/v2\/product_cat?post=19562"},{"taxonomy":"product_tag","embeddable":true,"href":"https:\/\/shop.allure.al\/en\/wp-json\/wp\/v2\/product_tag?post=19562"}],"curies":[{"name":"wp","href":"https:\/\/api.w.org\/{rel}","templated":true}]}}