{"id":19563,"date":"2026-02-17T17:47:51","date_gmt":"2026-02-17T16:47:51","guid":{"rendered":"https:\/\/shop.allure.al\/?post_type=product&#038;p=19563"},"modified":"2026-02-26T00:43:29","modified_gmt":"2026-02-25T23:43:29","slug":"clair-wrinkle-source","status":"publish","type":"product","link":"https:\/\/shop.allure.al\/en\/product\/clair-wrinkle-source\/","title":{"rendered":"Clair Wrinkle Source"},"content":{"rendered":"<p>Clair Wrinkle Source \u00ebsht\u00eb nj\u00eb serum i fuqish\u00ebm anti-rrudh\u00eb, krijuar p\u00ebr t\u2019i rikthyer l\u00ebkur\u00ebs elasticitetin, but\u00ebsin\u00eb dhe pamjen rinore. Formul\u00eb e pasur me qeliza staminale, faktor rritjeje epidermal (EGF) dhe adenozin\u00eb, kjo ampul\u00eb \/ serum punon n\u00eb thell\u00ebsi p\u00ebr t\u00eb forcuar barrier\u00ebn natyrore t\u00eb l\u00ebkur\u00ebs, p\u00ebr t\u00eb p\u00ebrmir\u00ebsuar struktur\u00ebn dhe p\u00ebr t\u00eb zbutur rrudhat dhe linjat e imta. Panthenoli dhe vitamina E ofrojn\u00eb qet\u00ebsim dhe mbrojtje antioksidante, duke luftuar radikalet e lira dhe faktor\u00ebt mjedisor\u00eb q\u00eb shkaktojn\u00eb plakjen. Betaine sjell hidratim t\u00eb menj\u00ebhersh\u00ebm dhe ruajtje t\u00eb lag\u00ebshtis\u00eb p\u00ebr l\u00ebkur\u00eb t\u00eb mbushur dhe me shk\u00eblqim, nd\u00ebrsa acidi hialuronik plot\u00ebson formul\u00ebn p\u00ebr nj\u00eb hidratim q\u00eb ndjehet menj\u00ebher\u00eb dhe duket gradualisht. Tekstura e leht\u00eb dhe q\u00eb p\u00ebrthithet shpejt e b\u00ebn k\u00ebt\u00eb serum t\u00eb p\u00ebrshtatsh\u00ebm p\u00ebr p\u00ebrdorim profesional ose n\u00eb sht\u00ebpi, pasi mund t\u00eb integrohet si hap qendror n\u00eb rutin\u00ebn anti-aging. P\u00ebrdoruesit shpesh v\u00ebrejn\u00eb nj\u00eb pamje t\u00eb zbutur t\u00eb rrudhave, m\u00eb shum\u00eb elasticitet dhe nj\u00eb fytyr\u00eb q\u00eb duket m\u00eb e shndritshme pas p\u00ebrdorimeve t\u00eb rregullta.<\/p>\n","protected":false},"excerpt":{"rendered":"<p>Clair Wrinkle Source \u00ebsht\u00eb nj\u00eb serum anti-rrudh\u00eb i pasur me qeliza staminale, EGF dhe adenozin\u00eb, q\u00eb rigjeneron l\u00ebkur\u00ebn, zbut rrudhat dhe rikthen elasticitetin dhe shk\u00eblqimin natyral.<\/p>\n","protected":false},"featured_media":19091,"comment_status":"open","ping_status":"closed","template":"","meta":{"_acf_changed":false},"product_cat":[254],"product_tag":[82,1026,1064],"class_list":{"0":"post-19563","1":"product","2":"type-product","3":"status-publish","4":"has-post-thumbnail","6":"product_cat-serum","7":"product_tag-me-rrudha","8":"product_tag-bellmona","9":"product_tag-ampule","10":"pa_brands-bellmona","12":"first","13":"instock","14":"shipping-taxable","15":"purchasable","16":"product-type-simple","swatches":"rey-swatches","show_selected":""},"acf":[],"_links":{"self":[{"href":"https:\/\/shop.allure.al\/en\/wp-json\/wp\/v2\/product\/19563","targetHints":{"allow":["GET"]}}],"collection":[{"href":"https:\/\/shop.allure.al\/en\/wp-json\/wp\/v2\/product"}],"about":[{"href":"https:\/\/shop.allure.al\/en\/wp-json\/wp\/v2\/types\/product"}],"replies":[{"embeddable":true,"href":"https:\/\/shop.allure.al\/en\/wp-json\/wp\/v2\/comments?post=19563"}],"version-history":[{"count":1,"href":"https:\/\/shop.allure.al\/en\/wp-json\/wp\/v2\/product\/19563\/revisions"}],"predecessor-version":[{"id":19589,"href":"https:\/\/shop.allure.al\/en\/wp-json\/wp\/v2\/product\/19563\/revisions\/19589"}],"wp:featuredmedia":[{"embeddable":true,"href":"https:\/\/shop.allure.al\/en\/wp-json\/wp\/v2\/media\/19091"}],"wp:attachment":[{"href":"https:\/\/shop.allure.al\/en\/wp-json\/wp\/v2\/media?parent=19563"}],"wp:term":[{"taxonomy":"product_cat","embeddable":true,"href":"https:\/\/shop.allure.al\/en\/wp-json\/wp\/v2\/product_cat?post=19563"},{"taxonomy":"product_tag","embeddable":true,"href":"https:\/\/shop.allure.al\/en\/wp-json\/wp\/v2\/product_tag?post=19563"}],"curies":[{"name":"wp","href":"https:\/\/api.w.org\/{rel}","templated":true}]}}