{"id":19564,"date":"2026-02-17T17:47:51","date_gmt":"2026-02-17T16:47:51","guid":{"rendered":"https:\/\/shop.allure.al\/?post_type=product&#038;p=19564"},"modified":"2026-02-26T00:42:31","modified_gmt":"2026-02-25T23:42:31","slug":"clarity-c-cream","status":"publish","type":"product","link":"https:\/\/shop.allure.al\/en\/product\/clarity-c-cream\/","title":{"rendered":"Clarity C Cream"},"content":{"rendered":"<p>Nj\u00eb krem i pasur, por me tekstur\u00eb t\u00eb leht\u00eb, i formuluar p\u00ebr t\u00eb sjell\u00eb drit\u00eb, vitalitet dhe qart\u00ebsi t\u00eb menj\u00ebhershme n\u00eb l\u00ebkur\u00eb. Merikit Clarity C Cream \u00ebsht\u00eb nj\u00eb hidratues i p\u00ebrditsh\u00ebm i avancuar me nj\u00eb kompleks t\u00eb fuqish\u00ebm t\u00eb Vitamin\u00ebs C, Niacinamide, dhe Alpha-Arbutin, t\u00eb cilat punojn\u00eb n\u00eb harmoni p\u00ebr t\u00eb reduktuar pigmentimin, zbehur njollat dhe p\u00ebrmir\u00ebsuar tonin e pabarabart\u00eb t\u00eb l\u00ebkur\u00ebs.<br \/>\nFormulimi i tij inteligjent p\u00ebrdor derivate t\u00eb stabilizuara t\u00eb Vitamin\u00ebs C, q\u00eb ofrojn\u00eb efekte ndri\u00e7uese dhe antioksiduese pa irritim, duke stimuluar sintez\u00ebn e kolagjenit dhe duke p\u00ebrmir\u00ebsuar elasticitetin e l\u00ebkur\u00ebs.<br \/>\nN\u00eb kombinim me Centella Asiatica, Hyaluronic Acid dhe Panthenol, ky krem qet\u00ebson, ushqen dhe forcon barrier\u00ebn natyrale t\u00eb l\u00ebkur\u00ebs, duke e l\u00ebn\u00eb at\u00eb t\u00eb hidratuar n\u00eb m\u00ebnyr\u00eb t\u00eb q\u00ebndrueshme dhe me nj\u00eb shk\u00eblqim delikat, natyral.<br \/>\nClarity C Cream \u00ebsht\u00eb m\u00eb shum\u00eb se nj\u00eb hidratues \u2014 \u00ebsht\u00eb nj\u00eb trajtim i p\u00ebrditsh\u00ebm i kujdesit aktiv q\u00eb lufton shenjat e lodhjes, njollat e err\u00ebta dhe stresin oksidativ, duke i dh\u00ebn\u00eb l\u00ebkur\u00ebs nj\u00eb drit\u00eb t\u00eb past\u00ebr dhe t\u00eb sh\u00ebndetshme q\u00eb reflekton energji e freski.<\/p>\n","protected":false},"excerpt":{"rendered":"<p>Nj\u00eb krem ndri\u00e7ues me Vitamin\u00eb C, Niacinamide dhe Arbutin q\u00eb lufton njollat dhe tonin e pabarabart\u00eb t\u00eb l\u00ebkur\u00ebs. Formula e tij e pasur, por e leht\u00eb, hidraton thell\u00eb, zbut ndjeshm\u00ebrin\u00eb dhe jep nj\u00eb shk\u00eblqim t\u00eb past\u00ebr, natyra<\/p>\n","protected":false},"featured_media":19103,"comment_status":"open","ping_status":"closed","template":"","meta":{"_acf_changed":false},"product_cat":[1418],"product_tag":[84,1028,1033],"class_list":{"0":"post-19564","1":"product","2":"type-product","3":"status-publish","4":"has-post-thumbnail","6":"product_cat-krem","7":"product_tag-normale","8":"product_tag-cream","9":"product_tag-merikit","10":"pa_brands-merikit","12":"first","13":"instock","14":"shipping-taxable","15":"purchasable","16":"product-type-simple","swatches":"rey-swatches","show_selected":""},"acf":[],"_links":{"self":[{"href":"https:\/\/shop.allure.al\/en\/wp-json\/wp\/v2\/product\/19564","targetHints":{"allow":["GET"]}}],"collection":[{"href":"https:\/\/shop.allure.al\/en\/wp-json\/wp\/v2\/product"}],"about":[{"href":"https:\/\/shop.allure.al\/en\/wp-json\/wp\/v2\/types\/product"}],"replies":[{"embeddable":true,"href":"https:\/\/shop.allure.al\/en\/wp-json\/wp\/v2\/comments?post=19564"}],"version-history":[{"count":2,"href":"https:\/\/shop.allure.al\/en\/wp-json\/wp\/v2\/product\/19564\/revisions"}],"predecessor-version":[{"id":19843,"href":"https:\/\/shop.allure.al\/en\/wp-json\/wp\/v2\/product\/19564\/revisions\/19843"}],"wp:featuredmedia":[{"embeddable":true,"href":"https:\/\/shop.allure.al\/en\/wp-json\/wp\/v2\/media\/19103"}],"wp:attachment":[{"href":"https:\/\/shop.allure.al\/en\/wp-json\/wp\/v2\/media?parent=19564"}],"wp:term":[{"taxonomy":"product_cat","embeddable":true,"href":"https:\/\/shop.allure.al\/en\/wp-json\/wp\/v2\/product_cat?post=19564"},{"taxonomy":"product_tag","embeddable":true,"href":"https:\/\/shop.allure.al\/en\/wp-json\/wp\/v2\/product_tag?post=19564"}],"curies":[{"name":"wp","href":"https:\/\/api.w.org\/{rel}","templated":true}]}}