{"id":19565,"date":"2026-02-17T17:47:51","date_gmt":"2026-02-17T16:47:51","guid":{"rendered":"https:\/\/shop.allure.al\/?post_type=product&#038;p=19565"},"modified":"2026-02-26T00:43:26","modified_gmt":"2026-02-25T23:43:26","slug":"clarity-mask","status":"publish","type":"product","link":"https:\/\/shop.allure.al\/en\/product\/clarity-mask\/","title":{"rendered":"Clarity Mask"},"content":{"rendered":"<p>Nj\u00eb mask\u00eb q\u00eb transformon l\u00ebkur\u00ebn q\u00eb n\u00eb momentin e par\u00eb t\u00eb prekjes. Merikit Clarity Mask, e njohur ndryshe si \u201cLinja e Bardh\u00eb si Bora\u201d, \u00ebsht\u00eb e formuluar p\u00ebr t\u00eb ndri\u00e7uar, balancuar dhe rafinuar tonin e l\u00ebkur\u00ebs me efekt t\u00eb menj\u00ebhersh\u00ebm. Me nj\u00eb tekstur\u00eb t\u00eb dendur e kremoze q\u00eb shnd\u00ebrrohet n\u00eb nj\u00eb shtres\u00eb t\u00eb bardh\u00eb delikate, kjo mask\u00eb rikthen menj\u00ebher\u00eb shk\u00eblqimin dhe past\u00ebrtin\u00eb e l\u00ebkur\u00ebs, si nj\u00eb frym\u00ebmarrje e re p\u00ebr qelizat e saj.<\/p>\n<p>E pasuruar me Vitamin\u00eb C t\u00eb q\u00ebndrueshme, Niacinamide, dhe Arbutin, Clarity Mask ndihmon n\u00eb reduktimin e hiperpigmentimeve, njollave dhe shenjave post-akne, duke ndri\u00e7uar duksh\u00ebm l\u00ebkur\u00ebn pa e irrituar. Ekstrakti i \u00e7ajit t\u00eb bardh\u00eb dhe Panthenol-i ofrojn\u00eb efekt qet\u00ebsues dhe antioksidues, duke mbrojtur barrier\u00ebn natyrale t\u00eb l\u00ebkur\u00ebs nga d\u00ebmtimet oksidative dhe nga stresi mjedisor.<\/p>\n<p>Formula \u00ebsht\u00eb e pasuruar me Acid Hialuronik, i cili ndihmon n\u00eb mbajtjen e hidratimit optimal, duke e l\u00ebn\u00eb l\u00ebkur\u00ebn t\u00eb but\u00eb, t\u00eb fresk\u00ebt dhe me nj\u00eb ndjesi \u201cglass skin\u201d.<br \/>\nIdeale p\u00ebr ata q\u00eb k\u00ebrkojn\u00eb nj\u00eb produkt q\u00eb vepron shpejt \u2014 Clarity Mask jo vet\u00ebm zbardh dhe uniformon ngjyr\u00ebn e l\u00ebkur\u00ebs, por edhe i jep asaj nj\u00eb ndri\u00e7im t\u00eb dendur dhe t\u00eb past\u00ebr.<\/p>\n","protected":false},"excerpt":{"rendered":"<p>Mask\u00eb ndri\u00e7uese e menj\u00ebhershme q\u00eb rikthen bardh\u00ebsin\u00eb, shk\u00eblqimin dhe past\u00ebrtin\u00eb e l\u00ebkur\u00ebs q\u00eb n\u00eb aplikimin e par\u00eb. Me Vitamin\u00eb C, Niacinamide dhe Arbutin, Clarity Mask zbardh, qet\u00ebson dhe hidraton thell\u00eb, duke e l\u00ebn\u00eb l\u00ebkur\u00ebn t\u00eb shndritshme si bora.<\/p>\n","protected":false},"featured_media":19104,"comment_status":"open","ping_status":"closed","template":"","meta":{"_acf_changed":false},"product_cat":[256],"product_tag":[79,1033],"class_list":{"0":"post-19565","1":"product","2":"type-product","3":"status-publish","4":"has-post-thumbnail","6":"product_cat-maska","7":"product_tag-akneike","8":"product_tag-merikit","9":"pa_brands-merikit","11":"first","12":"instock","13":"shipping-taxable","14":"purchasable","15":"product-type-simple","swatches":"rey-swatches","show_selected":""},"acf":[],"_links":{"self":[{"href":"https:\/\/shop.allure.al\/en\/wp-json\/wp\/v2\/product\/19565","targetHints":{"allow":["GET"]}}],"collection":[{"href":"https:\/\/shop.allure.al\/en\/wp-json\/wp\/v2\/product"}],"about":[{"href":"https:\/\/shop.allure.al\/en\/wp-json\/wp\/v2\/types\/product"}],"replies":[{"embeddable":true,"href":"https:\/\/shop.allure.al\/en\/wp-json\/wp\/v2\/comments?post=19565"}],"version-history":[{"count":2,"href":"https:\/\/shop.allure.al\/en\/wp-json\/wp\/v2\/product\/19565\/revisions"}],"predecessor-version":[{"id":19844,"href":"https:\/\/shop.allure.al\/en\/wp-json\/wp\/v2\/product\/19565\/revisions\/19844"}],"wp:featuredmedia":[{"embeddable":true,"href":"https:\/\/shop.allure.al\/en\/wp-json\/wp\/v2\/media\/19104"}],"wp:attachment":[{"href":"https:\/\/shop.allure.al\/en\/wp-json\/wp\/v2\/media?parent=19565"}],"wp:term":[{"taxonomy":"product_cat","embeddable":true,"href":"https:\/\/shop.allure.al\/en\/wp-json\/wp\/v2\/product_cat?post=19565"},{"taxonomy":"product_tag","embeddable":true,"href":"https:\/\/shop.allure.al\/en\/wp-json\/wp\/v2\/product_tag?post=19565"}],"curies":[{"name":"wp","href":"https:\/\/api.w.org\/{rel}","templated":true}]}}