{"id":19566,"date":"2026-02-17T17:47:51","date_gmt":"2026-02-17T16:47:51","guid":{"rendered":"https:\/\/shop.allure.al\/?post_type=product&#038;p=19566"},"modified":"2026-02-26T00:43:30","modified_gmt":"2026-02-25T23:43:30","slug":"clarity-serum","status":"publish","type":"product","link":"https:\/\/shop.allure.al\/en\/product\/clarity-serum\/","title":{"rendered":"Clarity Serum"},"content":{"rendered":"<p>Nj\u00eb serum i leht\u00eb si ajri, por me fuqi t\u00eb jasht\u00ebzakonshme transformuese. Merikit Clarity Serum \u00ebsht\u00eb formuluar me p\u00ebrqendrime t\u00eb larta t\u00eb Vitamin\u00ebs C \u2013 nj\u00eb kompleks inovativ me p\u00ebrmbajtje natyrale shum\u00eb m\u00eb t\u00eb lart\u00eb se portokalli \u2013 q\u00eb rikthen ndri\u00e7imin, uniformitetin dhe energjin\u00eb e l\u00ebkur\u00ebs. Ky eliksir i avancuar punon n\u00eb m\u00ebnyr\u00eb t\u00eb sinkronizuar me Niacinamide dhe Alpha-Arbutin, p\u00ebr t\u00eb adresuar pigmentimin, shenjat pas aknes dhe zbehjen e tonit t\u00eb pabarabart\u00eb, duke p\u00ebrmir\u00ebsuar ndjesh\u00ebm pamjen dhe struktur\u00ebn e l\u00ebkur\u00ebs.<\/p>\n<p>Formula \u00ebsht\u00eb e mbushur me antioksidant\u00eb t\u00eb fuqish\u00ebm q\u00eb neutralizojn\u00eb radikalet e lira dhe mbrojn\u00eb barrier\u00ebn e l\u00ebkur\u00ebs nga stresi oksidativ, nd\u00ebrsa ekstraktet bimore t\u00eb qershis\u00eb Acerola, portokallit t\u00eb hidhur dhe Centella Asiatica ofrojn\u00eb qet\u00ebsim, rigjenerim dhe nj\u00eb ndjesi t\u00eb but\u00eb freskie. Tekstura e tij likuide, ultra e leht\u00eb, p\u00ebrthithet menj\u00ebher\u00eb pa l\u00ebn\u00eb ndjesi ngjit\u00ebse \u2014 duke e b\u00ebr\u00eb t\u00eb p\u00ebrsosur p\u00ebr p\u00ebrdorim n\u00ebn krem apo make-up.<\/p>\n<p>Rezultati: nj\u00eb l\u00ebkur\u00eb duksh\u00ebm m\u00eb e ndri\u00e7uar, m\u00eb e but\u00eb dhe me nj\u00eb ton t\u00eb barabart\u00eb q\u00eb rrezaton sh\u00ebndet e past\u00ebrti.<\/p>\n","protected":false},"excerpt":{"rendered":"<p>Nj\u00eb serum ndri\u00e7ues me p\u00ebrqendrim t\u00eb lart\u00eb t\u00eb Vitamin\u00ebs C, Niacinamide dhe Arbutin q\u00eb ndihmon deri n\u00eb 95% n\u00eb reduktimin e njollave, pigmentimit dhe zbehjen e shenjave. Formula e tij ultra e leht\u00eb rikthen drit\u00ebn natyrale dhe but\u00ebsin\u00eb e l\u00ebkur\u00ebs duke i dh\u00ebn\u00eb nj\u00eb pamje t\u00eb past\u00ebr, t\u00eb sh\u00ebndetshme dhe plot jet\u00eb.<\/p>\n","protected":false},"featured_media":19105,"comment_status":"open","ping_status":"closed","template":"","meta":{"_acf_changed":false},"product_cat":[254],"product_tag":[79,1033],"class_list":{"0":"post-19566","1":"product","2":"type-product","3":"status-publish","4":"has-post-thumbnail","6":"product_cat-serum","7":"product_tag-akneike","8":"product_tag-merikit","9":"pa_brands-merikit","11":"first","12":"instock","13":"shipping-taxable","14":"purchasable","15":"product-type-simple","swatches":"rey-swatches","show_selected":""},"acf":[],"_links":{"self":[{"href":"https:\/\/shop.allure.al\/en\/wp-json\/wp\/v2\/product\/19566","targetHints":{"allow":["GET"]}}],"collection":[{"href":"https:\/\/shop.allure.al\/en\/wp-json\/wp\/v2\/product"}],"about":[{"href":"https:\/\/shop.allure.al\/en\/wp-json\/wp\/v2\/types\/product"}],"replies":[{"embeddable":true,"href":"https:\/\/shop.allure.al\/en\/wp-json\/wp\/v2\/comments?post=19566"}],"version-history":[{"count":2,"href":"https:\/\/shop.allure.al\/en\/wp-json\/wp\/v2\/product\/19566\/revisions"}],"predecessor-version":[{"id":19842,"href":"https:\/\/shop.allure.al\/en\/wp-json\/wp\/v2\/product\/19566\/revisions\/19842"}],"wp:featuredmedia":[{"embeddable":true,"href":"https:\/\/shop.allure.al\/en\/wp-json\/wp\/v2\/media\/19105"}],"wp:attachment":[{"href":"https:\/\/shop.allure.al\/en\/wp-json\/wp\/v2\/media?parent=19566"}],"wp:term":[{"taxonomy":"product_cat","embeddable":true,"href":"https:\/\/shop.allure.al\/en\/wp-json\/wp\/v2\/product_cat?post=19566"},{"taxonomy":"product_tag","embeddable":true,"href":"https:\/\/shop.allure.al\/en\/wp-json\/wp\/v2\/product_tag?post=19566"}],"curies":[{"name":"wp","href":"https:\/\/api.w.org\/{rel}","templated":true}]}}