{"id":19567,"date":"2026-02-17T17:47:51","date_gmt":"2026-02-17T16:47:51","guid":{"rendered":"https:\/\/shop.allure.al\/?post_type=product&#038;p=19567"},"modified":"2026-02-26T00:43:31","modified_gmt":"2026-02-25T23:43:31","slug":"clarity-skin","status":"publish","type":"product","link":"https:\/\/shop.allure.al\/en\/product\/clarity-skin\/","title":{"rendered":"Clarity Toner"},"content":{"rendered":"<p>Nj\u00eb tonik i formuluar me kujdes p\u00ebr t\u00eb rikthyer drit\u00ebn, past\u00ebrtin\u00eb dhe ekuilibrin natyral t\u00eb l\u00ebkur\u00ebs. Merikit Clarity Skin Toner \u00ebsht\u00eb hapi i par\u00eb drejt nj\u00eb l\u00ebkure t\u00eb qet\u00eb, t\u00eb ndritshme dhe t\u00eb sh\u00ebndetshme \u2014 nj\u00eb ritual i domosdosh\u00ebm q\u00eb p\u00ebrgatit l\u00ebkur\u00ebn p\u00ebr \u00e7do trajtim t\u00eb m\u00ebtejsh\u00ebm.<\/p>\n<p>I pasuruar me Vitamin\u00eb C t\u00eb q\u00ebndrueshme dhe Niacinamide, ky eliksir delikat ndihmon n\u00eb zbehjen e njollave, p\u00ebrmir\u00ebsimin e tonit t\u00eb pabarabart\u00eb dhe nxit rigjenerimin qelizor. Ekstraktet bimore si Centella Asiatica, Licorice Root dhe Artemisia veprojn\u00eb n\u00eb harmoni p\u00ebr t\u00eb qet\u00ebsuar irritimet, p\u00ebr t\u00eb forcuar barrier\u00ebn mbrojt\u00ebse dhe p\u00ebr t\u00eb freskuar menj\u00ebher\u00eb l\u00ebkur\u00ebn.<\/p>\n<p>Formulimi pa alkool dhe me pH t\u00eb balancuar ndihmon n\u00eb rip\u00ebrt\u00ebritjen e mikrobiom\u00ebs natyrale t\u00eb l\u00ebkur\u00ebs, nd\u00ebrsa tekstura e leht\u00eb dep\u00ebrton menj\u00ebher\u00eb duke l\u00ebn\u00eb nj\u00eb ndjesi t\u00eb but\u00eb, t\u00eb hidratuar dhe plot jet\u00eb.<\/p>\n<p>Rezultati? Nj\u00eb l\u00ebkur\u00eb q\u00eb ndri\u00e7on nga brenda \u2014 e qet\u00eb, e past\u00ebr dhe me nj\u00eb ton t\u00eb unifikuar q\u00eb reflekton drit\u00ebn me eleganc\u00eb.<\/p>\n","protected":false},"excerpt":{"rendered":"<p>Nj\u00eb tonik zbardhues dhe qet\u00ebsues q\u00eb ndihmon n\u00eb p\u00ebrmir\u00ebsimin e tonit t\u00eb l\u00ebkur\u00ebs, reduktimin e njollave dhe rritjen e ndri\u00e7imit natyral. I pasuruar me Vitamin\u00eb C, Niacinamide dhe ekstrakte bimore, Merikit Clarity Skin Toner ofron freski, ekuilib\u00ebr dhe drit\u00eb n\u00eb \u00e7do p\u00ebrdorim.<\/p>\n","protected":false},"featured_media":19131,"comment_status":"open","ping_status":"closed","template":"","meta":{"_acf_changed":false},"product_cat":[252],"product_tag":[84,1033],"class_list":{"0":"post-19567","1":"product","2":"type-product","3":"status-publish","4":"has-post-thumbnail","6":"product_cat-toner","7":"product_tag-normale","8":"product_tag-merikit","9":"pa_brands-merikit","11":"first","12":"instock","13":"shipping-taxable","14":"purchasable","15":"product-type-simple","swatches":"rey-swatches","show_selected":""},"acf":[],"_links":{"self":[{"href":"https:\/\/shop.allure.al\/en\/wp-json\/wp\/v2\/product\/19567","targetHints":{"allow":["GET"]}}],"collection":[{"href":"https:\/\/shop.allure.al\/en\/wp-json\/wp\/v2\/product"}],"about":[{"href":"https:\/\/shop.allure.al\/en\/wp-json\/wp\/v2\/types\/product"}],"replies":[{"embeddable":true,"href":"https:\/\/shop.allure.al\/en\/wp-json\/wp\/v2\/comments?post=19567"}],"version-history":[{"count":3,"href":"https:\/\/shop.allure.al\/en\/wp-json\/wp\/v2\/product\/19567\/revisions"}],"predecessor-version":[{"id":19859,"href":"https:\/\/shop.allure.al\/en\/wp-json\/wp\/v2\/product\/19567\/revisions\/19859"}],"wp:featuredmedia":[{"embeddable":true,"href":"https:\/\/shop.allure.al\/en\/wp-json\/wp\/v2\/media\/19131"}],"wp:attachment":[{"href":"https:\/\/shop.allure.al\/en\/wp-json\/wp\/v2\/media?parent=19567"}],"wp:term":[{"taxonomy":"product_cat","embeddable":true,"href":"https:\/\/shop.allure.al\/en\/wp-json\/wp\/v2\/product_cat?post=19567"},{"taxonomy":"product_tag","embeddable":true,"href":"https:\/\/shop.allure.al\/en\/wp-json\/wp\/v2\/product_tag?post=19567"}],"curies":[{"name":"wp","href":"https:\/\/api.w.org\/{rel}","templated":true}]}}