{"id":19568,"date":"2026-02-17T17:47:51","date_gmt":"2026-02-17T16:47:51","guid":{"rendered":"https:\/\/shop.allure.al\/?post_type=product&#038;p=19568"},"modified":"2026-02-26T00:42:33","modified_gmt":"2026-02-25T23:42:33","slug":"collagen-cleansing-lotion","status":"publish","type":"product","link":"https:\/\/shop.allure.al\/en\/product\/collagen-cleansing-lotion\/","title":{"rendered":"Collagen Cleansing Lotion"},"content":{"rendered":"<p>Orjade Collagen Cleansing Lotion \u00ebsht\u00eb nj\u00eb pastrues luksos i formuluar p\u00ebr t\u00eb respektuar ekuilibrin biologjik t\u00eb l\u00ebkur\u00ebs, duke e pastruar n\u00eb m\u00ebnyr\u00eb delikate dhe nj\u00ebkoh\u00ebsisht duke e ushqyer n\u00eb thell\u00ebsi. I frym\u00ebzuar nga qasja e lart\u00eb e skincare-it modern dhe eleganca e minimalizmit, ky pastrues kombinon teknologjin\u00eb e kolagjenit t\u00eb hidrolizuar me ekstrakte bimore qet\u00ebsuese, p\u00ebr t\u2019i dh\u00ebn\u00eb l\u00ebkur\u00ebs nj\u00eb ndjesi t\u00eb menj\u00ebhershme but\u00ebsie dhe komoditeti.<\/p>\n<p>Tekstura e tij e leht\u00eb, e ngroht\u00eb dhe kremoze shtrihet mbi l\u00ebkur\u00eb si nj\u00eb balsam qet\u00ebsues, duke shp\u00ebrb\u00ebr\u00eb but\u00ebsisht papast\u00ebrtit\u00eb, SPF-in dhe mbetjet e make-up-it\u2014pa cenuar lipidet natyrale t\u00eb l\u00ebkur\u00ebs. Gjat\u00eb pastrimit, formula liron nj\u00eb kompleks aktiv hidratues q\u00eb parandalon tharjen pas larjes, duke e b\u00ebr\u00eb kete produkt te pershtatshem gjithashtu per lekuren e trupit nje rezultat m\u00eb elastike, t\u00eb q\u00ebndrueshme dhe me pamje t\u00eb sh\u00ebndetshme.<\/p>\n<p>Fal\u00eb kolagjenit t\u00eb hidrolizuar, aminoacideve rigjeneruese dhe p\u00ebrb\u00ebr\u00ebsve bimor\u00eb qet\u00ebsues (si aloe vera, centella asiatica dhe kamomili), Orjade Collagen Cleansing Lotion rikthen ndri\u00e7imin natyral, zbut struktur\u00ebn dhe p\u00ebrgatit l\u00ebkur\u00ebn p\u00ebr \u00e7do hap t\u00eb skincare-it q\u00eb vjen pas tij.<\/p>\n<p>Ky nuk \u00ebsht\u00eb thjesht nj\u00eb pastrues \u2014\u00ebsht\u00eb nj\u00eb hap i p\u00ebrditsh\u00ebm restaurues, nj\u00eb \u00e7ast rigjenerimi q\u00eb forcon barrier\u00ebn e l\u00ebkur\u00ebs dhe l\u00eb pas nj\u00eb ndjesi t\u00eb nj\u00eb l\u00ebkure t\u00eb past\u00ebr, t\u00eb hidratuar dhe t\u00eb ushqyer nga brenda.<\/p>\n","protected":false},"excerpt":{"rendered":"<p>Nj\u00eb pastrues me tekstur\u00eb luksoze kremoze, i formuluar me kolagjen t\u00eb hidrolizuar, ekstrakt centella asiatica dhe aloe vera, q\u00eb heq but\u00ebsisht papast\u00ebrtit\u00eb pa thar\u00eb l\u00ebkur\u00ebn. Ofron hidratim, zbutje dhe p\u00ebrforcon barrier\u00ebn, duke l\u00ebn\u00eb l\u00ebkur\u00ebn t\u00eb l\u00ebmuar, elastike dhe t\u00eb ndritshme.<\/p>\n","protected":false},"featured_media":18160,"comment_status":"open","ping_status":"closed","template":"","meta":{"_acf_changed":false},"product_cat":[250],"product_tag":[84,1027],"class_list":{"0":"post-19568","1":"product","2":"type-product","3":"status-publish","4":"has-post-thumbnail","6":"product_cat-lares","7":"product_tag-normale","8":"product_tag-orjade","9":"pa_brands-orjade","11":"first","12":"instock","13":"shipping-taxable","14":"purchasable","15":"product-type-simple","swatches":"rey-swatches","show_selected":""},"acf":[],"_links":{"self":[{"href":"https:\/\/shop.allure.al\/en\/wp-json\/wp\/v2\/product\/19568","targetHints":{"allow":["GET"]}}],"collection":[{"href":"https:\/\/shop.allure.al\/en\/wp-json\/wp\/v2\/product"}],"about":[{"href":"https:\/\/shop.allure.al\/en\/wp-json\/wp\/v2\/types\/product"}],"replies":[{"embeddable":true,"href":"https:\/\/shop.allure.al\/en\/wp-json\/wp\/v2\/comments?post=19568"}],"version-history":[{"count":1,"href":"https:\/\/shop.allure.al\/en\/wp-json\/wp\/v2\/product\/19568\/revisions"}],"predecessor-version":[{"id":19607,"href":"https:\/\/shop.allure.al\/en\/wp-json\/wp\/v2\/product\/19568\/revisions\/19607"}],"wp:featuredmedia":[{"embeddable":true,"href":"https:\/\/shop.allure.al\/en\/wp-json\/wp\/v2\/media\/18160"}],"wp:attachment":[{"href":"https:\/\/shop.allure.al\/en\/wp-json\/wp\/v2\/media?parent=19568"}],"wp:term":[{"taxonomy":"product_cat","embeddable":true,"href":"https:\/\/shop.allure.al\/en\/wp-json\/wp\/v2\/product_cat?post=19568"},{"taxonomy":"product_tag","embeddable":true,"href":"https:\/\/shop.allure.al\/en\/wp-json\/wp\/v2\/product_tag?post=19568"}],"curies":[{"name":"wp","href":"https:\/\/api.w.org\/{rel}","templated":true}]}}