{"id":19569,"date":"2026-02-17T17:47:51","date_gmt":"2026-02-17T16:47:51","guid":{"rendered":"https:\/\/shop.allure.al\/?post_type=product&#038;p=19569"},"modified":"2026-02-26T00:42:32","modified_gmt":"2026-02-25T23:42:32","slug":"collagen-skin-lotion","status":"publish","type":"product","link":"https:\/\/shop.allure.al\/en\/product\/collagen-skin-lotion\/","title":{"rendered":"Collagen Skin Lotion"},"content":{"rendered":"<p>Orjate Collagen Skin Lotion \u00ebsht\u00eb krijuar si nj\u00eb tonik\/Lotion per trupin i sofistikuar hidratues, i formuluar p\u00ebr t\u2019i rikthyer l\u00ebkur\u00ebs vitalitetin, elasticitetin dhe but\u00ebsin\u00eb e saj natyrale. Kjo lotion me tekstur\u00eb ultra-t\u00eb leht\u00eb dep\u00ebrton menj\u00ebher\u00eb n\u00eb l\u00ebkur\u00eb, duke e mb\u00ebshtjell\u00eb me nj\u00eb ndjesi freskie dhe komforti q\u00eb ndikon n\u00eb balancimin e barrier\u00ebs s\u00eb saj mbrojt\u00ebse.<\/p>\n<p>Formula \u00ebsht\u00eb nd\u00ebrtuar rreth kolagjenit te hidrolizuar, nj\u00eb p\u00ebrb\u00ebr\u00ebs ky\u00e7 i njohur p\u00ebr aft\u00ebsin\u00eb e tij p\u00ebr t\u00eb rritur elasticitetin dhe p\u00ebr t\u00eb p\u00ebrmir\u00ebsuar struktur\u00ebn e l\u00ebkur\u00ebs. Ai vepron n\u00eb shtresat e sip\u00ebrme t\u00eb epiderm\u00ebs duke zbutur vijat e imta, duke promovuar nj\u00eb pamje m\u00eb t\u00eb tonifikuar dhe t\u00eb unifikuar.<\/p>\n<p>I pasuruar me aminoacide, peptide t\u00eb buta dhe ekstrakte zbut\u00ebse botanike, ky produkt ushqen  l\u00ebkur\u00ebn me gjith\u00e7ka q\u00eb i nevojitet p\u00ebr t\u00eb rikthyer shk\u00eblqimin e saj t\u00eb natyrsh\u00ebm. Nj\u00eb kompleks i avancuar hidratues siguron mbajtjen e ujit n\u00eb l\u00ebkur\u00eb gjat\u00eb gjith\u00eb dit\u00ebs, nd\u00ebrsa p\u00ebrb\u00ebr\u00ebsit anti-inflamator\u00eb minimizojn\u00eb skuqjen dhe ndjeshm\u00ebrin\u00eb.<\/p>\n<p>Rezultati? Nj\u00eb l\u00ebkur\u00eb m\u00eb e l\u00ebmuar, m\u00eb e q\u00ebndrueshme dhe e mbrojtur \u2014 nje ndjesi q\u00eb mund ta jap\u00eb vet\u00ebm nj\u00eb formul\u00eb e balancuar dhe e krijuar me kujdes.<br \/>\nOrjate Collagen Skin Lotion \u00ebsht\u00eb nj\u00eb hap baz\u00eb n\u00eb \u00e7do rutin\u00eb, nj\u00eb produkt q\u00eb jo vet\u00ebm hidraton, por transformon tekstur\u00ebn dhe vitalitetin e l\u00ebkur\u00ebs n\u00eb m\u00ebnyr\u00eb t\u00eb dukshme.<\/p>\n","protected":false},"excerpt":{"rendered":"<p>Nj\u00eb tonik\/lotion i leht\u00eb, i mbushur me kolagjen t\u00eb hidrolizuar dhe p\u00ebrb\u00ebr\u00ebs aktiv\u00eb q\u00eb forcojn\u00eb barrier\u00ebn e l\u00ebkur\u00ebs, rikthejn\u00eb elasticitetin dhe ofrojn\u00eb hidratim afatgjat\u00eb. L\u00ebkura b\u00ebhet m\u00eb e l\u00ebmuar, m\u00eb e ndritshme dhe duksh\u00ebm m\u00eb e q\u00ebndrueshme.<\/p>\n","protected":false},"featured_media":18162,"comment_status":"open","ping_status":"closed","template":"","meta":{"_acf_changed":false},"product_cat":[1418,252],"product_tag":[84,103,1027],"class_list":{"0":"post-19569","1":"product","2":"type-product","3":"status-publish","4":"has-post-thumbnail","6":"product_cat-krem","7":"product_cat-toner","8":"product_tag-normale","9":"product_tag-mikse","10":"product_tag-orjade","11":"pa_brands-orjade","13":"first","14":"instock","15":"shipping-taxable","16":"purchasable","17":"product-type-simple","swatches":"rey-swatches","show_selected":""},"acf":[],"_links":{"self":[{"href":"https:\/\/shop.allure.al\/en\/wp-json\/wp\/v2\/product\/19569","targetHints":{"allow":["GET"]}}],"collection":[{"href":"https:\/\/shop.allure.al\/en\/wp-json\/wp\/v2\/product"}],"about":[{"href":"https:\/\/shop.allure.al\/en\/wp-json\/wp\/v2\/types\/product"}],"replies":[{"embeddable":true,"href":"https:\/\/shop.allure.al\/en\/wp-json\/wp\/v2\/comments?post=19569"}],"version-history":[{"count":1,"href":"https:\/\/shop.allure.al\/en\/wp-json\/wp\/v2\/product\/19569\/revisions"}],"predecessor-version":[{"id":19609,"href":"https:\/\/shop.allure.al\/en\/wp-json\/wp\/v2\/product\/19569\/revisions\/19609"}],"wp:featuredmedia":[{"embeddable":true,"href":"https:\/\/shop.allure.al\/en\/wp-json\/wp\/v2\/media\/18162"}],"wp:attachment":[{"href":"https:\/\/shop.allure.al\/en\/wp-json\/wp\/v2\/media?parent=19569"}],"wp:term":[{"taxonomy":"product_cat","embeddable":true,"href":"https:\/\/shop.allure.al\/en\/wp-json\/wp\/v2\/product_cat?post=19569"},{"taxonomy":"product_tag","embeddable":true,"href":"https:\/\/shop.allure.al\/en\/wp-json\/wp\/v2\/product_tag?post=19569"}],"curies":[{"name":"wp","href":"https:\/\/api.w.org\/{rel}","templated":true}]}}