{"id":19571,"date":"2026-02-17T17:47:53","date_gmt":"2026-02-17T16:47:53","guid":{"rendered":"https:\/\/shop.allure.al\/product\/bio-signal-cleansing-lotion\/"},"modified":"2026-02-26T00:42:30","modified_gmt":"2026-02-25T23:42:30","slug":"bio-signal-cleansing-lotion","status":"publish","type":"product","link":"https:\/\/shop.allure.al\/en\/product\/bio-signal-cleansing-lotion\/","title":{"rendered":"Bio Signal Cleansing Lotion"},"content":{"rendered":"<p>Nj\u00eb locion pastrues i avancuar, i formuluar p\u00ebr t\u00eb ofruar nj\u00eb pastrim t\u00eb but\u00eb, efektiv dhe nj\u00ebkoh\u00ebsisht hidratues p\u00ebr \u00e7do tip l\u00ebkure. Ky milk cleanser heq me delikates\u00eb papast\u00ebrtit\u00eb, yndyr\u00ebn e tep\u00ebrt dhe mbetjet e make-up-it, pa d\u00ebmtuar barrier\u00ebn natyrale t\u00eb l\u00ebkur\u00ebs.<\/p>\n<p>Me tekstur\u00ebn e tij t\u00eb leht\u00eb dhe kremoze, locioni p\u00ebrhapet leht\u00ebsisht, duke ofruar nj\u00eb ndjesi freskie dhe rigjall\u00ebrimi menj\u00ebher\u00eb pas p\u00ebrdorimit. P\u00ebrve\u00e7 pastrimit, formula e pasur ndihmon n\u00eb ruajtjen e nivelit optimal t\u00eb lag\u00ebshtis\u00eb, duke parandaluar tharjen dhe irritimin.Pastron n\u00eb thell\u00ebsi \u2013 eliminon papast\u00ebrtit\u00eb dhe make-up-in pa agresivitet.<br \/>\nHidraton &#038; mbron \u2013 mban t\u00eb paprekur ekuilibrin natyral t\u00eb lag\u00ebshtis\u00eb s\u00eb l\u00ebkur\u00ebs.<br \/>\n Tekstur\u00eb e but\u00eb, jo-irrituese \u2013 e p\u00ebrshtatshme p\u00ebr p\u00ebrdorim t\u00eb p\u00ebrditsh\u00ebm.<br \/>\n Ndjesi freskie \u2013 rigjall\u00ebron l\u00ebkur\u00ebn pas \u00e7do aplikimi.<br \/>\n Format profesional 750 ml-ideal p\u00ebr sallone, spa dhe p\u00ebrdorim t\u00eb rregullt n\u00eb sht\u00ebpi.<br \/>\nL\u00ebkura mbetet e past\u00ebr, e but\u00eb dhe e hidratuar, gati p\u00ebr hapat e m\u00ebtejsh\u00ebm t\u00eb rutin\u00ebs s\u00eb kujdesit.<\/p>\n","protected":false},"excerpt":{"rendered":"<p>Nj\u00eb milk cleanser me tekstur\u00eb t\u00eb but\u00eb, i krijuar p\u00ebr t\u00eb larguar papast\u00ebrtit\u00eb dhe make-up-in, duke i dh\u00ebn\u00eb l\u00ebkur\u00ebs nj\u00eb ndjesi t\u00eb fresk\u00ebt dhe t\u00eb hidratuar. Formati i madh prej 750 ml e b\u00ebn ideal si p\u00ebr p\u00ebrdorim profesional n\u00eb sallone e spa, ashtu edhe p\u00ebr kujdesin e p\u00ebrditsh\u00ebm n\u00eb sht\u00ebpi.<\/p>\n","protected":false},"featured_media":19143,"comment_status":"open","ping_status":"closed","template":"","meta":{"_acf_changed":false},"product_cat":[250],"product_tag":[82,1026],"class_list":{"0":"post-19571","1":"product","2":"type-product","3":"status-publish","4":"has-post-thumbnail","6":"product_cat-lares","7":"product_tag-me-rrudha","8":"product_tag-bellmona","9":"pa_brands-merikit","11":"first","12":"instock","13":"shipping-taxable","14":"purchasable","15":"product-type-simple","swatches":"rey-swatches","show_selected":""},"acf":[],"_links":{"self":[{"href":"https:\/\/shop.allure.al\/en\/wp-json\/wp\/v2\/product\/19571","targetHints":{"allow":["GET"]}}],"collection":[{"href":"https:\/\/shop.allure.al\/en\/wp-json\/wp\/v2\/product"}],"about":[{"href":"https:\/\/shop.allure.al\/en\/wp-json\/wp\/v2\/types\/product"}],"replies":[{"embeddable":true,"href":"https:\/\/shop.allure.al\/en\/wp-json\/wp\/v2\/comments?post=19571"}],"version-history":[{"count":2,"href":"https:\/\/shop.allure.al\/en\/wp-json\/wp\/v2\/product\/19571\/revisions"}],"predecessor-version":[{"id":19873,"href":"https:\/\/shop.allure.al\/en\/wp-json\/wp\/v2\/product\/19571\/revisions\/19873"}],"wp:featuredmedia":[{"embeddable":true,"href":"https:\/\/shop.allure.al\/en\/wp-json\/wp\/v2\/media\/19143"}],"wp:attachment":[{"href":"https:\/\/shop.allure.al\/en\/wp-json\/wp\/v2\/media?parent=19571"}],"wp:term":[{"taxonomy":"product_cat","embeddable":true,"href":"https:\/\/shop.allure.al\/en\/wp-json\/wp\/v2\/product_cat?post=19571"},{"taxonomy":"product_tag","embeddable":true,"href":"https:\/\/shop.allure.al\/en\/wp-json\/wp\/v2\/product_tag?post=19571"}],"curies":[{"name":"wp","href":"https:\/\/api.w.org\/{rel}","templated":true}]}}