{"id":19576,"date":"2026-02-17T17:47:58","date_gmt":"2026-02-17T16:47:58","guid":{"rendered":"https:\/\/shop.allure.al\/product\/bio-signal-massage-cream\/"},"modified":"2026-02-26T00:42:28","modified_gmt":"2026-02-25T23:42:28","slug":"bio-signal-massage-cream","status":"publish","type":"product","link":"https:\/\/shop.allure.al\/en\/product\/bio-signal-massage-cream\/","title":{"rendered":"Bio Signal Massage Cream"},"content":{"rendered":"<p>Nj\u00eb krem masazhi premium i formuluar p\u00ebr t\u00eb ushqyer, hidratuar dhe rigjeneruar l\u00ebkur\u00ebn.<br \/>\nBellmona Bio Signal \u00ebsht\u00eb krijuar posa\u00e7\u00ebrisht p\u00ebr t\u00eb ofruar nj\u00eb p\u00ebrvoj\u00eb t\u00eb pasur masazhi, duke kombinuar efektet relaksuese me kujdesin intensiv t\u00eb l\u00ebkur\u00ebs. Tekstura e tij e but\u00eb dhe e pasur p\u00ebrhapet leht\u00ebsisht, duke i dh\u00ebn\u00eb trupit ndjesin\u00eb e rehatis\u00eb dhe l\u00ebkur\u00ebs nj\u00eb pamje t\u00eb sh\u00ebndetshme dhe rrezatuese.<\/p>\n","protected":false},"excerpt":{"rendered":"<p>Krem masazhi me formul\u00eb unike q\u00eb ushqen dhe hidraton thell\u00ebsisht l\u00ebkur\u00ebn, duke e l\u00ebn\u00eb t\u00eb but\u00eb, t\u00eb l\u00ebmuar dhe me shk\u00eblqim natyral. Ideal p\u00ebr nj\u00eb masazh relaksues dhe p\u00ebr kujdesin e p\u00ebrditsh\u00ebm t\u00eb l\u00ebkur\u00ebs.<\/p>\n","protected":false},"featured_media":19146,"comment_status":"open","ping_status":"closed","template":"","meta":{"_acf_changed":false},"product_cat":[1418],"product_tag":[82,1026],"class_list":{"0":"post-19576","1":"product","2":"type-product","3":"status-publish","4":"has-post-thumbnail","6":"product_cat-krem","7":"product_tag-me-rrudha","8":"product_tag-bellmona","9":"pa_brands-merikit","11":"first","12":"instock","13":"shipping-taxable","14":"purchasable","15":"product-type-simple","swatches":"rey-swatches","show_selected":""},"acf":[],"_links":{"self":[{"href":"https:\/\/shop.allure.al\/en\/wp-json\/wp\/v2\/product\/19576","targetHints":{"allow":["GET"]}}],"collection":[{"href":"https:\/\/shop.allure.al\/en\/wp-json\/wp\/v2\/product"}],"about":[{"href":"https:\/\/shop.allure.al\/en\/wp-json\/wp\/v2\/types\/product"}],"replies":[{"embeddable":true,"href":"https:\/\/shop.allure.al\/en\/wp-json\/wp\/v2\/comments?post=19576"}],"version-history":[{"count":1,"href":"https:\/\/shop.allure.al\/en\/wp-json\/wp\/v2\/product\/19576\/revisions"}],"predecessor-version":[{"id":19748,"href":"https:\/\/shop.allure.al\/en\/wp-json\/wp\/v2\/product\/19576\/revisions\/19748"}],"wp:featuredmedia":[{"embeddable":true,"href":"https:\/\/shop.allure.al\/en\/wp-json\/wp\/v2\/media\/19146"}],"wp:attachment":[{"href":"https:\/\/shop.allure.al\/en\/wp-json\/wp\/v2\/media?parent=19576"}],"wp:term":[{"taxonomy":"product_cat","embeddable":true,"href":"https:\/\/shop.allure.al\/en\/wp-json\/wp\/v2\/product_cat?post=19576"},{"taxonomy":"product_tag","embeddable":true,"href":"https:\/\/shop.allure.al\/en\/wp-json\/wp\/v2\/product_tag?post=19576"}],"curies":[{"name":"wp","href":"https:\/\/api.w.org\/{rel}","templated":true}]}}