{"id":19577,"date":"2026-02-17T17:47:59","date_gmt":"2026-02-17T16:47:59","guid":{"rendered":"https:\/\/shop.allure.al\/product\/bio-signal-moisture-cream\/"},"modified":"2026-02-26T00:42:27","modified_gmt":"2026-02-25T23:42:27","slug":"bio-signal-moisture-cream","status":"publish","type":"product","link":"https:\/\/shop.allure.al\/en\/product\/bio-signal-moisture-cream\/","title":{"rendered":"Bio Signal Moisture Cream"},"content":{"rendered":"<p>Bio Signal Moisture Balm nga Bellmona \u00ebsht\u00eb nj\u00eb krem-balzam i formuluar me teknologji t\u00eb avancuar koreane, i cili kombinon p\u00ebrb\u00ebr\u00ebs ushqyes dhe aktiv\u00eb p\u00ebr t\u00eb rikthyer vitalitetin e l\u00ebkur\u00ebs s\u00eb that\u00eb dhe t\u00eb dehidratuar. Formula e tij \u00ebsht\u00eb e pasur me Squalane, Shea Butter, Betaine dhe Sodium Hyaluronate, t\u00eb cilat punojn\u00eb s\u00eb bashku p\u00ebr t\u00eb ofruar nj\u00eb hidratim intensiv, p\u00ebr t\u00eb mbajtur lag\u00ebshtin\u00eb n\u00eb shtresat m\u00eb t\u00eb thella t\u00eb epiderm\u00ebs dhe p\u00ebr t\u00eb p\u00ebrforcuar barrier\u00ebn natyrale mbrojt\u00ebse t\u00eb l\u00ebkur\u00ebs. Ky balzam krijon nj\u00eb shtres\u00eb mbrojt\u00ebse delikate q\u00eb ndihmon n\u00eb parandalimin e humbjes s\u00eb ujit, duke e l\u00ebn\u00eb l\u00ebkur\u00ebn t\u00eb but\u00eb, t\u00eb l\u00ebmuar dhe t\u00eb fresk\u00ebt gjat\u00eb gjith\u00eb dit\u00ebs. P\u00ebrdorimi i tij i rregullt ndihmon n\u00eb reduktimin e ndjesis\u00eb s\u00eb tharjes dhe irritimit, rikthen elasticitetin natyral dhe p\u00ebrmir\u00ebson shk\u00eblqimin e l\u00ebkur\u00ebs. Tekstura e tij e pasur, por q\u00eb p\u00ebrthithet leht\u00eb, e b\u00ebn k\u00ebt\u00eb krem ideal si p\u00ebr kujdesin e p\u00ebrditsh\u00ebm t\u00eb fytyr\u00ebs, ashtu edhe p\u00ebr trajtimin intensiv t\u00eb l\u00ebkur\u00ebs s\u00eb ndjeshme dhe t\u00eb lodhur.<\/p>\n","protected":false},"excerpt":{"rendered":"<p>Bio Signal Moisture Balm \u00ebsht\u00eb nj\u00eb krem-balzam ushqyes dhe hidratues, i p\u00ebrshtatsh\u00ebm p\u00ebr l\u00ebkur\u00ebn e that\u00eb e t\u00eb dehidratuar. Me p\u00ebrb\u00ebr\u00ebs si Squalane, Shea Butter dhe Acid Hialuronik, ai ofron hidratim t\u00eb thell\u00eb, forcon barrier\u00ebn mbrojt\u00ebse dhe l\u00eb l\u00ebkur\u00ebn t\u00eb but\u00eb, t\u00eb fresk\u00ebt dhe plot vitalitet.<\/p>\n","protected":false},"featured_media":18440,"comment_status":"open","ping_status":"closed","template":"","meta":{"_acf_changed":false},"product_cat":[1418],"product_tag":[80,82,1026],"class_list":{"0":"post-19577","1":"product","2":"type-product","3":"status-publish","4":"has-post-thumbnail","6":"product_cat-krem","7":"product_tag-e-thate","8":"product_tag-me-rrudha","9":"product_tag-bellmona","10":"pa_brands-merikit","12":"first","13":"instock","14":"shipping-taxable","15":"purchasable","16":"product-type-simple","swatches":"rey-swatches","show_selected":""},"acf":[],"_links":{"self":[{"href":"https:\/\/shop.allure.al\/en\/wp-json\/wp\/v2\/product\/19577","targetHints":{"allow":["GET"]}}],"collection":[{"href":"https:\/\/shop.allure.al\/en\/wp-json\/wp\/v2\/product"}],"about":[{"href":"https:\/\/shop.allure.al\/en\/wp-json\/wp\/v2\/types\/product"}],"replies":[{"embeddable":true,"href":"https:\/\/shop.allure.al\/en\/wp-json\/wp\/v2\/comments?post=19577"}],"version-history":[{"count":1,"href":"https:\/\/shop.allure.al\/en\/wp-json\/wp\/v2\/product\/19577\/revisions"}],"predecessor-version":[{"id":19747,"href":"https:\/\/shop.allure.al\/en\/wp-json\/wp\/v2\/product\/19577\/revisions\/19747"}],"wp:featuredmedia":[{"embeddable":true,"href":"https:\/\/shop.allure.al\/en\/wp-json\/wp\/v2\/media\/18440"}],"wp:attachment":[{"href":"https:\/\/shop.allure.al\/en\/wp-json\/wp\/v2\/media?parent=19577"}],"wp:term":[{"taxonomy":"product_cat","embeddable":true,"href":"https:\/\/shop.allure.al\/en\/wp-json\/wp\/v2\/product_cat?post=19577"},{"taxonomy":"product_tag","embeddable":true,"href":"https:\/\/shop.allure.al\/en\/wp-json\/wp\/v2\/product_tag?post=19577"}],"curies":[{"name":"wp","href":"https:\/\/api.w.org\/{rel}","templated":true}]}}