{"id":19579,"date":"2026-02-17T17:48:01","date_gmt":"2026-02-17T16:48:01","guid":{"rendered":"https:\/\/shop.allure.al\/product\/bio-signal-skin-lotion\/"},"modified":"2026-02-26T00:42:26","modified_gmt":"2026-02-25T23:42:26","slug":"bio-signal-skin-lotion","status":"publish","type":"product","link":"https:\/\/shop.allure.al\/en\/product\/bio-signal-skin-lotion\/","title":{"rendered":"Bio Signal Skin Lotion"},"content":{"rendered":"<p>Bellmona Bio Signal Skin Lotion \u00ebsht\u00eb nj\u00eb locion hidratues dhe rigjall\u00ebrues i krijuar p\u00ebr t\u00eb rikthyer freskin\u00eb dhe ekuilibrin natyral t\u00eb l\u00ebkur\u00ebs pas pastrimit. Me nj\u00eb tekstur\u00eb t\u00eb leht\u00eb q\u00eb p\u00ebrthithet shpejt, ai ofron lag\u00ebshti t\u00eb thell\u00eb dhe ushqim t\u00eb vazhduesh\u00ebm p\u00ebr l\u00ebkur\u00ebn, duke e l\u00ebn\u00eb at\u00eb t\u00eb but\u00eb, t\u00eb l\u00ebmuar dhe me nj\u00eb shk\u00eblqim natyral t\u00eb sh\u00ebndetsh\u00ebm. Ky lotion nuk vet\u00ebm q\u00eb hidraton, por edhe forcon barrier\u00ebn mbrojt\u00ebse t\u00eb l\u00ebkur\u00ebs, duke kontribuar n\u00eb ruajtjen e saj t\u00eb sh\u00ebndetshme n\u00eb koh\u00eb. I p\u00ebrshtatsh\u00ebm p\u00ebr \u00e7do tip l\u00ebkure, Bellmona Bio Signal Skin Lotion \u00ebsht\u00eb nj\u00eb hap i domosdosh\u00ebm n\u00eb rutin\u00ebn e kujdesit p\u00ebr fytyr\u00ebn, duke siguruar nj\u00eb ndjesi freskie dhe mir\u00ebqenieje pas \u00e7do p\u00ebrdorimi.<\/p>\n","protected":false},"excerpt":{"rendered":"<p>Locion hidratues dhe rigjall\u00ebrues me p\u00ebrthithje t\u00eb shpejt\u00eb, q\u00eb rikthen freskin\u00eb dhe ekuilibrin natyral t\u00eb l\u00ebkur\u00ebs. Ushqen dhe l\u00eb l\u00ebkur\u00ebn t\u00eb but\u00eb, t\u00eb l\u00ebmuar dhe me shk\u00eblqim natyral.<\/p>\n","protected":false},"featured_media":19144,"comment_status":"open","ping_status":"closed","template":"","meta":{"_acf_changed":false},"product_cat":[1418,252],"product_tag":[82,1026],"class_list":{"0":"post-19579","1":"product","2":"type-product","3":"status-publish","4":"has-post-thumbnail","6":"product_cat-krem","7":"product_cat-toner","8":"product_tag-me-rrudha","9":"product_tag-bellmona","10":"pa_brands-merikit","12":"first","13":"instock","14":"shipping-taxable","15":"purchasable","16":"product-type-simple","swatches":"rey-swatches","show_selected":""},"acf":[],"_links":{"self":[{"href":"https:\/\/shop.allure.al\/en\/wp-json\/wp\/v2\/product\/19579","targetHints":{"allow":["GET"]}}],"collection":[{"href":"https:\/\/shop.allure.al\/en\/wp-json\/wp\/v2\/product"}],"about":[{"href":"https:\/\/shop.allure.al\/en\/wp-json\/wp\/v2\/types\/product"}],"replies":[{"embeddable":true,"href":"https:\/\/shop.allure.al\/en\/wp-json\/wp\/v2\/comments?post=19579"}],"version-history":[{"count":1,"href":"https:\/\/shop.allure.al\/en\/wp-json\/wp\/v2\/product\/19579\/revisions"}],"predecessor-version":[{"id":19746,"href":"https:\/\/shop.allure.al\/en\/wp-json\/wp\/v2\/product\/19579\/revisions\/19746"}],"wp:featuredmedia":[{"embeddable":true,"href":"https:\/\/shop.allure.al\/en\/wp-json\/wp\/v2\/media\/19144"}],"wp:attachment":[{"href":"https:\/\/shop.allure.al\/en\/wp-json\/wp\/v2\/media?parent=19579"}],"wp:term":[{"taxonomy":"product_cat","embeddable":true,"href":"https:\/\/shop.allure.al\/en\/wp-json\/wp\/v2\/product_cat?post=19579"},{"taxonomy":"product_tag","embeddable":true,"href":"https:\/\/shop.allure.al\/en\/wp-json\/wp\/v2\/product_tag?post=19579"}],"curies":[{"name":"wp","href":"https:\/\/api.w.org\/{rel}","templated":true}]}}