{"id":19580,"date":"2026-02-17T17:48:02","date_gmt":"2026-02-17T16:48:02","guid":{"rendered":"https:\/\/shop.allure.al\/product\/black-head-solution\/"},"modified":"2026-02-26T00:43:25","modified_gmt":"2026-02-25T23:43:25","slug":"black-head-solution","status":"publish","type":"product","link":"https:\/\/shop.allure.al\/en\/product\/black-head-solution\/","title":{"rendered":"Black Head Solution"},"content":{"rendered":"<p>Bellmona Black Head Solution \u00ebsht\u00eb nj\u00eb zgjidhje e thell\u00eb pastruese e formuluar enkas p\u00ebr heqjen e kokave t\u00eb zeza dhe sebumin e ngurt\u00ebsuar n\u00eb poret e zon\u00ebs T. Tret\u00ebsira e but\u00eb por efektive dep\u00ebrton thell\u00eb n\u00eb pore, pastron mbetjet e ngurt\u00ebsuara dhe ndihmon n\u00eb rrjedhjen natyrale t\u00eb sebumin.<\/p>\n","protected":false},"excerpt":{"rendered":"<p>Zgjidhje pastruese p\u00ebr koka t\u00eb zeza dhe pore t\u00eb mbyllura.<\/p>\n","protected":false},"featured_media":18440,"comment_status":"open","ping_status":"closed","template":"","meta":{"_acf_changed":false},"product_cat":[251,252],"product_tag":[1026,94],"class_list":{"0":"post-19580","1":"product","2":"type-product","3":"status-publish","4":"has-post-thumbnail","6":"product_cat-eksfoljues","7":"product_cat-toner","8":"product_tag-bellmona","9":"product_tag-e-yndyrshme","10":"pa_brands-merikit","12":"first","13":"instock","14":"shipping-taxable","15":"purchasable","16":"product-type-simple","swatches":"rey-swatches","show_selected":""},"acf":[],"_links":{"self":[{"href":"https:\/\/shop.allure.al\/en\/wp-json\/wp\/v2\/product\/19580","targetHints":{"allow":["GET"]}}],"collection":[{"href":"https:\/\/shop.allure.al\/en\/wp-json\/wp\/v2\/product"}],"about":[{"href":"https:\/\/shop.allure.al\/en\/wp-json\/wp\/v2\/types\/product"}],"replies":[{"embeddable":true,"href":"https:\/\/shop.allure.al\/en\/wp-json\/wp\/v2\/comments?post=19580"}],"version-history":[{"count":3,"href":"https:\/\/shop.allure.al\/en\/wp-json\/wp\/v2\/product\/19580\/revisions"}],"predecessor-version":[{"id":19874,"href":"https:\/\/shop.allure.al\/en\/wp-json\/wp\/v2\/product\/19580\/revisions\/19874"}],"wp:featuredmedia":[{"embeddable":true,"href":"https:\/\/shop.allure.al\/en\/wp-json\/wp\/v2\/media\/18440"}],"wp:attachment":[{"href":"https:\/\/shop.allure.al\/en\/wp-json\/wp\/v2\/media?parent=19580"}],"wp:term":[{"taxonomy":"product_cat","embeddable":true,"href":"https:\/\/shop.allure.al\/en\/wp-json\/wp\/v2\/product_cat?post=19580"},{"taxonomy":"product_tag","embeddable":true,"href":"https:\/\/shop.allure.al\/en\/wp-json\/wp\/v2\/product_tag?post=19580"}],"curies":[{"name":"wp","href":"https:\/\/api.w.org\/{rel}","templated":true}]}}