{"id":19581,"date":"2026-02-17T17:48:03","date_gmt":"2026-02-17T16:48:03","guid":{"rendered":"https:\/\/shop.allure.al\/product\/bubble-tok-cleanser\/"},"modified":"2026-02-26T00:43:23","modified_gmt":"2026-02-25T23:43:23","slug":"bubble-tok-cleanser","status":"publish","type":"product","link":"https:\/\/shop.allure.al\/en\/product\/bubble-tok-cleanser\/","title":{"rendered":"Bubble Tok Cleanser"},"content":{"rendered":"<p>Bubble Tok Cleanser eshte nje pastrues inovativ me efekt flluskues, i formuluar per te pastruar ne menyre te thelle poret dhe per te hequr papastersite, makiazhin dhe seumin e teperte pa irrituar lekuren. Formula e tij unike aktivizohet me kontaktin me lekuren, duke formuar flluska te vogla oksigjenike qe dep\u00ebrtojne ne pore dhe largojne impuriteitet me efektivitet te larte. Perberesit qetesues si aloe vera dhe panthenol balancojne efektin pastrues, duke siguruar qe lekura te mbes\u00eb e but\u00eb dhe e hidraturar pas perdorimit. Tekstura e tij e lehte e ben perdorimin nje eksperience te kendshem dhe relaksuese. I pershtatsh\u00ebm per perdorim te perditshem per te gjitha llojet e lekures, sidomos per ato me pore te bllokuara ose te dukshme.<\/p>\n","protected":false},"excerpt":{"rendered":"<p><span dir=\"ltr\" role=\"presentation\">Kjo linj\u00eb qet\u00ebsuese dhe rigjall\u00ebruese e kujdesit t\u00eb l\u00ebkur\u00ebs hidraton fytyr\u00ebn dhe jep <\/span><span dir=\"ltr\" role=\"presentation\">nj\u00eb p\u00ebrfundim freskues dhe qet\u00ebsues n\u00eb l\u00ebkur\u00ebn e ndjeshme. Tekstura jo ngjit\u00ebse <\/span><span dir=\"ltr\" role=\"presentation\">\u00ebsht\u00eb shum\u00eb e p\u00ebrshtatshme dhe p\u00ebr l\u00ebkur\u00ebn e yndyrshme me prodhim t\u00eb tep\u00ebrt <\/span><span dir=\"ltr\" role=\"presentation\">sebumi.<\/span><br role=\"presentation\" \/><span dir=\"ltr\" role=\"presentation\">Seria Ac Infusion nuk bllokon poret, heq n\u00eb m\u00ebnyr\u00eb efektive produktet e kozmetik\u00ebs <\/span><span dir=\"ltr\" role=\"presentation\">t\u00eb pap\u00ebrshkrueshme nga uji, si dhe qelizat e vdekura t\u00eb l\u00ebkur\u00ebs. Kjo linj\u00eb <\/span><span dir=\"ltr\" role=\"presentation\">p\u00ebrmir\u00ebson tonalitetin, rikthen gjall\u00ebrin\u00eb dhe lag\u00ebshtin\u00eb n\u00eb l\u00ebkur\u00eb. Linja \u00ebsht\u00eb e <\/span><span dir=\"ltr\" role=\"presentation\">mbushur me p\u00ebrb\u00ebr\u00ebs natyral\u00eb duke p\u00ebrfshir\u00eb lulen e kamomilit, brokolin dhe <\/span><span dir=\"ltr\" role=\"presentation\">ekstraktin e veshtullit.<\/span><\/p>\n","protected":false},"featured_media":19088,"comment_status":"open","ping_status":"closed","template":"","meta":{"_acf_changed":false},"product_cat":[250],"product_tag":[94,106,81],"class_list":{"0":"post-19581","1":"product","2":"type-product","3":"status-publish","4":"has-post-thumbnail","6":"product_cat-lares","7":"product_tag-e-yndyrshme","8":"product_tag-pa-shkelqim","9":"product_tag-hiperpigmentim","10":"pa_brands-merikit","12":"first","13":"instock","14":"shipping-taxable","15":"purchasable","16":"product-type-simple","swatches":"rey-swatches","show_selected":""},"acf":[],"_links":{"self":[{"href":"https:\/\/shop.allure.al\/en\/wp-json\/wp\/v2\/product\/19581","targetHints":{"allow":["GET"]}}],"collection":[{"href":"https:\/\/shop.allure.al\/en\/wp-json\/wp\/v2\/product"}],"about":[{"href":"https:\/\/shop.allure.al\/en\/wp-json\/wp\/v2\/types\/product"}],"replies":[{"embeddable":true,"href":"https:\/\/shop.allure.al\/en\/wp-json\/wp\/v2\/comments?post=19581"}],"version-history":[{"count":1,"href":"https:\/\/shop.allure.al\/en\/wp-json\/wp\/v2\/product\/19581\/revisions"}],"predecessor-version":[{"id":19793,"href":"https:\/\/shop.allure.al\/en\/wp-json\/wp\/v2\/product\/19581\/revisions\/19793"}],"wp:featuredmedia":[{"embeddable":true,"href":"https:\/\/shop.allure.al\/en\/wp-json\/wp\/v2\/media\/19088"}],"wp:attachment":[{"href":"https:\/\/shop.allure.al\/en\/wp-json\/wp\/v2\/media?parent=19581"}],"wp:term":[{"taxonomy":"product_cat","embeddable":true,"href":"https:\/\/shop.allure.al\/en\/wp-json\/wp\/v2\/product_cat?post=19581"},{"taxonomy":"product_tag","embeddable":true,"href":"https:\/\/shop.allure.al\/en\/wp-json\/wp\/v2\/product_tag?post=19581"}],"curies":[{"name":"wp","href":"https:\/\/api.w.org\/{rel}","templated":true}]}}