{"id":19584,"date":"2026-02-17T17:48:06","date_gmt":"2026-02-17T16:48:06","guid":{"rendered":"https:\/\/shop.allure.al\/product\/ceramide\/"},"modified":"2026-02-26T00:42:24","modified_gmt":"2026-02-25T23:42:24","slug":"ceramide","status":"publish","type":"product","link":"https:\/\/shop.allure.al\/en\/product\/ceramide\/","title":{"rendered":"Ceramide"},"content":{"rendered":"<p>Barriera e l\u00ebkur\u00ebs \u00ebsht\u00eb arkitektura jon\u00eb biologjike m\u00eb e \u00e7muar\u2014nj\u00eb sistem inteligjent q\u00eb ruan lag\u00ebshtin\u00eb, mbron nga ndotja, stresi oksidativ dhe ndryshimet klimatike, nd\u00ebrsa siguron but\u00ebsi, elasticitet dhe shk\u00eblqim natyral. Kur kjo barrier\u00eb \u00ebsht\u00eb e fort\u00eb, l\u00ebkura duket e qet\u00eb, e hidratuar dhe rezistente. Por kur komprometohet, ekuilibri prishet: shfaqen tharja, ndjeshm\u00ebsia, skuqja, irritimi dhe humbja e vitalitetit.<\/p>\n<p>Ceramide E5 Intensive Cream \u00ebsht\u00eb krijuar pik\u00ebrisht p\u00ebr k\u00ebt\u00eb gjendje\u2014nj\u00eb formul\u00eb e avancuar restauruese q\u00eb rikthen integritetin e barrier\u00ebs mbrojt\u00ebse t\u00eb l\u00ebkur\u00ebs n\u00eb thell\u00ebsi. Duke p\u00ebrdorur nj\u00eb kompleks ekskluziv prej pes\u00eb lloje ceramidesh biomimetike, kremi imiton sakt\u00ebsisht struktur\u00ebn natyrale t\u00eb l\u00ebkur\u00ebs, duke krijuar nj\u00eb shtres\u00eb t\u00eb but\u00eb, t\u00eb q\u00ebndrueshme dhe t\u00eb mbrojtur.<\/p>\n","protected":false},"excerpt":{"rendered":"<p>Ceramide E5 Intensive Cream \u00ebsht\u00eb nj\u00eb krem rigjenerues i formuluar me 5 lloje ceramidesh biomimetike q\u00eb riparojn\u00eb barrier\u00ebn e l\u00ebkur\u00ebs, rikthejn\u00eb hidratimin e thell\u00eb dhe qet\u00ebsojn\u00eb irritimet. Tekstura e tij e but\u00eb dhe e pasur shkrin mbi l\u00ebkur\u00eb, duke e l\u00ebn\u00eb t\u00eb ushqyer, elastike dhe t\u00eb mbrojtur gjat\u00eb gjith\u00eb dit\u00ebs. Ideal p\u00ebr l\u00ebkur\u00eb t\u00eb d\u00ebmtuar, t\u00eb ndjeshme ose t\u00eb dehidratuar q\u00eb k\u00ebrkon rikuperim t\u00eb menj\u00ebhersh\u00ebm.<\/p>\n","protected":false},"featured_media":19049,"comment_status":"open","ping_status":"closed","template":"","meta":{"_acf_changed":false},"product_cat":[1418],"product_tag":[1028,1033,84],"class_list":{"0":"post-19584","1":"product","2":"type-product","3":"status-publish","4":"has-post-thumbnail","6":"product_cat-krem","7":"product_tag-cream","8":"product_tag-merikit","9":"product_tag-normale","10":"pa_brands-merikit","12":"first","13":"instock","14":"shipping-taxable","15":"purchasable","16":"product-type-simple","swatches":"rey-swatches","show_selected":""},"acf":[],"_links":{"self":[{"href":"https:\/\/shop.allure.al\/en\/wp-json\/wp\/v2\/product\/19584","targetHints":{"allow":["GET"]}}],"collection":[{"href":"https:\/\/shop.allure.al\/en\/wp-json\/wp\/v2\/product"}],"about":[{"href":"https:\/\/shop.allure.al\/en\/wp-json\/wp\/v2\/types\/product"}],"replies":[{"embeddable":true,"href":"https:\/\/shop.allure.al\/en\/wp-json\/wp\/v2\/comments?post=19584"}],"version-history":[{"count":1,"href":"https:\/\/shop.allure.al\/en\/wp-json\/wp\/v2\/product\/19584\/revisions"}],"predecessor-version":[{"id":19856,"href":"https:\/\/shop.allure.al\/en\/wp-json\/wp\/v2\/product\/19584\/revisions\/19856"}],"wp:featuredmedia":[{"embeddable":true,"href":"https:\/\/shop.allure.al\/en\/wp-json\/wp\/v2\/media\/19049"}],"wp:attachment":[{"href":"https:\/\/shop.allure.al\/en\/wp-json\/wp\/v2\/media?parent=19584"}],"wp:term":[{"taxonomy":"product_cat","embeddable":true,"href":"https:\/\/shop.allure.al\/en\/wp-json\/wp\/v2\/product_cat?post=19584"},{"taxonomy":"product_tag","embeddable":true,"href":"https:\/\/shop.allure.al\/en\/wp-json\/wp\/v2\/product_tag?post=19584"}],"curies":[{"name":"wp","href":"https:\/\/api.w.org\/{rel}","templated":true}]}}