{"id":19590,"date":"2026-02-17T17:48:13","date_gmt":"2026-02-17T16:48:13","guid":{"rendered":"https:\/\/shop.allure.al\/?post_type=product&#038;p=19590"},"modified":"2026-02-26T00:42:23","modified_gmt":"2026-02-25T23:42:23","slug":"double-peeling-gel","status":"publish","type":"product","link":"https:\/\/shop.allure.al\/en\/product\/double-peeling-gel\/","title":{"rendered":"Double Peeling Gel"},"content":{"rendered":"<p>Double Peeling Gel nga Bellmona \u00ebsht\u00eb nj\u00eb eksfoliant i dyfisht\u00eb me p\u00ebrb\u00ebrje elegante, q\u00eb kombinon mekanizm\u00ebn fizike dhe p\u00ebrb\u00ebr\u00ebs natyror\u00eb p\u00ebr t\u00eb rigjeneruar dhe zbukuruar l\u00ebkur\u00ebn. Ky gel p\u00ebrfshin mikroceluloz\u00eb si shtres\u00eb mekanike q\u00eb largon qelizat e vdekura, nd\u00ebrsa ekstrakti i papaj\u00ebs ndihmon n\u00eb shp\u00ebrb\u00ebrjen e lidhjeve nd\u00ebrmjet qelizave p\u00ebr nj\u00eb eksfolim t\u00eb but\u00eb. Me hidratues si Betaine, Arginine dhe Sodium Hyaluronate, bashk\u00eb me qet\u00ebsues si Allantoin dhe ekstrakt portulak\u00eb (Portulaca oleracea), produkti nuk e thahet l\u00ebkur\u00ebn por kujdeset q\u00eb pas eksfolimit t\u00eb ruaj\u00eb ekuilibrin dhe but\u00ebsin\u00eb. Tekstura e tij e pasur por jo e r\u00ebnd\u00eb e lejon aplikimin t\u00eb jet\u00eb nj\u00eb ritual i qet\u00eb p\u00ebr fytyr\u00ebn \u2014 pastrimin e q\u00eblluar p\u00ebr t\u00eb sjell\u00eb freski, shk\u00eblqim dhe elasticitet. Me p\u00ebrdorim t\u00eb rregullt (rreth nj\u00eb deri dy her\u00eb n\u00eb jav\u00eb), Double Peeling Gel ndihmon n\u00eb p\u00ebrmir\u00ebsimin e struktur\u00ebs s\u00eb l\u00ebkur\u00ebs, shtr\u00ebngimin e poreve dhe rikthimin e pamjes rinore dhe t\u00eb sh\u00ebndetshme.<\/p>\n","protected":false},"excerpt":{"rendered":"<p>Bellmona Double Peeling Gel eksfolion but\u00ebsisht, hidraton dhe rigjeneron l\u00ebkur\u00ebn me mikroceluloz\u00eb, ekstrakt papaje, portulak\u00eb dhe Sodium Hyaluronate \u2014 duke l\u00ebn\u00eb fytyr\u00ebn t\u00eb past\u00ebr, t\u00eb fresk\u00ebt dhe me shk\u00eblqim natyral.<\/p>\n","protected":false},"featured_media":18111,"comment_status":"open","ping_status":"closed","template":"","meta":{"_acf_changed":false},"product_cat":[251],"product_tag":[84,1033],"class_list":{"0":"post-19590","1":"product","2":"type-product","3":"status-publish","4":"has-post-thumbnail","6":"product_cat-eksfoljues","7":"product_tag-normale","8":"product_tag-merikit","9":"pa_brands-merikit","11":"first","12":"instock","13":"shipping-taxable","14":"purchasable","15":"product-type-simple","swatches":"rey-swatches","show_selected":""},"acf":[],"_links":{"self":[{"href":"https:\/\/shop.allure.al\/en\/wp-json\/wp\/v2\/product\/19590","targetHints":{"allow":["GET"]}}],"collection":[{"href":"https:\/\/shop.allure.al\/en\/wp-json\/wp\/v2\/product"}],"about":[{"href":"https:\/\/shop.allure.al\/en\/wp-json\/wp\/v2\/types\/product"}],"replies":[{"embeddable":true,"href":"https:\/\/shop.allure.al\/en\/wp-json\/wp\/v2\/comments?post=19590"}],"version-history":[{"count":3,"href":"https:\/\/shop.allure.al\/en\/wp-json\/wp\/v2\/product\/19590\/revisions"}],"predecessor-version":[{"id":19875,"href":"https:\/\/shop.allure.al\/en\/wp-json\/wp\/v2\/product\/19590\/revisions\/19875"}],"wp:featuredmedia":[{"embeddable":true,"href":"https:\/\/shop.allure.al\/en\/wp-json\/wp\/v2\/media\/18111"}],"wp:attachment":[{"href":"https:\/\/shop.allure.al\/en\/wp-json\/wp\/v2\/media?parent=19590"}],"wp:term":[{"taxonomy":"product_cat","embeddable":true,"href":"https:\/\/shop.allure.al\/en\/wp-json\/wp\/v2\/product_cat?post=19590"},{"taxonomy":"product_tag","embeddable":true,"href":"https:\/\/shop.allure.al\/en\/wp-json\/wp\/v2\/product_tag?post=19590"}],"curies":[{"name":"wp","href":"https:\/\/api.w.org\/{rel}","templated":true}]}}