{"id":19591,"date":"2026-02-17T17:48:13","date_gmt":"2026-02-17T16:48:13","guid":{"rendered":"https:\/\/shop.allure.al\/?post_type=product&#038;p=19591"},"modified":"2026-02-26T00:42:45","modified_gmt":"2026-02-25T23:42:45","slug":"energizing-cream","status":"publish","type":"product","link":"https:\/\/shop.allure.al\/en\/product\/energizing-cream\/","title":{"rendered":"Energizing Cream"},"content":{"rendered":"<p>Orjade Energizing Cream \u00ebsht\u00eb krijuar p\u00ebr t\u00eb rikthyer vitalitetin, gjall\u00ebrin\u00eb dhe shk\u00eblqimin natyral t\u00eb l\u00ebkur\u00ebs. E frym\u00ebzuar nga dermatologjia moderne dhe filozofia e kujdesit t\u00eb but\u00eb, kjo formul\u00eb luksoze vepron n\u00eb nivele t\u00eb shum\u00ebfishta p\u00ebr t\u00eb zgjuar l\u00ebkur\u00ebn e lodhur, t\u00eb stresuar dhe t\u00eb dehidratuar.<\/p>\n<p>Tekstura \u00ebsht\u00eb e leht\u00eb, me p\u00ebrthithje t\u00eb shpejt\u00eb, por jasht\u00ebzakonisht e pasur n\u00eb veprim: nj\u00eb kombinim i fuqish\u00ebm i komplekseve energjizuese me peptide, vitaminave antioksiduese, ujit t\u00eb past\u00ebr mineral, dhe ekstrakteve botanike qet\u00ebsuese q\u00eb punojn\u00eb n\u00eb sinergji p\u00ebr t\u00eb rikthyer freskin\u00eb dhe elasticitetin.<\/p>\n<p>Formula nxit mikrocirkulacionin, p\u00ebrmir\u00ebson prodhimin natyral t\u00eb energjis\u00eb qelizore (ATP), lufton shenjat e lodhjes, ul inflamacionin dhe forcon barrier\u00ebn e l\u00ebkur\u00ebs. Me p\u00ebrdorim t\u00eb rregullt, l\u00ebkura duket m\u00eb e fort\u00eb, m\u00eb e unifikuar, m\u00eb e but\u00eb \u2013 dhe rrezaton sh\u00ebndet.<\/p>\n<p>Orjade Energizing Cream \u00ebsht\u00eb ideale p\u00ebr persona q\u00eb k\u00ebrkojn\u00eb nj\u00eb krem\u00eb q\u00eb jo vet\u00ebm hidraton, por rikthen gjall\u00ebrin\u00eb qelizore, freskon dhe transformon l\u00ebkur\u00ebn q\u00eb nga aplikimi i par\u00eb.<\/p>\n","protected":false},"excerpt":{"rendered":"<p>Nj\u00eb krem\u00eb e leht\u00eb energjizuese q\u00eb rikthen shk\u00eblqimin, elasticitetin dhe vitalitetin e l\u00ebkur\u00ebs. E pasuruar me peptide rigjeneruese, vitamina antioksiduese dhe ekstrakte botanike, kjo formul\u00eb forcon barrier\u00ebn, qet\u00ebson irritimin dhe i jep l\u00ebkur\u00ebs nj\u00eb ndri\u00e7im t\u00eb sh\u00ebndetsh\u00ebm e t\u00eb fresk\u00ebt gjat\u00eb gjith\u00eb dit\u00ebs.<\/p>\n","protected":false},"featured_media":19106,"comment_status":"open","ping_status":"closed","template":"","meta":{"_acf_changed":false},"product_cat":[1418],"product_tag":[84,1027,1028],"class_list":{"0":"post-19591","1":"product","2":"type-product","3":"status-publish","4":"has-post-thumbnail","6":"product_cat-krem","7":"product_tag-normale","8":"product_tag-orjade","9":"product_tag-cream","10":"pa_brands-bellmona","12":"first","13":"instock","14":"shipping-taxable","15":"purchasable","16":"product-type-simple","swatches":"rey-swatches","show_selected":""},"acf":[],"_links":{"self":[{"href":"https:\/\/shop.allure.al\/en\/wp-json\/wp\/v2\/product\/19591","targetHints":{"allow":["GET"]}}],"collection":[{"href":"https:\/\/shop.allure.al\/en\/wp-json\/wp\/v2\/product"}],"about":[{"href":"https:\/\/shop.allure.al\/en\/wp-json\/wp\/v2\/types\/product"}],"replies":[{"embeddable":true,"href":"https:\/\/shop.allure.al\/en\/wp-json\/wp\/v2\/comments?post=19591"}],"version-history":[{"count":1,"href":"https:\/\/shop.allure.al\/en\/wp-json\/wp\/v2\/product\/19591\/revisions"}],"predecessor-version":[{"id":19614,"href":"https:\/\/shop.allure.al\/en\/wp-json\/wp\/v2\/product\/19591\/revisions\/19614"}],"wp:featuredmedia":[{"embeddable":true,"href":"https:\/\/shop.allure.al\/en\/wp-json\/wp\/v2\/media\/19106"}],"wp:attachment":[{"href":"https:\/\/shop.allure.al\/en\/wp-json\/wp\/v2\/media?parent=19591"}],"wp:term":[{"taxonomy":"product_cat","embeddable":true,"href":"https:\/\/shop.allure.al\/en\/wp-json\/wp\/v2\/product_cat?post=19591"},{"taxonomy":"product_tag","embeddable":true,"href":"https:\/\/shop.allure.al\/en\/wp-json\/wp\/v2\/product_tag?post=19591"}],"curies":[{"name":"wp","href":"https:\/\/api.w.org\/{rel}","templated":true}]}}