{"id":19592,"date":"2026-02-17T17:48:14","date_gmt":"2026-02-17T16:48:14","guid":{"rendered":"https:\/\/shop.allure.al\/?post_type=product&#038;p=19592"},"modified":"2026-02-26T00:42:41","modified_gmt":"2026-02-25T23:42:41","slug":"gold-salmon-egg-hydrogel","status":"publish","type":"product","link":"https:\/\/shop.allure.al\/en\/product\/gold-salmon-egg-hydrogel\/","title":{"rendered":"Gold Salmon Egg Hydrogel"},"content":{"rendered":"<p>Gold Salmon Egg Hydrogel \u00ebsht\u00eb nj\u00eb maske premium i krijuar p\u00ebr t\u2019i dh\u00ebn\u00eb l\u00ebkur\u00ebs transformim t\u00eb menj\u00ebhersh\u00ebm n\u00eb shk\u00eblqim, ton, hidratim dhe vitalitet. I frym\u00ebzuar nga p\u00ebrb\u00ebr\u00ebsit bioaktiv\u00eb t\u00eb natyr\u00ebs dhe teknologjit\u00eb e avancuara dermatologjike, ky hydrogel i pasur shkrin mbi l\u00ebkur\u00eb si nj\u00eb infuzion i art\u00eb rigjenerues.<\/p>\n<p>Formula e tij unikale kombinon ekstraktet e vez\u00ebve t\u00eb salmonit \u2013 t\u00eb pasura me peptide, aminoacide dhe acide yndyrore omega \u2013 me koloid ari, duke krijuar nj\u00eb sinergji q\u00eb qet\u00ebson, rigjeneron dhe ndihmon n\u00eb p\u00ebrmir\u00ebsimin e elasticitetit t\u00eb l\u00ebkur\u00ebs. Tekstura e fresk\u00ebt hydrogel dep\u00ebrton thell\u00eb, duke p\u00ebr\u00e7uar hidratim t\u00eb menj\u00ebhersh\u00ebm dhe nj\u00eb ndjesi freskie q\u00eb qet\u00ebson l\u00ebkur\u00ebn e stresuar.<\/p>\n<p>Aroma delikate, shk\u00eblqimi i art\u00eb dhe ndjesia e but\u00eb e aplikimit e kthejn\u00eb k\u00ebt\u00eb produkt n\u00eb nj\u00eb moment rituali luks, nd\u00ebrsa komplekset e tij t\u00eb avancuara ushqejn\u00eb l\u00ebkur\u00ebn, rikthejn\u00eb gjall\u00ebrin\u00eb dhe e mbrojn\u00eb nga agresor\u00ebt e jasht\u00ebm.<\/p>\n","protected":false},"excerpt":{"rendered":"<p>Gold Salmon Egg Hydrogel \u00ebsht\u00eb nj\u00eb trajtim luks p\u00ebr fytyr\u00ebn, i pasur me peptide nga vez\u00ebt e salmonit, kolloid ari dhe hyaluronic acid, q\u00eb rigjeneron, hidratuar dhe ndri\u00e7on l\u00ebkur\u00ebn. Tekstura e fresk\u00ebt hydrogel p\u00ebrthithet menj\u00ebher\u00eb, duke ofruar nj\u00eb ndjesi t\u00eb qet\u00eb dhe shk\u00eblqim t\u00eb menj\u00ebhersh\u00ebm. Ideal si trajtim intensiv ose si pjes\u00eb e rutin\u00ebs s\u00eb p\u00ebrditshme t\u00eb kujdesit p\u00ebr l\u00ebkur\u00eb t\u00eb lodhur, t\u00eb stresuar dhe me humbje elasticiteti.<\/p>\n","protected":false},"featured_media":19035,"comment_status":"open","ping_status":"closed","template":"","meta":{"_acf_changed":false},"product_cat":[1419,256],"product_tag":[82,1108],"class_list":{"0":"post-19592","1":"product","2":"type-product","3":"status-publish","4":"has-post-thumbnail","6":"product_cat-xhel","7":"product_cat-maska","8":"product_tag-me-rrudha","9":"product_tag-ronas","10":"pa_brands-ronas","12":"first","13":"instock","14":"shipping-taxable","15":"purchasable","16":"product-type-simple","swatches":"rey-swatches","show_selected":""},"acf":[],"_links":{"self":[{"href":"https:\/\/shop.allure.al\/en\/wp-json\/wp\/v2\/product\/19592","targetHints":{"allow":["GET"]}}],"collection":[{"href":"https:\/\/shop.allure.al\/en\/wp-json\/wp\/v2\/product"}],"about":[{"href":"https:\/\/shop.allure.al\/en\/wp-json\/wp\/v2\/types\/product"}],"replies":[{"embeddable":true,"href":"https:\/\/shop.allure.al\/en\/wp-json\/wp\/v2\/comments?post=19592"}],"version-history":[{"count":1,"href":"https:\/\/shop.allure.al\/en\/wp-json\/wp\/v2\/product\/19592\/revisions"}],"predecessor-version":[{"id":19615,"href":"https:\/\/shop.allure.al\/en\/wp-json\/wp\/v2\/product\/19592\/revisions\/19615"}],"wp:featuredmedia":[{"embeddable":true,"href":"https:\/\/shop.allure.al\/en\/wp-json\/wp\/v2\/media\/19035"}],"wp:attachment":[{"href":"https:\/\/shop.allure.al\/en\/wp-json\/wp\/v2\/media?parent=19592"}],"wp:term":[{"taxonomy":"product_cat","embeddable":true,"href":"https:\/\/shop.allure.al\/en\/wp-json\/wp\/v2\/product_cat?post=19592"},{"taxonomy":"product_tag","embeddable":true,"href":"https:\/\/shop.allure.al\/en\/wp-json\/wp\/v2\/product_tag?post=19592"}],"curies":[{"name":"wp","href":"https:\/\/api.w.org\/{rel}","templated":true}]}}