{"id":19593,"date":"2026-02-17T17:48:14","date_gmt":"2026-02-17T16:48:14","guid":{"rendered":"https:\/\/shop.allure.al\/?post_type=product&#038;p=19593"},"modified":"2026-02-26T00:43:19","modified_gmt":"2026-02-25T23:43:19","slug":"golden-time-expert-ampoule","status":"publish","type":"product","link":"https:\/\/shop.allure.al\/en\/product\/golden-time-expert-ampoule\/","title":{"rendered":"Golden Time Expert Ampoule"},"content":{"rendered":"<p>Ronas Golden Time Expert Ampoule \u00ebsht\u00eb nj\u00eb koncentrat i ngjeshur n\u00eb fuqi, nj\u00eb eliksir rigjenerues q\u00eb rikthen vitalitetin natyral t\u00eb l\u00ebkur\u00ebs n\u00eb vet\u00ebm disa sekonda. Projektuar me filozofin\u00eb e bukuris\u00eb s\u00eb qet\u00eb dhe shkenc\u00ebs s\u00eb avancuar, kjo ampul\u00eb sjell nj\u00eb p\u00ebrzierje t\u00eb sofistikuar t\u00eb peptideve biomimetike, komplekseve t\u00eb kolagjenit, vitaminave rigjeneruese dhe molekulave hidratuese me veprim t\u00eb menj\u00ebhersh\u00ebm, p\u00ebr t\u00eb rikthyer elasticitetin dhe shk\u00eblqimin karakteristik t\u00eb nj\u00eb l\u00ebkure t\u00eb re dhe t\u00eb sh\u00ebndetshme.<\/p>\n<p>Formula e saj \u00ebsht\u00eb e strukturuar n\u00eb m\u00ebnyr\u00eb inteligjente p\u00ebr t\u00eb p\u00ebrmir\u00ebsuar dinamikat qelizore, duke stimuluar proceset natyrale t\u00eb rigjenerimit dhe riparimit. Ampula dep\u00ebrton n\u00eb thell\u00ebsi, ku d\u00ebmtohet m\u00eb shum\u00eb l\u00ebkura, p\u00ebr t\u00eb furnizuar menj\u00ebher\u00eb qelizat me energji, aminoacide t\u00eb tipit peptidik dhe antioksidant\u00eb q\u00eb frenojn\u00eb plakjen e p\u00ebrshpejtuar. Rezultati \u00ebsht\u00eb nj\u00eb efekt i duksh\u00ebm \u201clifting\u201d, dhe l\u00ebkura fiton q\u00ebndrueshm\u00ebri, dend\u00ebsi dhe nj\u00eb ton t\u00eb unifikuar q\u00eb duket sikur \u00ebsht\u00eb ndri\u00e7uar nga brenda.<\/p>\n<p>Tekstura \u00ebsht\u00eb fluide, elegante dhe e tejdukshme \u2014 nj\u00eb lloj serumi i kompresuar n\u00eb form\u00eb ampule, q\u00eb shkrihet n\u00eb \u00e7ast pa l\u00ebn\u00eb ndjesi ngjit\u00ebse apo t\u00eb r\u00ebnd\u00eb. Me vet\u00ebm disa pika, l\u00ebkura b\u00ebhet m\u00eb e but\u00eb, m\u00eb e plot\u00eb dhe duksh\u00ebm m\u00eb e gjall\u00eb, nd\u00ebrsa efektet e lodhjes zbehen menj\u00ebher\u00eb. Ampula \u00ebsht\u00eb krijuar p\u00ebr t\u00eb qen\u00eb nj\u00eb \u201cboost\u201d i p\u00ebrditsh\u00ebm, nj\u00eb trajtim intensiv p\u00ebr momentet kur l\u00ebkura ka nevoj\u00eb p\u00ebr performanc\u00eb maksimale.<\/p>\n<p>Ky \u00ebsht\u00eb luks i heshtur, por i fuqish\u00ebm \u2014 nj\u00eb formul\u00eb profesionale q\u00eb e transformon rutin\u00ebn e kujdesit n\u00eb nj\u00eb ritual t\u00eb v\u00ebrtet\u00eb rigjenerimi.<\/p>\n","protected":false},"excerpt":{"rendered":"<p>Ronas Golden Time Expert Ampoule \u00ebsht\u00eb nj\u00eb eliksir luksoz rigjenerues, i formuluar p\u00ebr t\u00eb rikthyer elasticitetin, dend\u00ebsin\u00eb dhe ndri\u00e7imin natyral t\u00eb l\u00ebkur\u00ebs. Me peptide biomimetike, kolagjen t\u00eb hidrolizuar, ceramide dhe niacinamide, kjo ampul\u00eb vepron n\u00eb thell\u00ebsi p\u00ebr t\u00eb forcuar barrier\u00ebn mbrojt\u00ebse, zbutur vijat e imta dhe rikthyer vitalitetin e humbur. Tekstura e saj e leht\u00eb p\u00ebrthithet menj\u00ebher\u00eb, duke i dh\u00ebn\u00eb l\u00ebkur\u00ebs pamje t\u00eb l\u00ebmuar, t\u00eb dendur dhe rrezatuese \u2014 perfekte p\u00ebr p\u00ebrdorim ditor ose si trajtim intensiv pas procedurave estetike.<\/p>\n","protected":false},"featured_media":19052,"comment_status":"open","ping_status":"closed","template":"","meta":{"_acf_changed":false},"product_cat":[253],"product_tag":[84,1108],"class_list":{"0":"post-19593","1":"product","2":"type-product","3":"status-publish","4":"has-post-thumbnail","6":"product_cat-ampule","7":"product_tag-normale","8":"product_tag-ronas","9":"pa_brands-ronas","11":"first","12":"instock","13":"shipping-taxable","14":"purchasable","15":"product-type-simple","swatches":"rey-swatches","show_selected":""},"acf":[],"_links":{"self":[{"href":"https:\/\/shop.allure.al\/en\/wp-json\/wp\/v2\/product\/19593","targetHints":{"allow":["GET"]}}],"collection":[{"href":"https:\/\/shop.allure.al\/en\/wp-json\/wp\/v2\/product"}],"about":[{"href":"https:\/\/shop.allure.al\/en\/wp-json\/wp\/v2\/types\/product"}],"replies":[{"embeddable":true,"href":"https:\/\/shop.allure.al\/en\/wp-json\/wp\/v2\/comments?post=19593"}],"version-history":[{"count":1,"href":"https:\/\/shop.allure.al\/en\/wp-json\/wp\/v2\/product\/19593\/revisions"}],"predecessor-version":[{"id":19616,"href":"https:\/\/shop.allure.al\/en\/wp-json\/wp\/v2\/product\/19593\/revisions\/19616"}],"wp:featuredmedia":[{"embeddable":true,"href":"https:\/\/shop.allure.al\/en\/wp-json\/wp\/v2\/media\/19052"}],"wp:attachment":[{"href":"https:\/\/shop.allure.al\/en\/wp-json\/wp\/v2\/media?parent=19593"}],"wp:term":[{"taxonomy":"product_cat","embeddable":true,"href":"https:\/\/shop.allure.al\/en\/wp-json\/wp\/v2\/product_cat?post=19593"},{"taxonomy":"product_tag","embeddable":true,"href":"https:\/\/shop.allure.al\/en\/wp-json\/wp\/v2\/product_tag?post=19593"}],"curies":[{"name":"wp","href":"https:\/\/api.w.org\/{rel}","templated":true}]}}