{"id":19594,"date":"2026-02-17T17:48:14","date_gmt":"2026-02-17T16:48:14","guid":{"rendered":"https:\/\/shop.allure.al\/?post_type=product&#038;p=19594"},"modified":"2026-02-26T00:42:42","modified_gmt":"2026-02-25T23:42:42","slug":"golden-time-expert-cream","status":"publish","type":"product","link":"https:\/\/shop.allure.al\/en\/product\/golden-time-expert-cream\/","title":{"rendered":"Golden Time Expert Cream"},"content":{"rendered":"<p>Ronas Golden Time Expert Cream \u00ebsht\u00eb dizajnuar si nj\u00eb ritual bukurie q\u00eb rikthen koh\u00ebn prapa. Nj\u00eb formul\u00eb inteligjente, e zhvilluar n\u00eb nivel biomimetik, q\u00eb bashkon teknologjit\u00eb m\u00eb t\u00eb avancuara rigjeneruese me nj\u00eb tekstur\u00eb t\u00eb pasur, sensoriale dhe luks t\u00eb but\u00eb. Ky krem vepron n\u00eb thell\u00ebsi p\u00ebr t\u00eb rikthyer elasticitetin, densitetin dhe vitalitetin e l\u00ebkur\u00ebs \u2014 duke e shnd\u00ebrruar \u00e7do aplikim n\u00eb nj\u00eb moment t\u00eb art\u00eb p\u00ebr mir\u00ebqenien e saj.<\/p>\n<p>N\u00eb qend\u00ebr t\u00eb formul\u00ebs ndodhen peptidet e p\u00ebrdit\u00ebsimit qelizor, kolagjeni i hidrolizuar, ceramidet forcuese, niacinamide, si dhe antioksidant\u00eb t\u00eb avancuar q\u00eb mbrojn\u00eb barrier\u00ebn e l\u00ebkur\u00ebs nga stresi oksidativ, inflamacioni kronik dhe faktor\u00ebt e plakjes s\u00eb p\u00ebrshpejtuar. Fragmentet e Artrit t\u00eb mikronizuar sjellin nj\u00eb efekt brightening elegant dhe rrisin mikrocirkulacionin, duke i dh\u00ebn\u00eb l\u00ebkur\u00ebs nj\u00eb shk\u00eblqim t\u00eb ngroht\u00eb, t\u00eb past\u00ebr dhe ultra-natyral \u2014 nj\u00eb ndri\u00e7im q\u00eb duket sikur vjen nga brenda.<\/p>\n<p>Tekstura e k\u00ebtij kremi \u00ebsht\u00eb jasht\u00ebzakonisht e but\u00eb, me nj\u00eb ndjesi kremoze q\u00eb shkrihet n\u00eb sekond\u00eb sapo prek l\u00ebkur\u00ebn. Formula \u00ebsht\u00eb projektuar t\u00eb imitoj\u00eb lipidet natyrale t\u00eb epiderm\u00ebs, duke u integruar pa pesh\u00eb dhe duke krijuar nj\u00eb shtres\u00eb t\u00eb holl\u00eb mbrojt\u00ebse q\u00eb mban hidratimin p\u00ebr 24 or\u00eb. L\u00ebkura b\u00ebhet m\u00eb e fort\u00eb, m\u00eb elastike dhe duksh\u00ebm m\u00eb e qet\u00eb, nd\u00ebrsa vij\u00ebzat e im\u00ebta dhe rrudhat zbuten me kalimin e dit\u00ebve.<\/p>\n<p>Kjo krem p\u00ebrfaq\u00ebson filozofin\u00eb moderne t\u00eb \u201cluksit t\u00eb heshtur\u201d: rezultate t\u00eb fuqishme, t\u00eb padukshme vizualisht n\u00eb tekstur\u00eb, por t\u00eb prekshme n\u00eb \u00e7do reflektim t\u00eb l\u00ebkur\u00ebs. Nj\u00eb krem i krijuar p\u00ebr grat\u00eb dhe burrat q\u00eb k\u00ebrkojn\u00eb jo thjesht hidratim, por transformim \u2014 nj\u00eb trajtim q\u00eb p\u00ebrqafon l\u00ebkur\u00ebn me kujdes t\u00eb q\u00ebndruesh\u00ebm, inteligjent dhe t\u00eb rafinuar shkencorisht.<\/p>\n","protected":false},"excerpt":{"rendered":"<p>Ronas Golden Time Expert Cream \u00ebsht\u00eb nj\u00eb krem rigjenerues premium, i formuluar p\u00ebr t\u00eb rikthyer elasticitetin, drit\u00ebn dhe densitetin e humbur t\u00eb l\u00ebkur\u00ebs. I pasur me peptide biomimetike, kolagjen t\u00eb hidrolizuar, ar t\u00eb mikronizuar dhe antioksidant\u00eb t\u00eb fuqish\u00ebm, ky krem vepron si nj\u00eb trajtim intensiv kund\u00ebr shenjave t\u00eb avancuara t\u00eb plakjes. Tekstura e tij kremoze shkrihet menj\u00ebher\u00eb n\u00eb l\u00ebkur\u00eb, duke e l\u00ebn\u00eb t\u00eb mbushur, t\u00eb fort\u00eb, t\u00eb but\u00eb dhe t\u00eb rinuar. L\u00ebkura fiton shk\u00eblqimin e saj t\u00eb art\u00eb\u2014t\u00eb sh\u00ebndetsh\u00ebm dhe t\u00eb rafinuar.<\/p>\n","protected":false},"featured_media":19070,"comment_status":"open","ping_status":"closed","template":"","meta":{"_acf_changed":false},"product_cat":[1418],"product_tag":[84,1028,1108],"class_list":{"0":"post-19594","1":"product","2":"type-product","3":"status-publish","4":"has-post-thumbnail","6":"product_cat-krem","7":"product_tag-normale","8":"product_tag-cream","9":"product_tag-ronas","10":"pa_brands-ronas","12":"first","13":"instock","14":"shipping-taxable","15":"purchasable","16":"product-type-simple","swatches":"rey-swatches","show_selected":""},"acf":[],"_links":{"self":[{"href":"https:\/\/shop.allure.al\/en\/wp-json\/wp\/v2\/product\/19594","targetHints":{"allow":["GET"]}}],"collection":[{"href":"https:\/\/shop.allure.al\/en\/wp-json\/wp\/v2\/product"}],"about":[{"href":"https:\/\/shop.allure.al\/en\/wp-json\/wp\/v2\/types\/product"}],"replies":[{"embeddable":true,"href":"https:\/\/shop.allure.al\/en\/wp-json\/wp\/v2\/comments?post=19594"}],"version-history":[{"count":1,"href":"https:\/\/shop.allure.al\/en\/wp-json\/wp\/v2\/product\/19594\/revisions"}],"predecessor-version":[{"id":19617,"href":"https:\/\/shop.allure.al\/en\/wp-json\/wp\/v2\/product\/19594\/revisions\/19617"}],"wp:featuredmedia":[{"embeddable":true,"href":"https:\/\/shop.allure.al\/en\/wp-json\/wp\/v2\/media\/19070"}],"wp:attachment":[{"href":"https:\/\/shop.allure.al\/en\/wp-json\/wp\/v2\/media?parent=19594"}],"wp:term":[{"taxonomy":"product_cat","embeddable":true,"href":"https:\/\/shop.allure.al\/en\/wp-json\/wp\/v2\/product_cat?post=19594"},{"taxonomy":"product_tag","embeddable":true,"href":"https:\/\/shop.allure.al\/en\/wp-json\/wp\/v2\/product_tag?post=19594"}],"curies":[{"name":"wp","href":"https:\/\/api.w.org\/{rel}","templated":true}]}}