{"id":19595,"date":"2026-02-17T17:48:14","date_gmt":"2026-02-17T16:48:14","guid":{"rendered":"https:\/\/shop.allure.al\/?post_type=product&#038;p=19595"},"modified":"2026-02-26T00:43:20","modified_gmt":"2026-02-25T23:43:20","slug":"grain-rice-foam","status":"publish","type":"product","link":"https:\/\/shop.allure.al\/en\/product\/grain-rice-foam\/","title":{"rendered":"Grain Rice Foam"},"content":{"rendered":"<p>Merikit Grain Rice Foam Cleanser \u00ebsht\u00eb nj\u00eb pastrues delikat por i fuqish\u00ebm, i formuluar me vitamin\u00eb C, E dhe ekstrakt orizi, p\u00ebr t\u2019i dh\u00ebn\u00eb l\u00ebkur\u00ebs ndri\u00e7im, ekuilib\u00ebr dhe nj\u00eb tekstur\u00eb t\u00eb but\u00eb m\u00ebndafshi. Ky lares vepron si nj\u00eb ritual i kujdesit t\u00eb l\u00ebkur\u00ebs q\u00eb zbulon shk\u00eblqimin e saj natyral duke hequr n\u00eb m\u00ebnyr\u00eb efektive papast\u00ebrtit\u00eb, vajrat e tep\u00ebrt dhe mbetjet e make-up-it, pa e thar\u00eb apo irrituar.<\/p>\n<p>Ekstrakti i orizit njihet p\u00ebr vetit\u00eb e tij zbut\u00ebse dhe ushqyese, duke ndihmuar n\u00eb rigjenerimin e barrier\u00ebs natyrale t\u00eb l\u00ebkur\u00ebs dhe n\u00eb p\u00ebrmir\u00ebsimin e tonit t\u00eb saj. Nd\u00ebrsa vitamina C ndihmon n\u00eb zbardhjen e njollave pigmentare, stimulon prodhimin e kolagjenit dhe ofron mbrojtje antioksiduese kund\u00ebr stresit oksidativ dhe ndotjes mjedisore.<\/p>\n<p>Formula \u00ebsht\u00eb e pasuruar gjithashtu me p\u00ebrb\u00ebr\u00ebs si ekstrakt drithi, aminoacide, niacinamide dhe acid hialuronik, t\u00eb cil\u00ebt mb\u00ebshtesin elasticitetin dhe lag\u00ebshtin\u00eb natyrale t\u00eb l\u00ebkur\u00ebs. Pas \u00e7do p\u00ebrdorimi, l\u00ebkura ndihet e past\u00ebr, e fresk\u00ebt, dhe e ndri\u00e7uar \u2013 me nj\u00eb ndjesi t\u00eb thell\u00eb mir\u00ebqenieje q\u00eb vet\u00ebm nj\u00eb pastrim me p\u00ebrb\u00ebr\u00ebs natyral\u00eb mund t\u00eb jap\u00eb.<\/p>\n<p>Ky pastrues \u00ebsht\u00eb ideal p\u00ebr ata q\u00eb k\u00ebrkojn\u00eb nj\u00eb produkt t\u00eb but\u00eb, por me efekt t\u00eb duksh\u00ebm transformues, q\u00eb ndihmon n\u00eb unifikimin e tonit t\u00eb l\u00ebkur\u00ebs dhe n\u00eb p\u00ebrmir\u00ebsimin e shk\u00eblqimit ditor.<\/p>\n","protected":false},"excerpt":{"rendered":"<p>Nj\u00eb pastrues luksoz me vitamin\u00eb C , E dhe ekstrakt orizi, q\u00eb zbut, ndri\u00e7on dhe pastron n\u00eb m\u00ebnyr\u00eb t\u00eb but\u00eb l\u00ebkur\u00ebn. I pasur me p\u00ebrb\u00ebr\u00ebs ushqyes dhe antioksidant\u00eb, Grain Rice Foam l\u00eb l\u00ebkur\u00ebn t\u00eb fresk\u00ebt, t\u00eb hidratuar dhe me nj\u00eb shk\u00eblqim natyral.<\/p>\n","protected":false},"featured_media":19107,"comment_status":"open","ping_status":"closed","template":"","meta":{"_acf_changed":false},"product_cat":[250],"product_tag":[82,106,1033,1034],"class_list":{"0":"post-19595","1":"product","2":"type-product","3":"status-publish","4":"has-post-thumbnail","6":"product_cat-lares","7":"product_tag-me-rrudha","8":"product_tag-pa-shkelqim","9":"product_tag-merikit","10":"product_tag-lares","11":"pa_brands-merikit","13":"first","14":"instock","15":"shipping-taxable","16":"purchasable","17":"product-type-simple","swatches":"rey-swatches","show_selected":""},"acf":[],"_links":{"self":[{"href":"https:\/\/shop.allure.al\/en\/wp-json\/wp\/v2\/product\/19595","targetHints":{"allow":["GET"]}}],"collection":[{"href":"https:\/\/shop.allure.al\/en\/wp-json\/wp\/v2\/product"}],"about":[{"href":"https:\/\/shop.allure.al\/en\/wp-json\/wp\/v2\/types\/product"}],"replies":[{"embeddable":true,"href":"https:\/\/shop.allure.al\/en\/wp-json\/wp\/v2\/comments?post=19595"}],"version-history":[{"count":2,"href":"https:\/\/shop.allure.al\/en\/wp-json\/wp\/v2\/product\/19595\/revisions"}],"predecessor-version":[{"id":19824,"href":"https:\/\/shop.allure.al\/en\/wp-json\/wp\/v2\/product\/19595\/revisions\/19824"}],"wp:featuredmedia":[{"embeddable":true,"href":"https:\/\/shop.allure.al\/en\/wp-json\/wp\/v2\/media\/19107"}],"wp:attachment":[{"href":"https:\/\/shop.allure.al\/en\/wp-json\/wp\/v2\/media?parent=19595"}],"wp:term":[{"taxonomy":"product_cat","embeddable":true,"href":"https:\/\/shop.allure.al\/en\/wp-json\/wp\/v2\/product_cat?post=19595"},{"taxonomy":"product_tag","embeddable":true,"href":"https:\/\/shop.allure.al\/en\/wp-json\/wp\/v2\/product_tag?post=19595"}],"curies":[{"name":"wp","href":"https:\/\/api.w.org\/{rel}","templated":true}]}}